{"id":9983,"date":"2024-06-24T11:37:57","date_gmt":"2024-06-24T09:37:57","guid":{"rendered":"https:\/\/www.etim.cat\/producte\/etim-el-syrah-solidario\/"},"modified":"2025-02-08T10:07:49","modified_gmt":"2025-02-08T09:07:49","slug":"etim-syrah","status":"publish","type":"product","link":"https:\/\/www.etim.cat\/es\/producte\/etim-syrah\/","title":{"rendered":"\u00c8TIM El Syrah"},"content":{"rendered":"<p><span style=\"font-weight: 400;\">Es un monovarietal elaborado exclusivamente con sir\u00e1, esta variedad no es t\u00edpica de nuestra zona, pero e ha integrado perfectamente con el territorio de la DO Montsant. <\/span><\/p>\n<p><span style=\"font-weight: 400;\"><strong>\u00c8TIM El Syrah<\/strong> est\u00e1 elaborado con sir\u00e1 de vi\u00f1edos que tienen el mejor rendimiento, y siempre se vendimia a mano.<\/span><\/p>\n<p>Es un vino para los amantes del buen vino, pero que buscan alguna cosa m\u00e1s. Cuando lo pruebes ver\u00e1s que es muy diferente a lo que est\u00e1s acostumbrado.<\/p>\n<p>Catarlo es una verdadera experiencia: notar\u00e1s que es muy arm\u00f3nico y potente, con perfumes intensos que se extienden lentamente.<\/p>\n<p>&nbsp;<\/p>\n","protected":false},"excerpt":{"rendered":"<p>Elaborado con el syrah de vi\u00f1edos viejos que tienen mejor rendimiento, y siempre se vendimia a mano. Es un vino para los amantes del buen vino, pero que buscan alguna cosa m\u00e1s.<\/p>\n","protected":false},"featured_media":21985,"comment_status":"open","ping_status":"closed","template":"","meta":[],"product_brand":[],"product_cat":[121],"product_tag":[134],"tipus-de-producte":[127],"gamma-de-producte":[29],"presentacio":[84],"class_list":{"0":"post-9983","1":"product","2":"type-product","3":"status-publish","4":"has-post-thumbnail","6":"product_cat-vino","7":"product_tag-inicio","8":"tipus-de-producte-vino-tinto","9":"gamma-de-producte-etim","10":"presentacio-vi","12":"first","13":"instock","14":"shipping-taxable","15":"purchasable","16":"product-type-simple"},"aioseo_notices":[],"_links":{"self":[{"href":"https:\/\/www.etim.cat\/es\/wp-json\/wp\/v2\/product\/9983","targetHints":{"allow":["GET"]}}],"collection":[{"href":"https:\/\/www.etim.cat\/es\/wp-json\/wp\/v2\/product"}],"about":[{"href":"https:\/\/www.etim.cat\/es\/wp-json\/wp\/v2\/types\/product"}],"replies":[{"embeddable":true,"href":"https:\/\/www.etim.cat\/es\/wp-json\/wp\/v2\/comments?post=9983"}],"version-history":[{"count":2,"href":"https:\/\/www.etim.cat\/es\/wp-json\/wp\/v2\/product\/9983\/revisions"}],"predecessor-version":[{"id":22145,"href":"https:\/\/www.etim.cat\/es\/wp-json\/wp\/v2\/product\/9983\/revisions\/22145"}],"wp:featuredmedia":[{"embeddable":true,"href":"https:\/\/www.etim.cat\/es\/wp-json\/wp\/v2\/media\/21985"}],"wp:attachment":[{"href":"https:\/\/www.etim.cat\/es\/wp-json\/wp\/v2\/media?parent=9983"}],"wp:term":[{"taxonomy":"product_brand","embeddable":true,"href":"https:\/\/www.etim.cat\/es\/wp-json\/wp\/v2\/product_brand?post=9983"},{"taxonomy":"product_cat","embeddable":true,"href":"https:\/\/www.etim.cat\/es\/wp-json\/wp\/v2\/product_cat?post=9983"},{"taxonomy":"product_tag","embeddable":true,"href":"https:\/\/www.etim.cat\/es\/wp-json\/wp\/v2\/product_tag?post=9983"},{"taxonomy":"tipus-de-producte","embeddable":true,"href":"https:\/\/www.etim.cat\/es\/wp-json\/wp\/v2\/tipus-de-producte?post=9983"},{"taxonomy":"gamma-de-producte","embeddable":true,"href":"https:\/\/www.etim.cat\/es\/wp-json\/wp\/v2\/gamma-de-producte?post=9983"},{"taxonomy":"presentacio","embeddable":true,"href":"https:\/\/www.etim.cat\/es\/wp-json\/wp\/v2\/presentacio?post=9983"}],"curies":[{"name":"wp","href":"https:\/\/api.w.org\/{rel}","templated":true}]}}