{"id":9979,"date":"2023-08-22T16:35:41","date_gmt":"2023-08-22T14:35:41","guid":{"rendered":"https:\/\/www.etim.cat\/producte\/aceite-de-oliva-virgen-extra-etim-botella-75-cl\/"},"modified":"2025-10-23T11:44:01","modified_gmt":"2025-10-23T09:44:01","slug":"oli-doliva-verge-extra-etim-ampolla-75-cl","status":"publish","type":"product","link":"https:\/\/www.etim.cat\/es\/producte\/oli-doliva-verge-extra-etim-ampolla-75-cl\/","title":{"rendered":"Aceite de Oliva Virgen Extra \u00c8TIM botella 75 cl"},"content":{"rendered":"<p><span style=\"font-weight: 400;\">Lo que hace especial<\/span> <b>el aceite de oliva virgen extra \u00c8TIM<\/b> <span style=\"font-weight: 400;\">es el lugar en el que nace, su proceso de elaboraci\u00f3n y la tradici\u00f3n que hay detr\u00e1s.<\/span><\/p>\n<p><span style=\"font-weight: 400;\">La variedad <strong>arbequina<\/strong> es considerada una de las mejores del mundo, tanto por la cantidad de producci\u00f3n como por la calidad del aceite que se extrae. <\/span><span style=\"font-weight: 400;\">Nuestro aceite se elabora a partir de esta variedad. Es resistente y se adapta a diferentes condiciones de clima y suelo. <\/span><\/p>\n<p><span style=\"font-weight: 400;\">Es un aceite obtenido por procedimientos mec\u00e1nicos, no qu\u00edmicos, por lo tanto conserva todas sus propiedades, especialmente de sabor y aromas.<\/span><\/p>\n<p><span style=\"font-weight: 400;\">El aceite de oliva virgen extra no caduca, aunque, si no se conserva adecuadamente, pierde el gusto y las propiedades. <\/span><\/p>\n<p>\u00bfQuieres saber consejos para evitar malgastar el aceite de oliva virgen extra y que te dure m\u00e1s tiempo en perfecto estado, recetas y muchos m\u00e1s? <a href=\"https:\/\/www.etim.cat\/blog\/\">\u00a1lee en nuestro blog<\/a> los art\u00edculos sobre el aceite de oliva virgen extra \u00c8TIM que te hemos preparado!<\/p>\n<p>&nbsp;<\/p>\n","protected":false},"excerpt":{"rendered":"<p>Aceite de oliva virgen extra en formato botella de 75 cl, perfecto para transportar y ali\u00f1ar un plato e incluso para cocinar. \u00a1Hecho con procesos mec\u00e1nicos con un sabor inigualable!<\/p>\n","protected":false},"featured_media":15038,"comment_status":"open","ping_status":"closed","template":"","meta":[],"product_brand":[],"product_cat":[115],"product_tag":[],"tipus-de-producte":[152],"gamma-de-producte":[29],"presentacio":[85],"class_list":{"0":"post-9979","1":"product","2":"type-product","3":"status-publish","4":"has-post-thumbnail","6":"product_cat-aceite-etim","7":"tipus-de-producte-botella-de-aceite","8":"gamma-de-producte-etim","9":"presentacio-oli","11":"first","12":"instock","13":"shipping-taxable","14":"purchasable","15":"product-type-simple"},"aioseo_notices":[],"_links":{"self":[{"href":"https:\/\/www.etim.cat\/es\/wp-json\/wp\/v2\/product\/9979","targetHints":{"allow":["GET"]}}],"collection":[{"href":"https:\/\/www.etim.cat\/es\/wp-json\/wp\/v2\/product"}],"about":[{"href":"https:\/\/www.etim.cat\/es\/wp-json\/wp\/v2\/types\/product"}],"replies":[{"embeddable":true,"href":"https:\/\/www.etim.cat\/es\/wp-json\/wp\/v2\/comments?post=9979"}],"version-history":[{"count":2,"href":"https:\/\/www.etim.cat\/es\/wp-json\/wp\/v2\/product\/9979\/revisions"}],"predecessor-version":[{"id":25167,"href":"https:\/\/www.etim.cat\/es\/wp-json\/wp\/v2\/product\/9979\/revisions\/25167"}],"wp:featuredmedia":[{"embeddable":true,"href":"https:\/\/www.etim.cat\/es\/wp-json\/wp\/v2\/media\/15038"}],"wp:attachment":[{"href":"https:\/\/www.etim.cat\/es\/wp-json\/wp\/v2\/media?parent=9979"}],"wp:term":[{"taxonomy":"product_brand","embeddable":true,"href":"https:\/\/www.etim.cat\/es\/wp-json\/wp\/v2\/product_brand?post=9979"},{"taxonomy":"product_cat","embeddable":true,"href":"https:\/\/www.etim.cat\/es\/wp-json\/wp\/v2\/product_cat?post=9979"},{"taxonomy":"product_tag","embeddable":true,"href":"https:\/\/www.etim.cat\/es\/wp-json\/wp\/v2\/product_tag?post=9979"},{"taxonomy":"tipus-de-producte","embeddable":true,"href":"https:\/\/www.etim.cat\/es\/wp-json\/wp\/v2\/tipus-de-producte?post=9979"},{"taxonomy":"gamma-de-producte","embeddable":true,"href":"https:\/\/www.etim.cat\/es\/wp-json\/wp\/v2\/gamma-de-producte?post=9979"},{"taxonomy":"presentacio","embeddable":true,"href":"https:\/\/www.etim.cat\/es\/wp-json\/wp\/v2\/presentacio?post=9979"}],"curies":[{"name":"wp","href":"https:\/\/api.w.org\/{rel}","templated":true}]}}