{"id":9964,"date":"2025-03-02T12:00:51","date_gmt":"2025-03-02T11:00:51","guid":{"rendered":"https:\/\/www.etim.cat\/producte\/cheque-regalo-enoturismo\/"},"modified":"2025-12-13T10:07:49","modified_gmt":"2025-12-13T09:07:49","slug":"cheque-regalo-enoturismo","status":"publish","type":"product","link":"https:\/\/www.etim.cat\/es\/producte\/cheque-regalo-enoturismo\/","title":{"rendered":"Cheque regalo enoturismo"},"content":{"rendered":"<p>\u00bfNo sabes qu\u00e9 regalar? Te lo ponemos f\u00e1cil, regalar experiencias siempre es una buena opci\u00f3n, y si la experiencia incluye una cata de vinos mucho mejor. Te dejamos las experiencias m\u00e1s solicitadas para que las puedas compartir con aquellos que m\u00e1s quieres. Escoge una de las siguientes opciones. <strong>Visita guiada &#8211; 12 \u20ac: <\/strong>La visita para los amantes del vino, conoce la arquitectura de C\u00e8sar Martinell, el funcionamiento de la Cooperativa, la elaboraci\u00f3n de los vinos y todos sus secretos, terminando de la mejor manera posible, con una cata de vermut i tres vinos. <strong>Disponible de lunes a s\u00e1bado a las 12h.<\/strong><strong>Maridaje Sol y Serena &#8211; 30 \u20ac: <\/strong>La visita para los m\u00e1s gourmets, una visita guiada por la Cooperativa modernista con una cata de vinos maridados con quesos, \u00abcoca en recapte\u00bb y un dulce t\u00edpico de Falset. <strong>Disponibilidad siempre que es reserve con 48h de antelaci\u00f3n.<\/strong><strong>Visita Premium &#8211; 20 \u20ac: <\/strong>La visita para los m\u00e1s wine lovers, visita a la catedral del vino, conoce todos los secretos de la elaboraci\u00f3n de los vinos de gama alta, y para terminar completa tu experiencia con una cata de dos vermuts y tres de los vinos de gama alta de la cooperativa.  <strong>Disponible domingos a las 11h.<\/strong> <em>*Los precios son por persona.<\/em><\/p>\n","protected":false},"excerpt":{"rendered":"<p>Escoge el regalo perfecto con este cheque regalo con el que la persona que t\u00fa desees podr\u00e1 vivir una experiencia \u00fanica e inigualable en el mundo del vino, incluye una visita en la bodega y una cata de vinos.<\/p>\n","protected":false},"featured_media":25933,"comment_status":"closed","ping_status":"closed","template":"","meta":[],"product_brand":[],"product_cat":[113,117],"product_tag":[],"tipus-de-producte":[],"gamma-de-producte":[],"presentacio":[86],"class_list":{"0":"post-9964","1":"product","2":"type-product","3":"status-publish","4":"has-post-thumbnail","6":"product_cat-enoturismo","7":"product_cat-regalos-y-otros","8":"presentacio-altres-productes","10":"first","11":"instock","12":"shipping-taxable","13":"purchasable","14":"product-type-variable"},"aioseo_notices":[],"_links":{"self":[{"href":"https:\/\/www.etim.cat\/es\/wp-json\/wp\/v2\/product\/9964","targetHints":{"allow":["GET"]}}],"collection":[{"href":"https:\/\/www.etim.cat\/es\/wp-json\/wp\/v2\/product"}],"about":[{"href":"https:\/\/www.etim.cat\/es\/wp-json\/wp\/v2\/types\/product"}],"replies":[{"embeddable":true,"href":"https:\/\/www.etim.cat\/es\/wp-json\/wp\/v2\/comments?post=9964"}],"version-history":[{"count":1,"href":"https:\/\/www.etim.cat\/es\/wp-json\/wp\/v2\/product\/9964\/revisions"}],"predecessor-version":[{"id":20178,"href":"https:\/\/www.etim.cat\/es\/wp-json\/wp\/v2\/product\/9964\/revisions\/20178"}],"wp:featuredmedia":[{"embeddable":true,"href":"https:\/\/www.etim.cat\/es\/wp-json\/wp\/v2\/media\/25933"}],"wp:attachment":[{"href":"https:\/\/www.etim.cat\/es\/wp-json\/wp\/v2\/media?parent=9964"}],"wp:term":[{"taxonomy":"product_brand","embeddable":true,"href":"https:\/\/www.etim.cat\/es\/wp-json\/wp\/v2\/product_brand?post=9964"},{"taxonomy":"product_cat","embeddable":true,"href":"https:\/\/www.etim.cat\/es\/wp-json\/wp\/v2\/product_cat?post=9964"},{"taxonomy":"product_tag","embeddable":true,"href":"https:\/\/www.etim.cat\/es\/wp-json\/wp\/v2\/product_tag?post=9964"},{"taxonomy":"tipus-de-producte","embeddable":true,"href":"https:\/\/www.etim.cat\/es\/wp-json\/wp\/v2\/tipus-de-producte?post=9964"},{"taxonomy":"gamma-de-producte","embeddable":true,"href":"https:\/\/www.etim.cat\/es\/wp-json\/wp\/v2\/gamma-de-producte?post=9964"},{"taxonomy":"presentacio","embeddable":true,"href":"https:\/\/www.etim.cat\/es\/wp-json\/wp\/v2\/presentacio?post=9964"}],"curies":[{"name":"wp","href":"https:\/\/api.w.org\/{rel}","templated":true}]}}