{"id":9963,"date":"2025-09-27T06:55:43","date_gmt":"2025-09-27T04:55:43","guid":{"rendered":"https:\/\/www.etim.cat\/producte\/visita-premium-2\/"},"modified":"2025-09-22T13:54:38","modified_gmt":"2025-09-22T11:54:38","slug":"visita-premium","status":"publish","type":"product","link":"https:\/\/www.etim.cat\/es\/producte\/visita-premium\/","title":{"rendered":"Visita Premium"},"content":{"rendered":"<p>Una cata de nuestros productos de <strong>gama m\u00e1s alta<\/strong>, podr\u00e9is degustar los <strong>Vermuts blanco y tinto, los vinos de autor Esparver Blanc y Esparver Negre de Eric Lahon y \u00c8TIM El Syrah<\/strong>. En esta visita conocer\u00e9is los detalles arquitect\u00f3nicos del edificio dise\u00f1ado por <strong>C\u00e9sar Martinell<\/strong>, y como elaboramos nuestros vinos m\u00e1s exclusivos. Descubre los detalles de la gama alta de la Cooperativa Falset Mar\u00e7\u00e0.<\/p>\n<p style=\"text-align: center;\">&#8212;&#8212;&#8212;&#8212;&#8212;&#8212;&#8212;&#8212;&#8212;&#8212;&#8212;&#8212;&#8212;&#8212;&#8212;&#8212;&#8212;&#8212;&#8212;&#8212;&#8212;&#8212;&#8212;&#8212;&#8212;&#8212;&#8212;&#8212;&#8212;&#8212;&#8212;&#8212;&#8212;&#8212;&#8211;<\/p>\n<p>&nbsp;<\/p>\n","protected":false},"excerpt":{"rendered":"<p>Descubre y disfruta de los vinos de gama alta \u00c8TIM, adem\u00e1s de los detalles del emblem\u00e1tico edificio de la bodega, dise\u00f1ada por C\u00e8sar Martinell.<\/p>\n","protected":false},"featured_media":4727,"comment_status":"open","ping_status":"closed","template":"","meta":[],"product_brand":[],"product_cat":[113],"product_tag":[],"tipus-de-producte":[],"gamma-de-producte":[],"presentacio":[],"class_list":{"0":"post-9963","1":"product","2":"type-product","3":"status-publish","4":"has-post-thumbnail","6":"product_cat-enoturismo","8":"first","9":"instock","10":"virtual","11":"sold-individually","12":"purchasable","13":"product-type-booking"},"aioseo_notices":[],"_links":{"self":[{"href":"https:\/\/www.etim.cat\/es\/wp-json\/wp\/v2\/product\/9963","targetHints":{"allow":["GET"]}}],"collection":[{"href":"https:\/\/www.etim.cat\/es\/wp-json\/wp\/v2\/product"}],"about":[{"href":"https:\/\/www.etim.cat\/es\/wp-json\/wp\/v2\/types\/product"}],"replies":[{"embeddable":true,"href":"https:\/\/www.etim.cat\/es\/wp-json\/wp\/v2\/comments?post=9963"}],"version-history":[{"count":3,"href":"https:\/\/www.etim.cat\/es\/wp-json\/wp\/v2\/product\/9963\/revisions"}],"predecessor-version":[{"id":23707,"href":"https:\/\/www.etim.cat\/es\/wp-json\/wp\/v2\/product\/9963\/revisions\/23707"}],"wp:featuredmedia":[{"embeddable":true,"href":"https:\/\/www.etim.cat\/es\/wp-json\/wp\/v2\/media\/4727"}],"wp:attachment":[{"href":"https:\/\/www.etim.cat\/es\/wp-json\/wp\/v2\/media?parent=9963"}],"wp:term":[{"taxonomy":"product_brand","embeddable":true,"href":"https:\/\/www.etim.cat\/es\/wp-json\/wp\/v2\/product_brand?post=9963"},{"taxonomy":"product_cat","embeddable":true,"href":"https:\/\/www.etim.cat\/es\/wp-json\/wp\/v2\/product_cat?post=9963"},{"taxonomy":"product_tag","embeddable":true,"href":"https:\/\/www.etim.cat\/es\/wp-json\/wp\/v2\/product_tag?post=9963"},{"taxonomy":"tipus-de-producte","embeddable":true,"href":"https:\/\/www.etim.cat\/es\/wp-json\/wp\/v2\/tipus-de-producte?post=9963"},{"taxonomy":"gamma-de-producte","embeddable":true,"href":"https:\/\/www.etim.cat\/es\/wp-json\/wp\/v2\/gamma-de-producte?post=9963"},{"taxonomy":"presentacio","embeddable":true,"href":"https:\/\/www.etim.cat\/es\/wp-json\/wp\/v2\/presentacio?post=9963"}],"curies":[{"name":"wp","href":"https:\/\/api.w.org\/{rel}","templated":true}]}}