{"id":7698,"date":"2024-06-28T10:41:41","date_gmt":"2024-06-28T08:41:41","guid":{"rendered":"https:\/\/www.etim.cat\/producte\/etim-sinestesic-ranci-2\/"},"modified":"2026-02-20T17:06:13","modified_gmt":"2026-02-20T16:06:13","slug":"etim-sinestesic-rancio","status":"publish","type":"product","link":"https:\/\/www.etim.cat\/es\/producte\/etim-sinestesic-rancio\/","title":{"rendered":"\u00c8TIM Sinest\u00e8sics Ranci"},"content":{"rendered":"<p>El vino Rancio es un gran ingrediente de la cocina mediterr\u00e1nea que usaban nuestras abuelas y bisabuelas. Un gran acompa\u00f1ante de las sobremesas, con el que podemos reconectar otra vez.<\/p>\n<p>Antiguamente nombrado vino de bota, o del rinc\u00f3n, o el rancio de casa, es el vino que se elaboraba en muchas casas de Catalu\u00f1a. Es genuinamente catal\u00e1n, ya que se elabora s\u00f3lo en Catalu\u00f1a. Desde Catalu\u00f1a norte hasta el Pa\u00eds Valenciano.<\/p>\n<p>Nuestro vino Ranci \u00c8TIM est\u00e1 elaborado con nuestras variedades reinas y las m\u00e1s representativas de nuestra casa y de toda la DO Montsant: <strong>garnacha y cari\u00f1ena.<\/strong><\/p>\n<p>La <strong>garnacha<\/strong> aporta una parte oxidativa y la <strong>cari\u00f1ena<\/strong> la parte reductiva, as\u00ed que son la pareja ideal para el <strong>vino Ranci \u00c8TIM<\/strong>.<\/p>\n<p>Marta, nuestra en\u00f3loga escoge las uvas de los agricultores que vengan de los terrenos con m\u00e1s insolaci\u00f3n y de d\u00f3nde la uva haya pasado m\u00e1s estr\u00e9s h\u00eddrico (que la planta haya pasado sed), por la alta concentraci\u00f3n de azucares.<\/p>\n<p>El terreno d\u00f3nde est\u00e1n plantados tambi\u00e9n juegan un papel importante ya que la diversidad de terrenos: sabl\u00f3n, llacorel, granito, calcario, dan m\u00e1s car\u00e1cter y identidad a la uva.<\/p>\n","protected":false},"excerpt":{"rendered":"<p>Sinest\u00e8sic Ranci es un vino elaborado con crianza oxidativa mediante el sistema de solera. Es un cupaje de garnacha y cari\u00f1ena. Su sabor recuerda al aroma de los frutos secos.<\/p>\n","protected":false},"featured_media":22874,"comment_status":"open","ping_status":"closed","template":"","meta":[],"product_brand":[],"product_cat":[121],"product_tag":[134],"tipus-de-producte":[126],"gamma-de-producte":[29],"presentacio":[84],"class_list":{"0":"post-7698","1":"product","2":"type-product","3":"status-publish","4":"has-post-thumbnail","6":"product_cat-vino","7":"product_tag-inicio","8":"tipus-de-producte-vino-generoso","9":"gamma-de-producte-etim","10":"presentacio-vi","12":"first","13":"instock","14":"shipping-taxable","15":"purchasable","16":"product-type-simple"},"aioseo_notices":[],"_links":{"self":[{"href":"https:\/\/www.etim.cat\/es\/wp-json\/wp\/v2\/product\/7698","targetHints":{"allow":["GET"]}}],"collection":[{"href":"https:\/\/www.etim.cat\/es\/wp-json\/wp\/v2\/product"}],"about":[{"href":"https:\/\/www.etim.cat\/es\/wp-json\/wp\/v2\/types\/product"}],"replies":[{"embeddable":true,"href":"https:\/\/www.etim.cat\/es\/wp-json\/wp\/v2\/comments?post=7698"}],"version-history":[{"count":2,"href":"https:\/\/www.etim.cat\/es\/wp-json\/wp\/v2\/product\/7698\/revisions"}],"predecessor-version":[{"id":20539,"href":"https:\/\/www.etim.cat\/es\/wp-json\/wp\/v2\/product\/7698\/revisions\/20539"}],"wp:featuredmedia":[{"embeddable":true,"href":"https:\/\/www.etim.cat\/es\/wp-json\/wp\/v2\/media\/22874"}],"wp:attachment":[{"href":"https:\/\/www.etim.cat\/es\/wp-json\/wp\/v2\/media?parent=7698"}],"wp:term":[{"taxonomy":"product_brand","embeddable":true,"href":"https:\/\/www.etim.cat\/es\/wp-json\/wp\/v2\/product_brand?post=7698"},{"taxonomy":"product_cat","embeddable":true,"href":"https:\/\/www.etim.cat\/es\/wp-json\/wp\/v2\/product_cat?post=7698"},{"taxonomy":"product_tag","embeddable":true,"href":"https:\/\/www.etim.cat\/es\/wp-json\/wp\/v2\/product_tag?post=7698"},{"taxonomy":"tipus-de-producte","embeddable":true,"href":"https:\/\/www.etim.cat\/es\/wp-json\/wp\/v2\/tipus-de-producte?post=7698"},{"taxonomy":"gamma-de-producte","embeddable":true,"href":"https:\/\/www.etim.cat\/es\/wp-json\/wp\/v2\/gamma-de-producte?post=7698"},{"taxonomy":"presentacio","embeddable":true,"href":"https:\/\/www.etim.cat\/es\/wp-json\/wp\/v2\/presentacio?post=7698"}],"curies":[{"name":"wp","href":"https:\/\/api.w.org\/{rel}","templated":true}]}}