{"id":7697,"date":"2022-02-07T13:12:20","date_gmt":"2022-02-07T12:12:20","guid":{"rendered":"https:\/\/www.etim.cat\/producte\/abridor-etim\/"},"modified":"2024-09-02T13:10:12","modified_gmt":"2024-09-02T11:10:12","slug":"abridor-etim","status":"publish","type":"product","link":"https:\/\/www.etim.cat\/es\/producte\/abridor-etim\/","title":{"rendered":"Abridor \u00c9TIMO, para botellas de vino"},"content":{"rendered":"<p>Abridor de vino \u00c8TIM.<\/p>\n","protected":false},"excerpt":{"rendered":"<p>\u00a1El abridor \u00c8TIM es una herramienta indispensable que todo amante del vino deber\u00eda tener, te acompa\u00f1ar\u00e1 all\u00e1 donde bayas y podr\u00e1s abrir todas las botellas de vino que desees!<\/p>\n","protected":false},"featured_media":15974,"comment_status":"open","ping_status":"closed","template":"","meta":[],"product_brand":[],"product_cat":[117],"product_tag":[],"tipus-de-producte":[164,150],"gamma-de-producte":[29],"presentacio":[86],"class_list":{"0":"post-7697","1":"product","2":"type-product","3":"status-publish","4":"has-post-thumbnail","6":"product_cat-regalos-y-otros","7":"tipus-de-producte-abridores-y-otros","8":"tipus-de-producte-accesorios","9":"gamma-de-producte-etim","10":"presentacio-altres-productes","12":"first","13":"instock","14":"shipping-taxable","15":"purchasable","16":"product-type-simple"},"aioseo_notices":[],"_links":{"self":[{"href":"https:\/\/www.etim.cat\/es\/wp-json\/wp\/v2\/product\/7697","targetHints":{"allow":["GET"]}}],"collection":[{"href":"https:\/\/www.etim.cat\/es\/wp-json\/wp\/v2\/product"}],"about":[{"href":"https:\/\/www.etim.cat\/es\/wp-json\/wp\/v2\/types\/product"}],"replies":[{"embeddable":true,"href":"https:\/\/www.etim.cat\/es\/wp-json\/wp\/v2\/comments?post=7697"}],"version-history":[{"count":1,"href":"https:\/\/www.etim.cat\/es\/wp-json\/wp\/v2\/product\/7697\/revisions"}],"predecessor-version":[{"id":20260,"href":"https:\/\/www.etim.cat\/es\/wp-json\/wp\/v2\/product\/7697\/revisions\/20260"}],"wp:featuredmedia":[{"embeddable":true,"href":"https:\/\/www.etim.cat\/es\/wp-json\/wp\/v2\/media\/15974"}],"wp:attachment":[{"href":"https:\/\/www.etim.cat\/es\/wp-json\/wp\/v2\/media?parent=7697"}],"wp:term":[{"taxonomy":"product_brand","embeddable":true,"href":"https:\/\/www.etim.cat\/es\/wp-json\/wp\/v2\/product_brand?post=7697"},{"taxonomy":"product_cat","embeddable":true,"href":"https:\/\/www.etim.cat\/es\/wp-json\/wp\/v2\/product_cat?post=7697"},{"taxonomy":"product_tag","embeddable":true,"href":"https:\/\/www.etim.cat\/es\/wp-json\/wp\/v2\/product_tag?post=7697"},{"taxonomy":"tipus-de-producte","embeddable":true,"href":"https:\/\/www.etim.cat\/es\/wp-json\/wp\/v2\/tipus-de-producte?post=7697"},{"taxonomy":"gamma-de-producte","embeddable":true,"href":"https:\/\/www.etim.cat\/es\/wp-json\/wp\/v2\/gamma-de-producte?post=7697"},{"taxonomy":"presentacio","embeddable":true,"href":"https:\/\/www.etim.cat\/es\/wp-json\/wp\/v2\/presentacio?post=7697"}],"curies":[{"name":"wp","href":"https:\/\/api.w.org\/{rel}","templated":true}]}}