{"id":7691,"date":"2024-06-25T10:13:35","date_gmt":"2024-06-25T08:13:35","guid":{"rendered":"https:\/\/www.etim.cat\/producte\/etim-el-viatge-2\/"},"modified":"2026-02-20T12:14:27","modified_gmt":"2026-02-20T11:14:27","slug":"etim-el-viatge","status":"publish","type":"product","link":"https:\/\/www.etim.cat\/es\/producte\/etim-el-viatge\/","title":{"rendered":"\u00c8TIM El Viatge"},"content":{"rendered":"<p>Es uno de los vinos m\u00e1s vendidos de la Cooperativa y con una larga trayectoria. Es un vino muy vers\u00e1til, un gran acompa\u00f1ante para tus momentos de desconexi\u00f3n y para tomarlo mientras disfrutas de un buen libro.<\/p>\n<p>Podr\u00edamos decir que es un vino que combina bien con platos de la cocina contempor\u00e1nea o de la cocina ex\u00f3tica con muchas especias.<\/p>\n<p>Es el aliado perfecto para carnes suaves y para pescados como el salm\u00f3n o el at\u00fan. As\u00ed que, ya sea para la comida de cada d\u00eda o para un d\u00eda en el que tengas ganas de vivir una aventura culinaria, <strong>\u00c8TIM El Viatge<\/strong> es el invitado ideal.<\/p>\n<p><strong>\u00a1Estas cal\u00e7otadas, brinda con \u00c8TIM El Viatge: compra 3 botellas y ll\u00e9vate de regalo un tap\u00f3n al vac\u00edo para que el vino te acompa\u00f1e hasta el \u00faltimo cal\u00e7ot!<br \/><\/strong><\/p>\n<p><!-- notionvc: 8cc72b4f-a4c7-4b09-b6b6-782ac1b918c0 --><\/p>\n","protected":false},"excerpt":{"rendered":"<p>\u00c8TIM El Viatge es un vino con una crianza de 6 a 8 meses en barricas de roble franc\u00e9s de 3r a\u00f1o y un cupaje de garnacha negra, cari\u00f1ena y sir\u00e1. Es perfecto para acompa\u00f1ar carne y pescado.<\/p>\n","protected":false},"featured_media":1290,"comment_status":"open","ping_status":"closed","template":"","meta":[],"product_brand":[],"product_cat":[121],"product_tag":[134],"tipus-de-producte":[127],"gamma-de-producte":[],"presentacio":[],"class_list":{"0":"post-7691","1":"product","2":"type-product","3":"status-publish","4":"has-post-thumbnail","6":"product_cat-vino","7":"product_tag-inicio","8":"tipus-de-producte-vino-tinto","10":"first","11":"instock","12":"shipping-taxable","13":"purchasable","14":"product-type-simple"},"aioseo_notices":[],"_links":{"self":[{"href":"https:\/\/www.etim.cat\/es\/wp-json\/wp\/v2\/product\/7691","targetHints":{"allow":["GET"]}}],"collection":[{"href":"https:\/\/www.etim.cat\/es\/wp-json\/wp\/v2\/product"}],"about":[{"href":"https:\/\/www.etim.cat\/es\/wp-json\/wp\/v2\/types\/product"}],"replies":[{"embeddable":true,"href":"https:\/\/www.etim.cat\/es\/wp-json\/wp\/v2\/comments?post=7691"}],"version-history":[{"count":2,"href":"https:\/\/www.etim.cat\/es\/wp-json\/wp\/v2\/product\/7691\/revisions"}],"predecessor-version":[{"id":26058,"href":"https:\/\/www.etim.cat\/es\/wp-json\/wp\/v2\/product\/7691\/revisions\/26058"}],"wp:featuredmedia":[{"embeddable":true,"href":"https:\/\/www.etim.cat\/es\/wp-json\/wp\/v2\/media\/1290"}],"wp:attachment":[{"href":"https:\/\/www.etim.cat\/es\/wp-json\/wp\/v2\/media?parent=7691"}],"wp:term":[{"taxonomy":"product_brand","embeddable":true,"href":"https:\/\/www.etim.cat\/es\/wp-json\/wp\/v2\/product_brand?post=7691"},{"taxonomy":"product_cat","embeddable":true,"href":"https:\/\/www.etim.cat\/es\/wp-json\/wp\/v2\/product_cat?post=7691"},{"taxonomy":"product_tag","embeddable":true,"href":"https:\/\/www.etim.cat\/es\/wp-json\/wp\/v2\/product_tag?post=7691"},{"taxonomy":"tipus-de-producte","embeddable":true,"href":"https:\/\/www.etim.cat\/es\/wp-json\/wp\/v2\/tipus-de-producte?post=7691"},{"taxonomy":"gamma-de-producte","embeddable":true,"href":"https:\/\/www.etim.cat\/es\/wp-json\/wp\/v2\/gamma-de-producte?post=7691"},{"taxonomy":"presentacio","embeddable":true,"href":"https:\/\/www.etim.cat\/es\/wp-json\/wp\/v2\/presentacio?post=7691"}],"curies":[{"name":"wp","href":"https:\/\/api.w.org\/{rel}","templated":true}]}}