{"id":7690,"date":"2024-06-21T10:23:49","date_gmt":"2024-06-21T08:23:49","guid":{"rendered":"https:\/\/www.etim.cat\/producte\/etim-lantull\/"},"modified":"2026-02-20T12:18:01","modified_gmt":"2026-02-20T11:18:01","slug":"etim-antull","status":"publish","type":"product","link":"https:\/\/www.etim.cat\/es\/producte\/etim-antull\/","title":{"rendered":"\u00c8TIM L&#8217;Antull"},"content":{"rendered":"<p>El \u00c8TIM L\u2019Antull est\u00e1 elaborado con las dos variedades blancas principales de la DO Montsant: la Garnacha blanca y el Macabeo.<\/p>\n<p>Vino blanco de color amarillo p\u00e1lido con reflejos dorados. Aromas de fruta blanca madura, c\u00edtricos y flor de azahar, con un toque de hierbas mediterr\u00e1neas y sutiles notas ahumadas. En boca es vivo y equilibrado, con buena acidez, volumen y un final persistente con recuerdos especiados.  <\/p>\n<p><strong>Para tus cal\u00e7otadas, d\u00e9jate llevar por \u00c8TIM L\u2019Antull: por la compra de 3 botellas, te regalamos un enfriador para que lo disfrutes siempre a la temperatura perfecta.<\/strong><\/p>\n","protected":false},"excerpt":{"rendered":"<p>\u00c8TIM L&#8217;Antull es un vino blanco con una crianza de 4 a 6 meses en barrica de roble franc\u00e9s y un coupage de Garnacha blanca y Macabeo. Perfecto para acompa\u00f1ar un buen sushi.<\/p>\n","protected":false},"featured_media":1293,"comment_status":"open","ping_status":"closed","template":"","meta":[],"product_brand":[],"product_cat":[121],"product_tag":[134],"tipus-de-producte":[123],"gamma-de-producte":[],"presentacio":[],"class_list":{"0":"post-7690","1":"product","2":"type-product","3":"status-publish","4":"has-post-thumbnail","6":"product_cat-vino","7":"product_tag-inicio","8":"tipus-de-producte-vino-blanco","10":"first","11":"instock","12":"shipping-taxable","13":"purchasable","14":"product-type-simple"},"aioseo_notices":[],"_links":{"self":[{"href":"https:\/\/www.etim.cat\/es\/wp-json\/wp\/v2\/product\/7690","targetHints":{"allow":["GET"]}}],"collection":[{"href":"https:\/\/www.etim.cat\/es\/wp-json\/wp\/v2\/product"}],"about":[{"href":"https:\/\/www.etim.cat\/es\/wp-json\/wp\/v2\/types\/product"}],"replies":[{"embeddable":true,"href":"https:\/\/www.etim.cat\/es\/wp-json\/wp\/v2\/comments?post=7690"}],"version-history":[{"count":2,"href":"https:\/\/www.etim.cat\/es\/wp-json\/wp\/v2\/product\/7690\/revisions"}],"predecessor-version":[{"id":26059,"href":"https:\/\/www.etim.cat\/es\/wp-json\/wp\/v2\/product\/7690\/revisions\/26059"}],"wp:featuredmedia":[{"embeddable":true,"href":"https:\/\/www.etim.cat\/es\/wp-json\/wp\/v2\/media\/1293"}],"wp:attachment":[{"href":"https:\/\/www.etim.cat\/es\/wp-json\/wp\/v2\/media?parent=7690"}],"wp:term":[{"taxonomy":"product_brand","embeddable":true,"href":"https:\/\/www.etim.cat\/es\/wp-json\/wp\/v2\/product_brand?post=7690"},{"taxonomy":"product_cat","embeddable":true,"href":"https:\/\/www.etim.cat\/es\/wp-json\/wp\/v2\/product_cat?post=7690"},{"taxonomy":"product_tag","embeddable":true,"href":"https:\/\/www.etim.cat\/es\/wp-json\/wp\/v2\/product_tag?post=7690"},{"taxonomy":"tipus-de-producte","embeddable":true,"href":"https:\/\/www.etim.cat\/es\/wp-json\/wp\/v2\/tipus-de-producte?post=7690"},{"taxonomy":"gamma-de-producte","embeddable":true,"href":"https:\/\/www.etim.cat\/es\/wp-json\/wp\/v2\/gamma-de-producte?post=7690"},{"taxonomy":"presentacio","embeddable":true,"href":"https:\/\/www.etim.cat\/es\/wp-json\/wp\/v2\/presentacio?post=7690"}],"curies":[{"name":"wp","href":"https:\/\/api.w.org\/{rel}","templated":true}]}}