{"id":7687,"date":"2025-03-03T10:00:24","date_gmt":"2025-03-03T09:00:24","guid":{"rendered":"https:\/\/www.etim.cat\/producte\/sol-y-serena\/"},"modified":"2024-09-02T13:07:43","modified_gmt":"2024-09-02T11:07:43","slug":"sol-y-serena","status":"publish","type":"product","link":"https:\/\/www.etim.cat\/es\/producte\/sol-y-serena\/","title":{"rendered":"Sol y serena"},"content":{"rendered":"<p>Disfrutar de la gastronom\u00eda del municipio acompa\u00f1ados de nuestros vinos de la gamma \u00c9TIM en el mejor momento del d\u00eda. La actividad comienza con una visita al <strong>Celler Modernista,<\/strong> donde os descubriremos los detalles arquitect\u00f3nicos de nuestro edificio dise\u00f1ado por C\u00e8sar Martinell, disc\u00edpulo de Antoni Gaud\u00ed, los secretos de nuestro vermut y c\u00f3mo elaboramos nuestros vinos dentro de la <strong>DO Montsant<\/strong>. Visitada la Cooperativa nos desplazaremos a nuestro <strong>Wine Bar<\/strong>, un espacio Chill Out donde podremos disfrutar de la tranquilidad y de un maridaje \u00fanico preparado para la ocasi\u00f3n. El maridaje incluye una degustaci\u00f3n del <strong>Vermut de Falset<\/strong>, l\u2019<strong>\u00c8TIM L&#8217;Antull<\/strong>, l&#8217;<strong>\u00c8TIM La Pausa<\/strong>, el <strong>Castell de Falset<\/strong> y l\u2019<strong>\u00c8TIM Sinest\u00e8sic Tardana Negra<\/strong>, que se acompa\u00f1ar\u00e1n con las propuestas gastron\u00f3micas propias de la zona.<\/p>\n","protected":false},"excerpt":{"rendered":"<p>Una visita para descubrir el proceso de elaboraci\u00f3n del vino en uno de los momentos perfectos del d\u00eda, acompa\u00f1ado de los vinos y vermuts y de sus respectivos maridajes<\/p>\n","protected":false},"featured_media":15290,"comment_status":"open","ping_status":"closed","template":"","meta":[],"product_brand":[],"product_cat":[113],"product_tag":[],"tipus-de-producte":[],"gamma-de-producte":[],"presentacio":[87],"class_list":{"0":"post-7687","1":"product","2":"type-product","3":"status-publish","4":"has-post-thumbnail","6":"product_cat-enoturismo","7":"presentacio-enoturisme","9":"first","10":"instock","11":"virtual","12":"product-type-simple"},"aioseo_notices":[],"_links":{"self":[{"href":"https:\/\/www.etim.cat\/es\/wp-json\/wp\/v2\/product\/7687","targetHints":{"allow":["GET"]}}],"collection":[{"href":"https:\/\/www.etim.cat\/es\/wp-json\/wp\/v2\/product"}],"about":[{"href":"https:\/\/www.etim.cat\/es\/wp-json\/wp\/v2\/types\/product"}],"replies":[{"embeddable":true,"href":"https:\/\/www.etim.cat\/es\/wp-json\/wp\/v2\/comments?post=7687"}],"version-history":[{"count":1,"href":"https:\/\/www.etim.cat\/es\/wp-json\/wp\/v2\/product\/7687\/revisions"}],"predecessor-version":[{"id":20256,"href":"https:\/\/www.etim.cat\/es\/wp-json\/wp\/v2\/product\/7687\/revisions\/20256"}],"wp:featuredmedia":[{"embeddable":true,"href":"https:\/\/www.etim.cat\/es\/wp-json\/wp\/v2\/media\/15290"}],"wp:attachment":[{"href":"https:\/\/www.etim.cat\/es\/wp-json\/wp\/v2\/media?parent=7687"}],"wp:term":[{"taxonomy":"product_brand","embeddable":true,"href":"https:\/\/www.etim.cat\/es\/wp-json\/wp\/v2\/product_brand?post=7687"},{"taxonomy":"product_cat","embeddable":true,"href":"https:\/\/www.etim.cat\/es\/wp-json\/wp\/v2\/product_cat?post=7687"},{"taxonomy":"product_tag","embeddable":true,"href":"https:\/\/www.etim.cat\/es\/wp-json\/wp\/v2\/product_tag?post=7687"},{"taxonomy":"tipus-de-producte","embeddable":true,"href":"https:\/\/www.etim.cat\/es\/wp-json\/wp\/v2\/tipus-de-producte?post=7687"},{"taxonomy":"gamma-de-producte","embeddable":true,"href":"https:\/\/www.etim.cat\/es\/wp-json\/wp\/v2\/gamma-de-producte?post=7687"},{"taxonomy":"presentacio","embeddable":true,"href":"https:\/\/www.etim.cat\/es\/wp-json\/wp\/v2\/presentacio?post=7687"}],"curies":[{"name":"wp","href":"https:\/\/api.w.org\/{rel}","templated":true}]}}