{"id":7686,"date":"2023-09-29T12:30:54","date_gmt":"2023-09-29T10:30:54","guid":{"rendered":"https:\/\/www.etim.cat\/producte\/aceite-de-oliva-virgen-extra-etim-lata-1-litro\/"},"modified":"2025-10-23T11:44:30","modified_gmt":"2025-10-23T09:44:30","slug":"aceite-deoliva-virgen-extra-lata-1-l","status":"publish","type":"product","link":"https:\/\/www.etim.cat\/es\/producte\/aceite-deoliva-virgen-extra-lata-1-l\/","title":{"rendered":"Aceite de Oliva Virgen Extra \u00c8TIM lata 1 litro"},"content":{"rendered":"<p><span style=\"font-weight: 400;\">Lo que hace especial<\/span> <b>el aceite de oliva virgen extra \u00c8TIM<\/b> <span style=\"font-weight: 400;\">es el lugar en el que nace, su proceso de elaboraci\u00f3n y la tradici\u00f3n que hay detr\u00e1s.<\/span><\/p>\n<p><span style=\"font-weight: 400;\">La variedad <strong>arbequina<\/strong> es considerada una de las mejores del mundo, tanto por la cantidad de producci\u00f3n como por la calidad del aceite que se extrae. <\/span><span style=\"font-weight: 400;\">Nuestro aceite se elabora a partir de esta variedad. Es resistente y se adapta a diferentes condiciones de clima y suelo. <\/span><\/p>\n<p><span style=\"font-weight: 400;\">Es un aceite obtenido por procedimientos mec\u00e1nicos, no qu\u00edmicos, por lo tanto conserva todas sus propiedades, especialmente de sabor y aromas.<\/span><\/p>\n<p><span style=\"font-weight: 400;\">El aceite de oliva virgen extra no caduca, aunque, si no se conserva adecuadamente, pierde el gusto y las propiedades. <\/span><\/p>\n<p>\u00bfQuieres saber consejos para evitar malgastar el aceite de oliva virgen extra y que te dure m\u00e1s tiempo en perfecto estado, recetas y muchos m\u00e1s? <a href=\"https:\/\/www.etim.cat\/blog\/\">\u00a1lee en nuestro blog<\/a> los art\u00edculos sobre el aceite de oliva virgen extra \u00c8TIM que te hemos preparado!<\/p>\n","protected":false},"excerpt":{"rendered":"<p>Aceite de oliva virgen extra arbequina en formato lata de un litro, perfecto para transportar, servir y cocinar. Hecho sin procesos qu\u00edmicos y con una de las variedades del mundo con m\u00e1s calidad.<\/p>\n","protected":false},"featured_media":15143,"comment_status":"open","ping_status":"closed","template":"","meta":[],"product_brand":[],"product_cat":[115],"product_tag":[],"tipus-de-producte":[136],"gamma-de-producte":[29],"presentacio":[85],"class_list":{"0":"post-7686","1":"product","2":"type-product","3":"status-publish","4":"has-post-thumbnail","6":"product_cat-aceite-etim","7":"tipus-de-producte-lata-de-aceite","8":"gamma-de-producte-etim","9":"presentacio-oli","11":"first","12":"instock","13":"shipping-taxable","14":"purchasable","15":"product-type-simple"},"aioseo_notices":[],"_links":{"self":[{"href":"https:\/\/www.etim.cat\/es\/wp-json\/wp\/v2\/product\/7686","targetHints":{"allow":["GET"]}}],"collection":[{"href":"https:\/\/www.etim.cat\/es\/wp-json\/wp\/v2\/product"}],"about":[{"href":"https:\/\/www.etim.cat\/es\/wp-json\/wp\/v2\/types\/product"}],"replies":[{"embeddable":true,"href":"https:\/\/www.etim.cat\/es\/wp-json\/wp\/v2\/comments?post=7686"}],"version-history":[{"count":2,"href":"https:\/\/www.etim.cat\/es\/wp-json\/wp\/v2\/product\/7686\/revisions"}],"predecessor-version":[{"id":25168,"href":"https:\/\/www.etim.cat\/es\/wp-json\/wp\/v2\/product\/7686\/revisions\/25168"}],"wp:featuredmedia":[{"embeddable":true,"href":"https:\/\/www.etim.cat\/es\/wp-json\/wp\/v2\/media\/15143"}],"wp:attachment":[{"href":"https:\/\/www.etim.cat\/es\/wp-json\/wp\/v2\/media?parent=7686"}],"wp:term":[{"taxonomy":"product_brand","embeddable":true,"href":"https:\/\/www.etim.cat\/es\/wp-json\/wp\/v2\/product_brand?post=7686"},{"taxonomy":"product_cat","embeddable":true,"href":"https:\/\/www.etim.cat\/es\/wp-json\/wp\/v2\/product_cat?post=7686"},{"taxonomy":"product_tag","embeddable":true,"href":"https:\/\/www.etim.cat\/es\/wp-json\/wp\/v2\/product_tag?post=7686"},{"taxonomy":"tipus-de-producte","embeddable":true,"href":"https:\/\/www.etim.cat\/es\/wp-json\/wp\/v2\/tipus-de-producte?post=7686"},{"taxonomy":"gamma-de-producte","embeddable":true,"href":"https:\/\/www.etim.cat\/es\/wp-json\/wp\/v2\/gamma-de-producte?post=7686"},{"taxonomy":"presentacio","embeddable":true,"href":"https:\/\/www.etim.cat\/es\/wp-json\/wp\/v2\/presentacio?post=7686"}],"curies":[{"name":"wp","href":"https:\/\/api.w.org\/{rel}","templated":true}]}}