{"id":7649,"date":"2024-06-22T10:27:51","date_gmt":"2024-06-22T08:27:51","guid":{"rendered":"https:\/\/www.etim.cat\/producte\/etim-la-pausa\/"},"modified":"2025-04-16T10:33:23","modified_gmt":"2025-04-16T08:33:23","slug":"etim-la-pausa","status":"publish","type":"product","link":"https:\/\/www.etim.cat\/es\/producte\/etim-la-pausa\/","title":{"rendered":"\u00c8TIM La Pausa"},"content":{"rendered":"<p>Si quieres disfrutar de una rosado con mucha personalidad, no lo dudes m\u00e1s, <strong>\u00c8TIM La Pausa 2022<\/strong> \u00a1es el que estabas buscando! Un rosado que no te dejar\u00e1 indiferente, reconocido c\u00f3mo: <strong>GRAN OR <\/strong>en los premios Vinaris 2022, y <strong>Medalla de Plata<\/strong> en el Concurso Internacional \u00abGarnaches du Monde\u00bb. &#8212;&#8212;&#8212;&#8212;&#8212;&#8212;&#8212;&#8212;&#8212;&#8212;&#8212;&#8212;&#8212;&#8212;&#8212;&#8212;&#8212;&#8212;&#8212;&#8212;&#8212;&#8212;&#8212;&#8212;&#8212;- \u00a1Su color sorprendente y su sabor te dejar\u00e1n con ganas de m\u00e1s! Tiene un color vivo e intenso de grosellas con reflejos violetas, que recuerda al de una piruleta. Aunque es un vino que lo puedes disfrutar sin acompa\u00f1arlo de comida, marida genial ya sea con platos de pescado como de carne, como trucha de rio, gambas salteadas, pizza, &#8230; En catarlo notar\u00e1s su acidez viva y los taninos suaves, que sorprenden porque es un vino rosado. Es uno de esos vinos cuyo sabor perdura en boca durante un buen rato, dejando una agradable sensaci\u00f3n.<\/p>\n","protected":false},"excerpt":{"rendered":"<p>La Pausa es el vino rosado de la gama \u00c8TIM, reconocido por ganar diversos premios gracias a su sabor \u00fanico que lo diferencia de los dem\u00e1s. \u00bfTe atreves a probarlo?<\/p>\n","protected":false},"featured_media":26495,"comment_status":"open","ping_status":"closed","template":"","meta":[],"product_brand":[],"product_cat":[121],"product_tag":[134],"tipus-de-producte":[129],"gamma-de-producte":[],"presentacio":[],"class_list":{"0":"post-7649","1":"product","2":"type-product","3":"status-publish","4":"has-post-thumbnail","6":"product_cat-vino","7":"product_tag-inicio","8":"tipus-de-producte-vino-rosado","10":"first","11":"instock","12":"featured","13":"shipping-taxable","14":"purchasable","15":"product-type-simple"},"aioseo_notices":[],"_links":{"self":[{"href":"https:\/\/www.etim.cat\/es\/wp-json\/wp\/v2\/product\/7649","targetHints":{"allow":["GET"]}}],"collection":[{"href":"https:\/\/www.etim.cat\/es\/wp-json\/wp\/v2\/product"}],"about":[{"href":"https:\/\/www.etim.cat\/es\/wp-json\/wp\/v2\/types\/product"}],"replies":[{"embeddable":true,"href":"https:\/\/www.etim.cat\/es\/wp-json\/wp\/v2\/comments?post=7649"}],"version-history":[{"count":1,"href":"https:\/\/www.etim.cat\/es\/wp-json\/wp\/v2\/product\/7649\/revisions"}],"predecessor-version":[{"id":20200,"href":"https:\/\/www.etim.cat\/es\/wp-json\/wp\/v2\/product\/7649\/revisions\/20200"}],"wp:featuredmedia":[{"embeddable":true,"href":"https:\/\/www.etim.cat\/es\/wp-json\/wp\/v2\/media\/26495"}],"wp:attachment":[{"href":"https:\/\/www.etim.cat\/es\/wp-json\/wp\/v2\/media?parent=7649"}],"wp:term":[{"taxonomy":"product_brand","embeddable":true,"href":"https:\/\/www.etim.cat\/es\/wp-json\/wp\/v2\/product_brand?post=7649"},{"taxonomy":"product_cat","embeddable":true,"href":"https:\/\/www.etim.cat\/es\/wp-json\/wp\/v2\/product_cat?post=7649"},{"taxonomy":"product_tag","embeddable":true,"href":"https:\/\/www.etim.cat\/es\/wp-json\/wp\/v2\/product_tag?post=7649"},{"taxonomy":"tipus-de-producte","embeddable":true,"href":"https:\/\/www.etim.cat\/es\/wp-json\/wp\/v2\/tipus-de-producte?post=7649"},{"taxonomy":"gamma-de-producte","embeddable":true,"href":"https:\/\/www.etim.cat\/es\/wp-json\/wp\/v2\/gamma-de-producte?post=7649"},{"taxonomy":"presentacio","embeddable":true,"href":"https:\/\/www.etim.cat\/es\/wp-json\/wp\/v2\/presentacio?post=7649"}],"curies":[{"name":"wp","href":"https:\/\/api.w.org\/{rel}","templated":true}]}}