{"id":7645,"date":"2024-06-23T10:30:06","date_gmt":"2024-06-23T08:30:06","guid":{"rendered":"https:\/\/www.etim.cat\/producte\/etim-el-joc\/"},"modified":"2024-11-22T19:17:50","modified_gmt":"2024-11-22T18:17:50","slug":"etim-el-joc","status":"publish","type":"product","link":"https:\/\/www.etim.cat\/es\/producte\/etim-el-joc\/","title":{"rendered":"\u00c8TIM El Joc"},"content":{"rendered":"<p>Es el vino m\u00e1s joven de la <strong>Cooperativa<\/strong>. Se elabora con uva extra\u00edda de vi\u00f1as situadas en suelos pedregosos y arenosos que se encuentran en Falset y Mar\u00e7\u00e0. Es un vino al estilo mediterr\u00e1neo, agradable y equilibrado. Muestra espont\u00e1neamente todo el car\u00e1cter de la <strong>DO Montsant<\/strong>. Catar <strong>\u00c8TIM El Joc<\/strong> es tener ganas de pas\u00e1rselo bien, de re\u00edr y de disfrutar con la mejor compa\u00f1\u00eda. Es un vino joven, lo que hace que sea perfecto para aquellos momentos en los cuales te olvidas de todas las preocupaciones. Vino que pide libertad y pocas reglas. Para disfrutarlo tal y como es: joven y intenso.<\/p>\n","protected":false},"excerpt":{"rendered":"<p>\u00c8TIM El Joc es un vino joven, con un cupaje de garnacha, cari\u00f1ena, cabernet sauvignon y merlot. Es un vino suave pero con car\u00e1cter, perfecto para acompa\u00f1ar platos a la brasa.<\/p>\n","protected":false},"featured_media":23783,"comment_status":"open","ping_status":"closed","template":"","meta":[],"product_brand":[],"product_cat":[121],"product_tag":[134],"tipus-de-producte":[127],"gamma-de-producte":[29],"presentacio":[84],"class_list":{"0":"post-7645","1":"product","2":"type-product","3":"status-publish","4":"has-post-thumbnail","6":"product_cat-vino","7":"product_tag-inicio","8":"tipus-de-producte-vino-tinto","9":"gamma-de-producte-etim","10":"presentacio-vi","12":"first","13":"instock","14":"shipping-taxable","15":"purchasable","16":"product-type-simple"},"aioseo_notices":[],"_links":{"self":[{"href":"https:\/\/www.etim.cat\/es\/wp-json\/wp\/v2\/product\/7645","targetHints":{"allow":["GET"]}}],"collection":[{"href":"https:\/\/www.etim.cat\/es\/wp-json\/wp\/v2\/product"}],"about":[{"href":"https:\/\/www.etim.cat\/es\/wp-json\/wp\/v2\/types\/product"}],"replies":[{"embeddable":true,"href":"https:\/\/www.etim.cat\/es\/wp-json\/wp\/v2\/comments?post=7645"}],"version-history":[{"count":1,"href":"https:\/\/www.etim.cat\/es\/wp-json\/wp\/v2\/product\/7645\/revisions"}],"predecessor-version":[{"id":20199,"href":"https:\/\/www.etim.cat\/es\/wp-json\/wp\/v2\/product\/7645\/revisions\/20199"}],"wp:featuredmedia":[{"embeddable":true,"href":"https:\/\/www.etim.cat\/es\/wp-json\/wp\/v2\/media\/23783"}],"wp:attachment":[{"href":"https:\/\/www.etim.cat\/es\/wp-json\/wp\/v2\/media?parent=7645"}],"wp:term":[{"taxonomy":"product_brand","embeddable":true,"href":"https:\/\/www.etim.cat\/es\/wp-json\/wp\/v2\/product_brand?post=7645"},{"taxonomy":"product_cat","embeddable":true,"href":"https:\/\/www.etim.cat\/es\/wp-json\/wp\/v2\/product_cat?post=7645"},{"taxonomy":"product_tag","embeddable":true,"href":"https:\/\/www.etim.cat\/es\/wp-json\/wp\/v2\/product_tag?post=7645"},{"taxonomy":"tipus-de-producte","embeddable":true,"href":"https:\/\/www.etim.cat\/es\/wp-json\/wp\/v2\/tipus-de-producte?post=7645"},{"taxonomy":"gamma-de-producte","embeddable":true,"href":"https:\/\/www.etim.cat\/es\/wp-json\/wp\/v2\/gamma-de-producte?post=7645"},{"taxonomy":"presentacio","embeddable":true,"href":"https:\/\/www.etim.cat\/es\/wp-json\/wp\/v2\/presentacio?post=7645"}],"curies":[{"name":"wp","href":"https:\/\/api.w.org\/{rel}","templated":true}]}}