{"id":7643,"date":"2024-06-26T10:32:13","date_gmt":"2024-06-26T08:32:13","guid":{"rendered":"https:\/\/www.etim.cat\/producte\/etim-el-origen\/"},"modified":"2026-01-08T13:16:26","modified_gmt":"2026-01-08T12:16:26","slug":"etim-lorigen","status":"publish","type":"product","link":"https:\/\/www.etim.cat\/es\/producte\/etim-lorigen\/","title":{"rendered":"\u00c8TIM L&#8217;Origen"},"content":{"rendered":"<p><strong>\u00c8TIM L&#8217;Origen<\/strong> es un vino que acompa\u00f1a los momentos en familia, que para el tiempo durante un instante. Es un monovarietal de <span class=\"notion-enable-hover\" data-token-index=\"1\">garnacha<\/span>, la variedad m\u00e1s caracter\u00edstica y antigua de la <strong>DO Montsant<\/strong>, y no est\u00e1 elaborado con una garnacha cualquiera, sin\u00f3 que la uva procede de los vi\u00f1edos mas viejos de garnacha de nuestros socios. Si te fijas bien, tiene un color granate con ribetes viol\u00e1ceos, muy cubierto. Si lo hueles encontrar\u00e1s un aroma intenso a frutos rojos maduros como la fresa, la grosella y la granada. Finalmente, podr\u00e1s encontrar aromas especiadas y tostadas dadas por el tiempo que pasa en barrica. Cuando lo pruebes, ver\u00e1s que la entrada en boca es suave y te da una sensaci\u00f3n llena de notas de fruta y sabores que recuerdan a la fruta madura. Adem\u00e1s, a causa de la acidez justa, aporta una sensaci\u00f3n refrescante.   Con un final prolongado que mantiene su sabor en el paladar, rescatando los matices de frutas del bosque, notas de vainilla y elegantes toques de maderas nobles.<\/p>\n","protected":false},"excerpt":{"rendered":"<p>\u00c8TIM L&#8217;Origen es un vino mono varietal. garnacha tinta con una crianza de 18 meses en barrica de roble franc\u00e9s. Ideal para acompa\u00f1ar platos de carne.<\/p>\n","protected":false},"featured_media":23563,"comment_status":"open","ping_status":"closed","template":"","meta":[],"product_brand":[],"product_cat":[121],"product_tag":[134],"tipus-de-producte":[127],"gamma-de-producte":[29],"presentacio":[84],"class_list":{"0":"post-7643","1":"product","2":"type-product","3":"status-publish","4":"has-post-thumbnail","6":"product_cat-vino","7":"product_tag-inicio","8":"tipus-de-producte-vino-tinto","9":"gamma-de-producte-etim","10":"presentacio-vi","12":"first","13":"instock","14":"shipping-taxable","15":"purchasable","16":"product-type-simple"},"aioseo_notices":[],"_links":{"self":[{"href":"https:\/\/www.etim.cat\/es\/wp-json\/wp\/v2\/product\/7643","targetHints":{"allow":["GET"]}}],"collection":[{"href":"https:\/\/www.etim.cat\/es\/wp-json\/wp\/v2\/product"}],"about":[{"href":"https:\/\/www.etim.cat\/es\/wp-json\/wp\/v2\/types\/product"}],"replies":[{"embeddable":true,"href":"https:\/\/www.etim.cat\/es\/wp-json\/wp\/v2\/comments?post=7643"}],"version-history":[{"count":1,"href":"https:\/\/www.etim.cat\/es\/wp-json\/wp\/v2\/product\/7643\/revisions"}],"predecessor-version":[{"id":20198,"href":"https:\/\/www.etim.cat\/es\/wp-json\/wp\/v2\/product\/7643\/revisions\/20198"}],"wp:featuredmedia":[{"embeddable":true,"href":"https:\/\/www.etim.cat\/es\/wp-json\/wp\/v2\/media\/23563"}],"wp:attachment":[{"href":"https:\/\/www.etim.cat\/es\/wp-json\/wp\/v2\/media?parent=7643"}],"wp:term":[{"taxonomy":"product_brand","embeddable":true,"href":"https:\/\/www.etim.cat\/es\/wp-json\/wp\/v2\/product_brand?post=7643"},{"taxonomy":"product_cat","embeddable":true,"href":"https:\/\/www.etim.cat\/es\/wp-json\/wp\/v2\/product_cat?post=7643"},{"taxonomy":"product_tag","embeddable":true,"href":"https:\/\/www.etim.cat\/es\/wp-json\/wp\/v2\/product_tag?post=7643"},{"taxonomy":"tipus-de-producte","embeddable":true,"href":"https:\/\/www.etim.cat\/es\/wp-json\/wp\/v2\/tipus-de-producte?post=7643"},{"taxonomy":"gamma-de-producte","embeddable":true,"href":"https:\/\/www.etim.cat\/es\/wp-json\/wp\/v2\/gamma-de-producte?post=7643"},{"taxonomy":"presentacio","embeddable":true,"href":"https:\/\/www.etim.cat\/es\/wp-json\/wp\/v2\/presentacio?post=7643"}],"curies":[{"name":"wp","href":"https:\/\/api.w.org\/{rel}","templated":true}]}}