{"id":7638,"date":"2024-06-30T08:39:28","date_gmt":"2024-06-30T06:39:28","guid":{"rendered":"https:\/\/www.etim.cat\/producte\/etim-sinestesic-tardana-negra-2\/"},"modified":"2026-02-20T17:02:15","modified_gmt":"2026-02-20T16:02:15","slug":"etim-sinestesic-tardana-negra","status":"publish","type":"product","link":"https:\/\/www.etim.cat\/es\/producte\/etim-sinestesic-tardana-negra\/","title":{"rendered":"\u00c8TIM Sinest\u00e8sics Tardana Negra"},"content":{"rendered":"<p>Es uno de nuestros vinos dulces de la gama <strong>Sinest\u00e8sics<\/strong> y lo elaboramos desde los inicios de la Cooperativa. La \u00fanica diferencia con el actual es su nombre, antes lo denomin\u00e1bamos simplemente \u201cGranatxa\u201d.<\/p>\n<p>Un 100% garnacha tinta, de vi\u00f1as de m\u00e1s de 40 a\u00f1os y de baja producci\u00f3n. Un <strong>dulce excepcional y poco convencional,<\/strong> inspirado en t\u00e9cnicas tradicionales de vinificaci\u00f3n y elaborado con una concepci\u00f3n actual.<\/p>\n<p><strong>\u00c8TIM Tardana Negra<\/strong> es un vino que sorprende. Es dulce pero no empalagoso. Es f\u00e1cil de beber y de entender.<\/p>\n<p>Destacan los aromas a confituras, muy untuoso en boca.<\/p>\n<p>Un perfecto acompa\u00f1ante de postres d\u00f3nde el chocolate es el principal protagonista.<\/p>\n<p>Normalmente se sirve en copas peque\u00f1as puesto que su alto grado alcoh\u00f3lico pide poca dosis.<\/p>\n<p>En 2023 fue premiado con la <strong>Medalla de Oro<\/strong> en el concurso de \u00bb <strong>Grenaches du Monde<\/strong> \u00bb celebrado en Estados Unidos, clicando <a href=\"https:\/\/www.etim.cat\/es\/noticia\/medalla-de-oro-para-sinestesics-etim-tardana-negra\/\" target=\"_blank\" rel=\"noopener\">aqu\u00ed<\/a> podeis leer la noticia.<\/p>\n","protected":false},"excerpt":{"rendered":"<p>\u00c8TIM Sinest\u00e8sic tardana negra es un vino dulce 100% de garnacha tinta con una crianza de 4 a 6 meses en barrica de roble franc\u00e9s. Un vino perfecto para tomar durante los postres.<\/p>\n","protected":false},"featured_media":22866,"comment_status":"open","ping_status":"closed","template":"","meta":[],"product_brand":[],"product_cat":[121],"product_tag":[134],"tipus-de-producte":[126],"gamma-de-producte":[29],"presentacio":[84],"class_list":{"0":"post-7638","1":"product","2":"type-product","3":"status-publish","4":"has-post-thumbnail","6":"product_cat-vino","7":"product_tag-inicio","8":"tipus-de-producte-vino-generoso","9":"gamma-de-producte-etim","10":"presentacio-vi","12":"first","13":"instock","14":"shipping-taxable","15":"purchasable","16":"product-type-simple"},"aioseo_notices":[],"_links":{"self":[{"href":"https:\/\/www.etim.cat\/es\/wp-json\/wp\/v2\/product\/7638","targetHints":{"allow":["GET"]}}],"collection":[{"href":"https:\/\/www.etim.cat\/es\/wp-json\/wp\/v2\/product"}],"about":[{"href":"https:\/\/www.etim.cat\/es\/wp-json\/wp\/v2\/types\/product"}],"replies":[{"embeddable":true,"href":"https:\/\/www.etim.cat\/es\/wp-json\/wp\/v2\/comments?post=7638"}],"version-history":[{"count":3,"href":"https:\/\/www.etim.cat\/es\/wp-json\/wp\/v2\/product\/7638\/revisions"}],"predecessor-version":[{"id":26095,"href":"https:\/\/www.etim.cat\/es\/wp-json\/wp\/v2\/product\/7638\/revisions\/26095"}],"wp:featuredmedia":[{"embeddable":true,"href":"https:\/\/www.etim.cat\/es\/wp-json\/wp\/v2\/media\/22866"}],"wp:attachment":[{"href":"https:\/\/www.etim.cat\/es\/wp-json\/wp\/v2\/media?parent=7638"}],"wp:term":[{"taxonomy":"product_brand","embeddable":true,"href":"https:\/\/www.etim.cat\/es\/wp-json\/wp\/v2\/product_brand?post=7638"},{"taxonomy":"product_cat","embeddable":true,"href":"https:\/\/www.etim.cat\/es\/wp-json\/wp\/v2\/product_cat?post=7638"},{"taxonomy":"product_tag","embeddable":true,"href":"https:\/\/www.etim.cat\/es\/wp-json\/wp\/v2\/product_tag?post=7638"},{"taxonomy":"tipus-de-producte","embeddable":true,"href":"https:\/\/www.etim.cat\/es\/wp-json\/wp\/v2\/tipus-de-producte?post=7638"},{"taxonomy":"gamma-de-producte","embeddable":true,"href":"https:\/\/www.etim.cat\/es\/wp-json\/wp\/v2\/gamma-de-producte?post=7638"},{"taxonomy":"presentacio","embeddable":true,"href":"https:\/\/www.etim.cat\/es\/wp-json\/wp\/v2\/presentacio?post=7638"}],"curies":[{"name":"wp","href":"https:\/\/api.w.org\/{rel}","templated":true}]}}