{"id":7545,"date":"2024-06-17T11:06:44","date_gmt":"2024-06-17T09:06:44","guid":{"rendered":"https:\/\/www.etim.cat\/producte\/esparver-tinto-de-eric-lahon\/"},"modified":"2025-02-07T22:05:24","modified_gmt":"2025-02-07T21:05:24","slug":"esparver-tinto-eric-lahon","status":"publish","type":"product","link":"https:\/\/www.etim.cat\/es\/producte\/esparver-tinto-eric-lahon\/","title":{"rendered":"El Esparver tinto de Eric Lahon"},"content":{"rendered":"<p>Vino tinto de garnacha tinta, cari\u00f1ena y sir\u00e1 de vi\u00f1as de m\u00e1s de 90 a\u00f1os. Vino complejo d\u00f3nde se mezclan multitud de aromas, destacando las florales y en un segundo t\u00e9rmino las especies. Aromas de frutas del bosque y florales, carnoso, con mucho volumen, elegante y con una acidez bien integrada. Ideal para carnes rojas y asadas o a la plancha, tambi\u00e9n combina bien con carne de caza.<\/p>\n","protected":false},"excerpt":{"rendered":"<p>El Esparver tinto es un vino negro que tiene una crianza de 20 meses en barrica de roble franc\u00e9s. Tiene un cupaje de 33% garnacha negra, 33% cari\u00f1ena, 33% sir\u00e1. Su sabor recuerda a los frutos del bosque.<\/p>\n","protected":false},"featured_media":7532,"comment_status":"open","ping_status":"closed","template":"","meta":[],"product_brand":[],"product_cat":[121],"product_tag":[],"tipus-de-producte":[127],"gamma-de-producte":[36],"presentacio":[84],"class_list":{"0":"post-7545","1":"product","2":"type-product","3":"status-publish","4":"has-post-thumbnail","6":"product_cat-vino","7":"tipus-de-producte-vino-tinto","8":"gamma-de-producte-mas-lahon","9":"presentacio-vi","11":"first","12":"instock","13":"shipping-taxable","14":"purchasable","15":"product-type-simple"},"aioseo_notices":[],"_links":{"self":[{"href":"https:\/\/www.etim.cat\/es\/wp-json\/wp\/v2\/product\/7545","targetHints":{"allow":["GET"]}}],"collection":[{"href":"https:\/\/www.etim.cat\/es\/wp-json\/wp\/v2\/product"}],"about":[{"href":"https:\/\/www.etim.cat\/es\/wp-json\/wp\/v2\/types\/product"}],"replies":[{"embeddable":true,"href":"https:\/\/www.etim.cat\/es\/wp-json\/wp\/v2\/comments?post=7545"}],"version-history":[{"count":2,"href":"https:\/\/www.etim.cat\/es\/wp-json\/wp\/v2\/product\/7545\/revisions"}],"predecessor-version":[{"id":20192,"href":"https:\/\/www.etim.cat\/es\/wp-json\/wp\/v2\/product\/7545\/revisions\/20192"}],"wp:featuredmedia":[{"embeddable":true,"href":"https:\/\/www.etim.cat\/es\/wp-json\/wp\/v2\/media\/7532"}],"wp:attachment":[{"href":"https:\/\/www.etim.cat\/es\/wp-json\/wp\/v2\/media?parent=7545"}],"wp:term":[{"taxonomy":"product_brand","embeddable":true,"href":"https:\/\/www.etim.cat\/es\/wp-json\/wp\/v2\/product_brand?post=7545"},{"taxonomy":"product_cat","embeddable":true,"href":"https:\/\/www.etim.cat\/es\/wp-json\/wp\/v2\/product_cat?post=7545"},{"taxonomy":"product_tag","embeddable":true,"href":"https:\/\/www.etim.cat\/es\/wp-json\/wp\/v2\/product_tag?post=7545"},{"taxonomy":"tipus-de-producte","embeddable":true,"href":"https:\/\/www.etim.cat\/es\/wp-json\/wp\/v2\/tipus-de-producte?post=7545"},{"taxonomy":"gamma-de-producte","embeddable":true,"href":"https:\/\/www.etim.cat\/es\/wp-json\/wp\/v2\/gamma-de-producte?post=7545"},{"taxonomy":"presentacio","embeddable":true,"href":"https:\/\/www.etim.cat\/es\/wp-json\/wp\/v2\/presentacio?post=7545"}],"curies":[{"name":"wp","href":"https:\/\/api.w.org\/{rel}","templated":true}]}}