{"id":25745,"date":"2025-11-29T19:37:18","date_gmt":"2025-11-29T18:37:18","guid":{"rendered":"https:\/\/www.etim.cat\/producte\/turron-de-chocolate-negro-con-avellanas\/"},"modified":"2025-11-29T19:37:18","modified_gmt":"2025-11-29T18:37:18","slug":"turron-de-chocolate-negro-con-avellanas","status":"publish","type":"product","link":"https:\/\/www.etim.cat\/es\/producte\/turron-de-chocolate-negro-con-avellanas\/","title":{"rendered":"Turr\u00f3n de chocolate negro con avellanas"},"content":{"rendered":"<p data-start=\"886\" data-end=\"1281\">Para los paladares que buscan intensidad, presentamos nuestro turr\u00f3n de chocolate negro con avellanas, una de las grandes novedades de este a\u00f1o. Elaborado con chocolate negro de sabor profundo y avellanas locales de nuestros socios, tostadas con cuidado para resaltar su aroma y la textura crujiente. Un turr\u00f3n equilibrado, elegante y lleno de car\u00e1cter, ideal para quienes aprecian los sabores m\u00e1s puros y aut\u00e9nticos.  <\/p>\n<p data-start=\"1283\" data-end=\"1312\"><strong data-start=\"1283\" data-end=\"1310\">Sugerencias de consumo:<\/strong><\/p>\n<ul data-start=\"1313\" data-end=\"1634\">\n<li data-start=\"1313\" data-end=\"1384\">\n<p data-start=\"1315\" data-end=\"1384\">Perfecto para maridar con vinos dulces como nuestro<br \/> <a href=\"https:\/\/www.etim.cat\/es\/producte\/etim-sinestesic-tardana-blanca\/\">\u00c8TIM Tardana Blanca<\/a> o un buen caf\u00e9 intenso.<\/p>\n<\/li>\n<li data-start=\"1385\" data-end=\"1463\">\n<p data-start=\"1387\" data-end=\"1463\">C\u00f3rtalo fino y s\u00edrvelo como postre ligero acompa\u00f1ado de fruta fresca.<\/p>\n<\/li>\n<li data-start=\"1464\" data-end=\"1544\">\n<p data-start=\"1466\" data-end=\"1544\">Disfr\u00fatalo a temperatura ambiente para apreciar toda la profundidad del cacao.<\/p>\n<\/li>\n<li data-start=\"1545\" data-end=\"1634\">\n<p data-start=\"1547\" data-end=\"1634\">Incorpora virutas a recetas de reposter\u00eda o pasteles para darles un toque gourmet.<\/p>\n<\/li>\n<\/ul>\n","protected":false},"excerpt":{"rendered":"<p>Para los paladares que buscan intensidad, presentamos nuestro turr\u00f3n de chocolate negro con avellanas, una de las grandes novedades de este a\u00f1o. Elaborado con chocolate negro de sabor profundo y avellanas locales de nuestros socios, tostadas con cuidado para resaltar su aroma y la textura crujiente. Un turr\u00f3n equilibrado, elegante y lleno de car\u00e1cter, ideal [&hellip;]<\/p>\n","protected":false},"featured_media":25616,"comment_status":"closed","ping_status":"closed","template":"","meta":[],"product_brand":[],"product_cat":[202],"product_tag":[],"tipus-de-producte":[214,218],"gamma-de-producte":[],"presentacio":[86],"class_list":{"0":"post-25745","1":"product","2":"type-product","3":"status-publish","4":"has-post-thumbnail","6":"product_cat-frutos-secos","7":"tipus-de-producte-pastas-y-dulces","8":"tipus-de-producte-turrones-de-la-cooperativa","9":"presentacio-altres-productes","11":"first","12":"instock","13":"sale","14":"shipping-taxable","15":"purchasable","16":"product-type-simple"},"aioseo_notices":[],"_links":{"self":[{"href":"https:\/\/www.etim.cat\/es\/wp-json\/wp\/v2\/product\/25745","targetHints":{"allow":["GET"]}}],"collection":[{"href":"https:\/\/www.etim.cat\/es\/wp-json\/wp\/v2\/product"}],"about":[{"href":"https:\/\/www.etim.cat\/es\/wp-json\/wp\/v2\/types\/product"}],"replies":[{"embeddable":true,"href":"https:\/\/www.etim.cat\/es\/wp-json\/wp\/v2\/comments?post=25745"}],"version-history":[{"count":0,"href":"https:\/\/www.etim.cat\/es\/wp-json\/wp\/v2\/product\/25745\/revisions"}],"wp:featuredmedia":[{"embeddable":true,"href":"https:\/\/www.etim.cat\/es\/wp-json\/wp\/v2\/media\/25616"}],"wp:attachment":[{"href":"https:\/\/www.etim.cat\/es\/wp-json\/wp\/v2\/media?parent=25745"}],"wp:term":[{"taxonomy":"product_brand","embeddable":true,"href":"https:\/\/www.etim.cat\/es\/wp-json\/wp\/v2\/product_brand?post=25745"},{"taxonomy":"product_cat","embeddable":true,"href":"https:\/\/www.etim.cat\/es\/wp-json\/wp\/v2\/product_cat?post=25745"},{"taxonomy":"product_tag","embeddable":true,"href":"https:\/\/www.etim.cat\/es\/wp-json\/wp\/v2\/product_tag?post=25745"},{"taxonomy":"tipus-de-producte","embeddable":true,"href":"https:\/\/www.etim.cat\/es\/wp-json\/wp\/v2\/tipus-de-producte?post=25745"},{"taxonomy":"gamma-de-producte","embeddable":true,"href":"https:\/\/www.etim.cat\/es\/wp-json\/wp\/v2\/gamma-de-producte?post=25745"},{"taxonomy":"presentacio","embeddable":true,"href":"https:\/\/www.etim.cat\/es\/wp-json\/wp\/v2\/presentacio?post=25745"}],"curies":[{"name":"wp","href":"https:\/\/api.w.org\/{rel}","templated":true}]}}