{"id":25743,"date":"2025-11-29T19:54:03","date_gmt":"2025-11-29T18:54:03","guid":{"rendered":"https:\/\/www.etim.cat\/producte\/turron-de-chocolate-con-leche-y-avellanas\/"},"modified":"2025-11-29T19:54:03","modified_gmt":"2025-11-29T18:54:03","slug":"turron-de-chocolate-con-leche-y-avellanas","status":"publish","type":"product","link":"https:\/\/www.etim.cat\/es\/producte\/turron-de-chocolate-con-leche-y-avellanas\/","title":{"rendered":"Turr\u00f3n de chocolate con leche y avellanas"},"content":{"rendered":"<p data-start=\"129\" data-end=\"524\">Disfruta de un turr\u00f3n irresistiblemente cremoso elaborado con chocolate con leche de alta calidad y avellanas seleccionadas de nuestros propios socios. Una combinaci\u00f3n cl\u00e1sica que este a\u00f1o presentamos con un toque especial: avellanas de proximidad, reci\u00e9n recolectadas y tostadas para potenciar toda su intensidad. Perfecto para los amantes de los sabores suaves y para compartir en cualquier momento de las fiestas.  <\/p>\n<p data-start=\"526\" data-end=\"555\"><strong data-start=\"526\" data-end=\"553\">Sugerencias de consumo:<\/strong><\/p>\n<ul data-start=\"556\" data-end=\"833\">\n<li data-start=\"556\" data-end=\"621\">\n<p data-start=\"558\" data-end=\"621\">Ideal para servir en la mesa como punto final de una comida especial, son la pareja perfecta de nuestra<br \/> <a href=\"https:\/\/www.etim.cat\/es\/producte\/etim-sinestesic-tardana-negra\/\">\u00c8TIM Tardana Negra<\/a>.<\/p>\n<\/li>\n<li data-start=\"622\" data-end=\"681\">\n<p data-start=\"624\" data-end=\"681\">C\u00f3rtalo en dados peque\u00f1os para acompa\u00f1ar caf\u00e9s o infusiones.<\/p>\n<\/li>\n<li data-start=\"682\" data-end=\"757\">\n<p data-start=\"684\" data-end=\"757\">Pru\u00e9balo fr\u00edo del frigor\u00edfico para obtener una textura m\u00e1s firme y crujiente.<\/p>\n<\/li>\n<li data-start=\"758\" data-end=\"833\">\n<p data-start=\"760\" data-end=\"833\">A\u00f1ade trocitos a yogures o helados para darles un toque dulce y festivo.<\/p>\n<\/li>\n<\/ul>\n","protected":false},"excerpt":{"rendered":"<p>Disfruta de un turr\u00f3n irresistiblemente cremoso elaborado con chocolate con leche de alta calidad y avellanas seleccionadas de nuestros propios socios. Una combinaci\u00f3n cl\u00e1sica que este a\u00f1o presentamos con un toque especial: avellanas de proximidad, reci\u00e9n recolectadas y tostadas para potenciar toda su intensidad. Perfecto para los amantes de los sabores suaves y para compartir [&hellip;]<\/p>\n","protected":false},"featured_media":25622,"comment_status":"closed","ping_status":"closed","template":"","meta":[],"product_brand":[],"product_cat":[202],"product_tag":[],"tipus-de-producte":[214,218],"gamma-de-producte":[29],"presentacio":[86],"class_list":{"0":"post-25743","1":"product","2":"type-product","3":"status-publish","4":"has-post-thumbnail","6":"product_cat-frutos-secos","7":"tipus-de-producte-pastas-y-dulces","8":"tipus-de-producte-turrones-de-la-cooperativa","9":"gamma-de-producte-etim","10":"presentacio-altres-productes","12":"first","13":"instock","14":"sale","15":"shipping-taxable","16":"purchasable","17":"product-type-simple"},"aioseo_notices":[],"_links":{"self":[{"href":"https:\/\/www.etim.cat\/es\/wp-json\/wp\/v2\/product\/25743","targetHints":{"allow":["GET"]}}],"collection":[{"href":"https:\/\/www.etim.cat\/es\/wp-json\/wp\/v2\/product"}],"about":[{"href":"https:\/\/www.etim.cat\/es\/wp-json\/wp\/v2\/types\/product"}],"replies":[{"embeddable":true,"href":"https:\/\/www.etim.cat\/es\/wp-json\/wp\/v2\/comments?post=25743"}],"version-history":[{"count":0,"href":"https:\/\/www.etim.cat\/es\/wp-json\/wp\/v2\/product\/25743\/revisions"}],"wp:featuredmedia":[{"embeddable":true,"href":"https:\/\/www.etim.cat\/es\/wp-json\/wp\/v2\/media\/25622"}],"wp:attachment":[{"href":"https:\/\/www.etim.cat\/es\/wp-json\/wp\/v2\/media?parent=25743"}],"wp:term":[{"taxonomy":"product_brand","embeddable":true,"href":"https:\/\/www.etim.cat\/es\/wp-json\/wp\/v2\/product_brand?post=25743"},{"taxonomy":"product_cat","embeddable":true,"href":"https:\/\/www.etim.cat\/es\/wp-json\/wp\/v2\/product_cat?post=25743"},{"taxonomy":"product_tag","embeddable":true,"href":"https:\/\/www.etim.cat\/es\/wp-json\/wp\/v2\/product_tag?post=25743"},{"taxonomy":"tipus-de-producte","embeddable":true,"href":"https:\/\/www.etim.cat\/es\/wp-json\/wp\/v2\/tipus-de-producte?post=25743"},{"taxonomy":"gamma-de-producte","embeddable":true,"href":"https:\/\/www.etim.cat\/es\/wp-json\/wp\/v2\/gamma-de-producte?post=25743"},{"taxonomy":"presentacio","embeddable":true,"href":"https:\/\/www.etim.cat\/es\/wp-json\/wp\/v2\/presentacio?post=25743"}],"curies":[{"name":"wp","href":"https:\/\/api.w.org\/{rel}","templated":true}]}}