{"id":24685,"date":"2025-09-23T12:54:56","date_gmt":"2025-09-23T10:54:56","guid":{"rendered":"https:\/\/www.etim.cat\/producte\/la-catedral-de-falset\/"},"modified":"2025-09-25T10:04:28","modified_gmt":"2025-09-25T08:04:28","slug":"la-catedral-de-falset","status":"publish","type":"product","link":"https:\/\/www.etim.cat\/es\/producte\/la-catedral-de-falset\/","title":{"rendered":"La Catedral de Falset"},"content":{"rendered":"<p><strong>La Catedral de Falset<\/strong> es el nuevo espacio gastron\u00f3mico y enotur\u00edstico de la Cooperativa Falset Mar\u00e7\u00e0, un lugar pensado para vivir y disfrutar de la cultura del vino y los productos de proximidad del Priorat.<\/p>\n<p>En La Catedral de Falset podr\u00e1s:<\/p>\n<ul>\n<li><strong>Comprar vinos de la comarca<\/strong>, seleccionados directamente de la cooperativa.<\/li>\n<li><strong>Degustar productos de proximidad,<\/strong> desde quesos y embutidos hasta dulces artesanos.<\/li>\n<li><strong>Realizar catas de vermuts, vinos y aceites<\/strong>, acompa\u00f1adas de tapas que completan la experiencia gastron\u00f3mica.<\/li>\n<\/ul>\n<p>Es un espacio creado para <strong>amigos de la buena comida y del buen vino,<\/strong> donde cada visita es una experiencia para descubrir los sabores y aromas del territorio. Todo ello en un ambiente acogedor y con un equipo apasionado que te har\u00e1 sentir como en casa. <\/p>\n<p>Ven a descubrir La Catedral de Falset y d\u00e9jate sorprender por lo mejor del Priorat.<\/p>\n<p>Si quieres hacer una reserva, puedes rellenar el formulario que encontrar\u00e1s a continuaci\u00f3n o llamar al 657619007.<br \/>Horarios:<br \/>Jueves: 19:30 \u2013 23:30 h<br \/>Viernes y s\u00e1bado: 11:30 \u2013 15:30 h y 19:30 \u2013 23:30 h<br \/>Domingo: 11:30 \u2013 15:30 h<\/p>\n","protected":false},"excerpt":{"rendered":"<p>La Catedral de Falset es el nuevo espacio gastron\u00f3mico y enotur\u00edstico de la Cooperativa Falset Mar\u00e7\u00e0, un lugar pensado para vivir y disfrutar de la cultura del vino y los productos de proximidad del Priorat. En La Catedral de Falset podr\u00e1s: Comprar vinos de la comarca, seleccionados directamente de la cooperativa. Degustar productos de proximidad, [&hellip;]<\/p>\n","protected":false},"featured_media":24277,"comment_status":"closed","ping_status":"closed","template":"","meta":[],"product_brand":[],"product_cat":[113],"product_tag":[],"tipus-de-producte":[],"gamma-de-producte":[],"presentacio":[87],"class_list":{"0":"post-24685","1":"product","2":"type-product","3":"status-publish","4":"has-post-thumbnail","6":"product_cat-enoturismo","7":"presentacio-enoturisme","9":"first","10":"instock","11":"shipping-taxable","12":"purchasable","13":"product-type-simple"},"aioseo_notices":[],"_links":{"self":[{"href":"https:\/\/www.etim.cat\/es\/wp-json\/wp\/v2\/product\/24685","targetHints":{"allow":["GET"]}}],"collection":[{"href":"https:\/\/www.etim.cat\/es\/wp-json\/wp\/v2\/product"}],"about":[{"href":"https:\/\/www.etim.cat\/es\/wp-json\/wp\/v2\/types\/product"}],"replies":[{"embeddable":true,"href":"https:\/\/www.etim.cat\/es\/wp-json\/wp\/v2\/comments?post=24685"}],"version-history":[{"count":1,"href":"https:\/\/www.etim.cat\/es\/wp-json\/wp\/v2\/product\/24685\/revisions"}],"predecessor-version":[{"id":24687,"href":"https:\/\/www.etim.cat\/es\/wp-json\/wp\/v2\/product\/24685\/revisions\/24687"}],"wp:featuredmedia":[{"embeddable":true,"href":"https:\/\/www.etim.cat\/es\/wp-json\/wp\/v2\/media\/24277"}],"wp:attachment":[{"href":"https:\/\/www.etim.cat\/es\/wp-json\/wp\/v2\/media?parent=24685"}],"wp:term":[{"taxonomy":"product_brand","embeddable":true,"href":"https:\/\/www.etim.cat\/es\/wp-json\/wp\/v2\/product_brand?post=24685"},{"taxonomy":"product_cat","embeddable":true,"href":"https:\/\/www.etim.cat\/es\/wp-json\/wp\/v2\/product_cat?post=24685"},{"taxonomy":"product_tag","embeddable":true,"href":"https:\/\/www.etim.cat\/es\/wp-json\/wp\/v2\/product_tag?post=24685"},{"taxonomy":"tipus-de-producte","embeddable":true,"href":"https:\/\/www.etim.cat\/es\/wp-json\/wp\/v2\/tipus-de-producte?post=24685"},{"taxonomy":"gamma-de-producte","embeddable":true,"href":"https:\/\/www.etim.cat\/es\/wp-json\/wp\/v2\/gamma-de-producte?post=24685"},{"taxonomy":"presentacio","embeddable":true,"href":"https:\/\/www.etim.cat\/es\/wp-json\/wp\/v2\/presentacio?post=24685"}],"curies":[{"name":"wp","href":"https:\/\/api.w.org\/{rel}","templated":true}]}}