{"id":24158,"date":"2025-03-21T11:48:53","date_gmt":"2025-03-21T10:48:53","guid":{"rendered":"https:\/\/www.etim.cat\/producte\/pastisets-variados\/"},"modified":"2025-03-21T11:48:53","modified_gmt":"2025-03-21T10:48:53","slug":"pastisets-variados","status":"publish","type":"product","link":"https:\/\/www.etim.cat\/es\/producte\/pastisets-variados\/","title":{"rendered":"Pastisets variados"},"content":{"rendered":"<p data-start=\"147\" data-end=\"426\">Disfruta de una selecci\u00f3n \u00fanica de los mejores <strong data-start=\"189\" data-end=\"214\">pastisets artesanales<\/strong> del <strong data-start=\"219\" data-end=\"248\">Forn Benaiges de Rasquera.<\/strong> Esta combinaci\u00f3n incluye tres variedades irresistibles: <strong data-start=\"306\" data-end=\"344\">cabello de \u00e1ngel, naranja y chocolate<\/strong>, cada uno con su sabor aut\u00e9ntico y elaborados siguiendo la tradici\u00f3n repostera. <\/p>\n<ul data-start=\"428\" data-end=\"698\">\n<li data-start=\"428\" data-end=\"538\"><strong data-start=\"430\" data-end=\"448\">Cabello de \u00e1ngel:<\/strong> Relleno suave y meloso que evoca los sabores m\u00e1s cl\u00e1sicos de la pasteler\u00eda tradicional.<\/li>\n<li data-start=\"539\" data-end=\"635\"><strong data-start=\"541\" data-end=\"552\">Naranja: <\/strong>Un toque c\u00edtrico refrescante que aporta un equilibrio perfecto entre dulzura y aroma.<\/li>\n<li data-start=\"636\" data-end=\"698\"><strong data-start=\"638\" data-end=\"650\">Chocolate:<\/strong> Intenso y goloso, para los amantes del cacao.<\/li>\n<\/ul>\n<p data-start=\"700\" data-end=\"790\">\u00a1El pack perfecto para descubrir y disfrutar de diferentes sabores en cualquier momento del d\u00eda!<\/p>\n<p data-start=\"601\" data-end=\"769\">La caja contiene 8 pastisets.<\/p>\n","protected":false},"excerpt":{"rendered":"<p>Disfruta de una selecci\u00f3n \u00fanica de los mejores pastisets artesanales del Forn Benaiges de Rasquera. Esta combinaci\u00f3n incluye tres variedades irresistibles: cabello de \u00e1ngel, naranja y chocolate, cada uno con su sabor aut\u00e9ntico y elaborados siguiendo la tradici\u00f3n repostera. Cabello de \u00e1ngel: Relleno suave y meloso que evoca los sabores m\u00e1s cl\u00e1sicos de la pasteler\u00eda [&hellip;]<\/p>\n","protected":false},"featured_media":22850,"comment_status":"open","ping_status":"closed","template":"","meta":[],"product_brand":[],"product_cat":[111],"product_tag":[],"tipus-de-producte":[214],"gamma-de-producte":[],"presentacio":[],"class_list":{"0":"post-24158","1":"product","2":"type-product","3":"status-publish","4":"has-post-thumbnail","6":"product_cat-productos-de-proximidad","7":"tipus-de-producte-pastas-y-dulces","9":"first","10":"instock","11":"shipping-taxable","12":"purchasable","13":"product-type-simple"},"aioseo_notices":[],"_links":{"self":[{"href":"https:\/\/www.etim.cat\/es\/wp-json\/wp\/v2\/product\/24158","targetHints":{"allow":["GET"]}}],"collection":[{"href":"https:\/\/www.etim.cat\/es\/wp-json\/wp\/v2\/product"}],"about":[{"href":"https:\/\/www.etim.cat\/es\/wp-json\/wp\/v2\/types\/product"}],"replies":[{"embeddable":true,"href":"https:\/\/www.etim.cat\/es\/wp-json\/wp\/v2\/comments?post=24158"}],"version-history":[{"count":0,"href":"https:\/\/www.etim.cat\/es\/wp-json\/wp\/v2\/product\/24158\/revisions"}],"wp:featuredmedia":[{"embeddable":true,"href":"https:\/\/www.etim.cat\/es\/wp-json\/wp\/v2\/media\/22850"}],"wp:attachment":[{"href":"https:\/\/www.etim.cat\/es\/wp-json\/wp\/v2\/media?parent=24158"}],"wp:term":[{"taxonomy":"product_brand","embeddable":true,"href":"https:\/\/www.etim.cat\/es\/wp-json\/wp\/v2\/product_brand?post=24158"},{"taxonomy":"product_cat","embeddable":true,"href":"https:\/\/www.etim.cat\/es\/wp-json\/wp\/v2\/product_cat?post=24158"},{"taxonomy":"product_tag","embeddable":true,"href":"https:\/\/www.etim.cat\/es\/wp-json\/wp\/v2\/product_tag?post=24158"},{"taxonomy":"tipus-de-producte","embeddable":true,"href":"https:\/\/www.etim.cat\/es\/wp-json\/wp\/v2\/tipus-de-producte?post=24158"},{"taxonomy":"gamma-de-producte","embeddable":true,"href":"https:\/\/www.etim.cat\/es\/wp-json\/wp\/v2\/gamma-de-producte?post=24158"},{"taxonomy":"presentacio","embeddable":true,"href":"https:\/\/www.etim.cat\/es\/wp-json\/wp\/v2\/presentacio?post=24158"}],"curies":[{"name":"wp","href":"https:\/\/api.w.org\/{rel}","templated":true}]}}