{"id":24157,"date":"2025-05-14T14:08:43","date_gmt":"2025-05-14T12:08:43","guid":{"rendered":"https:\/\/www.etim.cat\/producte\/hermanamiento-entre-el-castell-de-falset-y-el-castell-de-siurana\/"},"modified":"2025-05-14T14:08:43","modified_gmt":"2025-05-14T12:08:43","slug":"hermanamiento-entre-el-castell-de-falset-y-el-castell-de-siurana","status":"publish","type":"product","link":"https:\/\/www.etim.cat\/es\/producte\/hermanamiento-entre-el-castell-de-falset-y-el-castell-de-siurana\/","title":{"rendered":"Hermanamiento entre el Castell de Falset y el Castell de Siurana."},"content":{"rendered":"<p>En el Priorat hay dos catedrales del vino que unen patrimonio y tradici\u00f3n vitivin\u00edcola: la de la Cooperativa Falset Mar\u00e7\u00e0 y la de la Cooperativa de Cornudella.<\/p>\n<p>Cada pueblo cuenta con una bodega cooperativa modernista y un castillo medieval lleno de historia. Por eso, hemos hermanado dos vinos emblem\u00e1ticos para rendir homenaje a los a\u00f1os de esfuerzo y compromiso con el territorio. <\/p>\n<p>El <strong>Castell de Falset<\/strong> es un vino cl\u00e1sico de la bodega, elaborado con garnacha, cabernet sauvignon y syrah. Las variedades se han vinificado por separado utilizando t\u00e9cnicas diferentes y han sido criadas en distintos tipos de barrica. <\/p>\n<p>Tiene color rub\u00ed, aromas de fruta madura y especias, y un sabor estructurado y suave.<\/p>\n<p>Marida especialmente bien con platos de la cocina tradicional catalana como asados o guisos.<\/p>\n<p>El <strong>Castell de Siurana<\/strong> se elabora con garnacha y cari\u00f1ena de vi\u00f1as viejas, con crianza en roble franc\u00e9s.<\/p>\n<p>Tiene un color rojo intenso, que combina frescura, fruta negra y notas de crianza con toques bals\u00e1micos y tostados.<\/p>\n<p>Un vino ideal para acompa\u00f1ar platos de pasta, as\u00ed como carnes de ternera, cordero o aves.<\/p>\n<p>El lote incluye una botella de cada vino y dos copas con los logotipos de las bodegas.<\/p>\n","protected":false},"excerpt":{"rendered":"<p>En el Priorat hay dos catedrales del vino que unen patrimonio y tradici\u00f3n vitivin\u00edcola: la de la Cooperativa Falset Mar\u00e7\u00e0 y la de la Cooperativa de Cornudella. Cada pueblo cuenta con una bodega cooperativa modernista y un castillo medieval lleno de historia. Por eso, hemos hermanado dos vinos emblem\u00e1ticos para rendir homenaje a los a\u00f1os [&hellip;]<\/p>\n","protected":false},"featured_media":23661,"comment_status":"closed","ping_status":"closed","template":"","meta":[],"product_brand":[],"product_cat":[117,121],"product_tag":[],"tipus-de-producte":[154,161,127],"gamma-de-producte":[35],"presentacio":[86],"class_list":{"0":"post-24157","1":"product","2":"type-product","3":"status-publish","4":"has-post-thumbnail","6":"product_cat-regalos-y-otros","7":"product_cat-vino","8":"tipus-de-producte-articulos-de-regalo","9":"tipus-de-producte-lotes","10":"tipus-de-producte-vino-tinto","11":"gamma-de-producte-castell-de-falset","12":"presentacio-altres-productes","14":"first","15":"instock","16":"shipping-taxable","17":"purchasable","18":"product-type-simple"},"aioseo_notices":[],"_links":{"self":[{"href":"https:\/\/www.etim.cat\/es\/wp-json\/wp\/v2\/product\/24157","targetHints":{"allow":["GET"]}}],"collection":[{"href":"https:\/\/www.etim.cat\/es\/wp-json\/wp\/v2\/product"}],"about":[{"href":"https:\/\/www.etim.cat\/es\/wp-json\/wp\/v2\/types\/product"}],"replies":[{"embeddable":true,"href":"https:\/\/www.etim.cat\/es\/wp-json\/wp\/v2\/comments?post=24157"}],"version-history":[{"count":0,"href":"https:\/\/www.etim.cat\/es\/wp-json\/wp\/v2\/product\/24157\/revisions"}],"wp:featuredmedia":[{"embeddable":true,"href":"https:\/\/www.etim.cat\/es\/wp-json\/wp\/v2\/media\/23661"}],"wp:attachment":[{"href":"https:\/\/www.etim.cat\/es\/wp-json\/wp\/v2\/media?parent=24157"}],"wp:term":[{"taxonomy":"product_brand","embeddable":true,"href":"https:\/\/www.etim.cat\/es\/wp-json\/wp\/v2\/product_brand?post=24157"},{"taxonomy":"product_cat","embeddable":true,"href":"https:\/\/www.etim.cat\/es\/wp-json\/wp\/v2\/product_cat?post=24157"},{"taxonomy":"product_tag","embeddable":true,"href":"https:\/\/www.etim.cat\/es\/wp-json\/wp\/v2\/product_tag?post=24157"},{"taxonomy":"tipus-de-producte","embeddable":true,"href":"https:\/\/www.etim.cat\/es\/wp-json\/wp\/v2\/tipus-de-producte?post=24157"},{"taxonomy":"gamma-de-producte","embeddable":true,"href":"https:\/\/www.etim.cat\/es\/wp-json\/wp\/v2\/gamma-de-producte?post=24157"},{"taxonomy":"presentacio","embeddable":true,"href":"https:\/\/www.etim.cat\/es\/wp-json\/wp\/v2\/presentacio?post=24157"}],"curies":[{"name":"wp","href":"https:\/\/api.w.org\/{rel}","templated":true}]}}