{"id":23704,"date":"2025-09-26T02:00:41","date_gmt":"2025-09-26T00:00:41","guid":{"rendered":"https:\/\/www.etim.cat\/producte\/wine-bar\/"},"modified":"2025-03-03T14:00:41","modified_gmt":"2025-03-03T13:00:41","slug":"wine-bar","status":"publish","type":"product","link":"https:\/\/www.etim.cat\/es\/producte\/wine-bar\/","title":{"rendered":"Wine Bar"},"content":{"rendered":"<p>\u00a1Ven a hacer el vermut al <strong>Wine Bar de la Cooperativa Falset Mar\u00e7\u00e0<\/strong>! Encontrar\u00e1s una terraza muy acogedora, perfecta para los d\u00edas de sol, y un espacio interior donde podr\u00e9is tomar una copa mientras conoc\u00e9is las caracter\u00edsticas de los vinos que aqu\u00ed se elaboran.<br \/>\nOfrecemos vino por copas, vermut con patatas y olivas, y paquetes de degustaci\u00f3n (a consultar). Ven a descubrir este edificio modernista con m\u00e1s de 100 a\u00f1os de historia, \u00a1ven a la <strong>Cooperativa Falset Mar\u00e7\u00e0!<\/strong><\/p>\n<p>&nbsp;<\/p>\n<p>&nbsp;<\/p>\n","protected":false},"excerpt":{"rendered":"<p>\u00a1Ven a hacer el vermut al Wine Bar de la Cooperativa Falset Mar\u00e7\u00e0! Encontrar\u00e1s una terraza muy acogedora, perfecta para los d\u00edas de sol, y un espacio interior donde podr\u00e9is tomar una copa mientras conoc\u00e9is las caracter\u00edsticas de los vinos que aqu\u00ed se elaboran. Ofrecemos vino por copas, vermut con patatas y olivas, y paquetes [&hellip;]<\/p>\n","protected":false},"featured_media":24306,"comment_status":"open","ping_status":"closed","template":"","meta":[],"product_brand":[],"product_cat":[113],"product_tag":[],"tipus-de-producte":[],"gamma-de-producte":[],"presentacio":[87],"class_list":{"0":"post-23704","1":"product","2":"type-product","3":"status-publish","4":"has-post-thumbnail","6":"product_cat-enoturismo","7":"presentacio-enoturisme","9":"first","10":"instock","11":"virtual","12":"purchasable","13":"product-type-simple"},"aioseo_notices":[],"_links":{"self":[{"href":"https:\/\/www.etim.cat\/es\/wp-json\/wp\/v2\/product\/23704","targetHints":{"allow":["GET"]}}],"collection":[{"href":"https:\/\/www.etim.cat\/es\/wp-json\/wp\/v2\/product"}],"about":[{"href":"https:\/\/www.etim.cat\/es\/wp-json\/wp\/v2\/types\/product"}],"replies":[{"embeddable":true,"href":"https:\/\/www.etim.cat\/es\/wp-json\/wp\/v2\/comments?post=23704"}],"version-history":[{"count":0,"href":"https:\/\/www.etim.cat\/es\/wp-json\/wp\/v2\/product\/23704\/revisions"}],"wp:featuredmedia":[{"embeddable":true,"href":"https:\/\/www.etim.cat\/es\/wp-json\/wp\/v2\/media\/24306"}],"wp:attachment":[{"href":"https:\/\/www.etim.cat\/es\/wp-json\/wp\/v2\/media?parent=23704"}],"wp:term":[{"taxonomy":"product_brand","embeddable":true,"href":"https:\/\/www.etim.cat\/es\/wp-json\/wp\/v2\/product_brand?post=23704"},{"taxonomy":"product_cat","embeddable":true,"href":"https:\/\/www.etim.cat\/es\/wp-json\/wp\/v2\/product_cat?post=23704"},{"taxonomy":"product_tag","embeddable":true,"href":"https:\/\/www.etim.cat\/es\/wp-json\/wp\/v2\/product_tag?post=23704"},{"taxonomy":"tipus-de-producte","embeddable":true,"href":"https:\/\/www.etim.cat\/es\/wp-json\/wp\/v2\/tipus-de-producte?post=23704"},{"taxonomy":"gamma-de-producte","embeddable":true,"href":"https:\/\/www.etim.cat\/es\/wp-json\/wp\/v2\/gamma-de-producte?post=23704"},{"taxonomy":"presentacio","embeddable":true,"href":"https:\/\/www.etim.cat\/es\/wp-json\/wp\/v2\/presentacio?post=23704"}],"curies":[{"name":"wp","href":"https:\/\/api.w.org\/{rel}","templated":true}]}}