{"id":18781,"date":"2025-03-01T15:59:49","date_gmt":"2025-03-01T14:59:49","guid":{"rendered":"https:\/\/www.etim.cat\/producte\/visitas-gastronomicas\/"},"modified":"2024-09-10T13:23:42","modified_gmt":"2024-09-10T11:23:42","slug":"visitas-gastronomicas","status":"publish","type":"product","link":"https:\/\/www.etim.cat\/es\/producte\/visitas-gastronomicas\/","title":{"rendered":"Visitas gastron\u00f3micas"},"content":{"rendered":"<div>La <strong>Cooperativa Falset Mar\u00e7\u00e0<\/strong> y varios <strong>restaurantes de Falset<\/strong> se unen para ofrecer una visita m\u00e1s completa que combina vinos y gastronom\u00eda local.<\/div>\n<div><\/div>\n<div>Te ofrecemos la opci\u00f3n de hacer una visita guiada por las instalaciones modernistas de la Cooperativa Falset Mar\u00e7\u00e0 y combinarla con una comida en los siguientes restaurantes de Falset.<\/div>\n<div><\/div>\n<div>La visita incluye una degustaci\u00f3n de vermut y tres vinos, y la comida consistir\u00e1 en un men\u00fa degustaci\u00f3n con los vinos de la Cooperativa Falset Mar\u00e7\u00e0 que no se hayan probado durante la visita, una forma de seguir conociendo nuestra oferta de vinos con un buen plato en la mesa.<\/div>\n<div><\/div>\n","protected":false},"excerpt":{"rendered":"<p>Descubre la experiencia de combinar los vinos de la Cooperativa con la gastronom\u00eda de Falset.<\/p>\n","protected":false},"featured_media":23266,"comment_status":"open","ping_status":"closed","template":"","meta":[],"product_brand":[],"product_cat":[113],"product_tag":[],"tipus-de-producte":[158],"gamma-de-producte":[],"presentacio":[87],"class_list":{"0":"post-18781","1":"product","2":"type-product","3":"status-publish","4":"has-post-thumbnail","6":"product_cat-enoturismo","7":"tipus-de-producte-experiencias","8":"presentacio-enoturisme","10":"first","11":"instock","12":"shipping-taxable","13":"purchasable","14":"product-type-simple"},"aioseo_notices":[],"_links":{"self":[{"href":"https:\/\/www.etim.cat\/es\/wp-json\/wp\/v2\/product\/18781","targetHints":{"allow":["GET"]}}],"collection":[{"href":"https:\/\/www.etim.cat\/es\/wp-json\/wp\/v2\/product"}],"about":[{"href":"https:\/\/www.etim.cat\/es\/wp-json\/wp\/v2\/types\/product"}],"replies":[{"embeddable":true,"href":"https:\/\/www.etim.cat\/es\/wp-json\/wp\/v2\/comments?post=18781"}],"version-history":[{"count":1,"href":"https:\/\/www.etim.cat\/es\/wp-json\/wp\/v2\/product\/18781\/revisions"}],"predecessor-version":[{"id":20322,"href":"https:\/\/www.etim.cat\/es\/wp-json\/wp\/v2\/product\/18781\/revisions\/20322"}],"wp:featuredmedia":[{"embeddable":true,"href":"https:\/\/www.etim.cat\/es\/wp-json\/wp\/v2\/media\/23266"}],"wp:attachment":[{"href":"https:\/\/www.etim.cat\/es\/wp-json\/wp\/v2\/media?parent=18781"}],"wp:term":[{"taxonomy":"product_brand","embeddable":true,"href":"https:\/\/www.etim.cat\/es\/wp-json\/wp\/v2\/product_brand?post=18781"},{"taxonomy":"product_cat","embeddable":true,"href":"https:\/\/www.etim.cat\/es\/wp-json\/wp\/v2\/product_cat?post=18781"},{"taxonomy":"product_tag","embeddable":true,"href":"https:\/\/www.etim.cat\/es\/wp-json\/wp\/v2\/product_tag?post=18781"},{"taxonomy":"tipus-de-producte","embeddable":true,"href":"https:\/\/www.etim.cat\/es\/wp-json\/wp\/v2\/tipus-de-producte?post=18781"},{"taxonomy":"gamma-de-producte","embeddable":true,"href":"https:\/\/www.etim.cat\/es\/wp-json\/wp\/v2\/gamma-de-producte?post=18781"},{"taxonomy":"presentacio","embeddable":true,"href":"https:\/\/www.etim.cat\/es\/wp-json\/wp\/v2\/presentacio?post=18781"}],"curies":[{"name":"wp","href":"https:\/\/api.w.org\/{rel}","templated":true}]}}