{"id":18780,"date":"2024-02-28T12:19:44","date_gmt":"2024-02-28T11:19:44","guid":{"rendered":"https:\/\/www.etim.cat\/?post_type=product&#038;p=18780"},"modified":"2025-09-25T11:09:52","modified_gmt":"2025-09-25T09:09:52","slug":"la-avellana-daqui-torrada-500-g","status":"publish","type":"product","link":"https:\/\/www.etim.cat\/es\/producte\/la-avellana-daqui-torrada-500-g\/","title":{"rendered":"La Avellana d&#8217;Aqu\u00ed torrada 500 g"},"content":{"rendered":"<p><strong>L&#8217;Avellana d&#8217;Aqu\u00ed<\/strong> es el resultado del esfuerzo compartido entre la Cooperativa Falset Mar\u00e7\u00e0 y la Agr\u00edcola y Secci\u00f3n de Cr\u00e9dito Comarcal de Cornudella de Montsant, dos de las diez cooperativas que forman parte del proyecto de intercooperaci\u00f3n Vincloop, en el Priorat.\u201d<\/p>\n<p>Este proyecto va m\u00e1s all\u00e1 de la valorizaci\u00f3n de los productos del territorio: impulsamos el relevo generacional, fomentamos la soberan\u00eda alimentaria, promovemos la transici\u00f3n energ\u00e9tica y ofrecemos servicios para fortalecer a la peque\u00f1a agricultura local.<\/p>\n<p>Nuestras avellanas son de aqu\u00ed, producidas por peque\u00f1os agricultores del Priorat, en un territorio de secano que les confiere un sabor m\u00e1s intenso. Proceden de variedades tradicionales como la \u2018Negret\u2019, conocidas por su calidad y aptitud para el tostado. Con una mayor estabilidad oxidativa, textura crujiente y sabor intenso a avellana, representan la identidad de un territorio y la fuerza de la cooperaci\u00f3n.<\/p>\n<p>Son mucho mas que avellanas: son territorio, sostenibilidad y calidad.<\/p>\n","protected":false},"excerpt":{"rendered":"<p>La <strong>avellana tostada \u00c8TIM<\/strong> es un aperitivo vers\u00e1til, perfecto para acompa\u00f1ar momentos de relax o para potenciar tu energ\u00eda durante el d\u00eda. Su sabor intenso y su textura crujiente hacen que sea un complemento ideal para ensaladas, yogures, cereales o simplemente como snack nutritivo.<\/p>\n<p>El proceso de tostado conserva las propiedades nutricionales de las avellanas, ofreci\u00e9ndote un alimento saludable y lleno de beneficios para tu salud.<\/p>\n<p>Con nuestra avellana tostada, te invitamos a explorar una explosi\u00f3n de sabor y a disfrutar de una experiencia gastron\u00f3mica que cautivar\u00e1 tus sentidos. Descubre la perfecci\u00f3n de la naturaleza con cada avellana tostada que seleccionamos cuidadosamente para ti.<\/p>\n<p>Adem\u00e1s de ser muy buenas, las avellanas son alimentos ricos en grasas saludables, fibra, prote\u00edna vegetal, vitaminas y minerales.<\/p>\n<p>Representan una fuente valiosa de antioxidantes, que tienen un papel crucial en la protecci\u00f3n del organismo. \u00a1Son un aut\u00e9ntico tesoro nutricional!<\/p>\n","protected":false},"featured_media":24599,"comment_status":"closed","ping_status":"closed","template":"","meta":[],"product_brand":[],"product_cat":[202],"product_tag":[],"tipus-de-producte":[159],"gamma-de-producte":[29],"presentacio":[86],"class_list":{"0":"post-18780","1":"product","2":"type-product","3":"status-publish","4":"has-post-thumbnail","6":"product_cat-frutos-secos","7":"tipus-de-producte-frutos-secos","8":"gamma-de-producte-etim","9":"presentacio-altres-productes","11":"first","12":"outofstock","13":"sale","14":"shipping-taxable","15":"purchasable","16":"product-type-simple"},"aioseo_notices":[],"_links":{"self":[{"href":"https:\/\/www.etim.cat\/es\/wp-json\/wp\/v2\/product\/18780","targetHints":{"allow":["GET"]}}],"collection":[{"href":"https:\/\/www.etim.cat\/es\/wp-json\/wp\/v2\/product"}],"about":[{"href":"https:\/\/www.etim.cat\/es\/wp-json\/wp\/v2\/types\/product"}],"replies":[{"embeddable":true,"href":"https:\/\/www.etim.cat\/es\/wp-json\/wp\/v2\/comments?post=18780"}],"version-history":[{"count":3,"href":"https:\/\/www.etim.cat\/es\/wp-json\/wp\/v2\/product\/18780\/revisions"}],"predecessor-version":[{"id":24697,"href":"https:\/\/www.etim.cat\/es\/wp-json\/wp\/v2\/product\/18780\/revisions\/24697"}],"wp:featuredmedia":[{"embeddable":true,"href":"https:\/\/www.etim.cat\/es\/wp-json\/wp\/v2\/media\/24599"}],"wp:attachment":[{"href":"https:\/\/www.etim.cat\/es\/wp-json\/wp\/v2\/media?parent=18780"}],"wp:term":[{"taxonomy":"product_brand","embeddable":true,"href":"https:\/\/www.etim.cat\/es\/wp-json\/wp\/v2\/product_brand?post=18780"},{"taxonomy":"product_cat","embeddable":true,"href":"https:\/\/www.etim.cat\/es\/wp-json\/wp\/v2\/product_cat?post=18780"},{"taxonomy":"product_tag","embeddable":true,"href":"https:\/\/www.etim.cat\/es\/wp-json\/wp\/v2\/product_tag?post=18780"},{"taxonomy":"tipus-de-producte","embeddable":true,"href":"https:\/\/www.etim.cat\/es\/wp-json\/wp\/v2\/tipus-de-producte?post=18780"},{"taxonomy":"gamma-de-producte","embeddable":true,"href":"https:\/\/www.etim.cat\/es\/wp-json\/wp\/v2\/gamma-de-producte?post=18780"},{"taxonomy":"presentacio","embeddable":true,"href":"https:\/\/www.etim.cat\/es\/wp-json\/wp\/v2\/presentacio?post=18780"}],"curies":[{"name":"wp","href":"https:\/\/api.w.org\/{rel}","templated":true}]}}