{"id":18450,"date":"2025-06-19T11:43:42","date_gmt":"2025-06-19T09:43:42","guid":{"rendered":"https:\/\/www.etim.cat\/?post_type=product&#038;p=18450"},"modified":"2025-07-08T13:49:41","modified_gmt":"2025-07-08T11:49:41","slug":"fuina-vino-ecologico","status":"publish","type":"product","link":"https:\/\/www.etim.cat\/es\/producte\/fuina-vino-ecologico\/","title":{"rendered":"Fu\u00efna vino ecol\u00f3gico"},"content":{"rendered":"\t\t<div data-elementor-type=\"product-post\" data-elementor-id=\"18450\" class=\"elementor elementor-18450 elementor-18344\" data-elementor-post-type=\"product\">\n\t\t\t\t<div data-particle_enable=\"false\" data-particle-mobile-disabled=\"false\" class=\"elementor-element elementor-element-71015da e-flex e-con-boxed e-con e-parent\" data-id=\"71015da\" data-element_type=\"container\" data-e-type=\"container\">\n\t\t\t\t\t<div class=\"e-con-inner\">\n\t\t\t\t<div class=\"elementor-element elementor-element-59e6d3a8 elementor-widget elementor-widget-text-editor\" data-id=\"59e6d3a8\" data-element_type=\"widget\" data-e-type=\"widget\" data-widget_type=\"text-editor.default\">\n\t\t\t\t<div class=\"elementor-widget-container\">\n\t\t\t\t\t\t\t\t\t<p data-start=\"286\" data-end=\"628\"><strong data-start=\"289\" data-end=\"298\">Fu\u00efna<\/strong> es mucho m\u00e1s que un vino: es una declaraci\u00f3n de amor por el Priorat. Elaborado con garnacha y cari\u00f1ena ecol\u00f3gicas procedentes del barranco de la Fu\u00efna, en la zona de los Fontanals, es un homenaje al paisaje y a la fauna que lo rodea. <\/p><p data-start=\"286\" data-end=\"628\">Lleva el nombre de la fuina (<em data-start=\"529\" data-end=\"543\">Martes foina<\/em>), un peque\u00f1o mam\u00edfero que simboliza el esp\u00edritu salvaje y equilibrado de nuestro entorno.<\/p><p data-start=\"630\" data-end=\"888\">Por cada botella vendida, <strong data-start=\"655\" data-end=\"714\">destinamos 0,50\u202f\u20ac al proyecto de conservaci\u00f3n del r\u00edo Siurana<\/strong>, liderado por <a href=\"https:\/\/gepec.cat\/\"><strong>GEPEC-EdC<\/strong><\/a>. Esta iniciativa protege la biodiversidad de la cuenca del r\u00edo mediante acciones de restauraci\u00f3n, estudios de fauna y el impulso de una agricultura sostenible. <\/p><p data-start=\"890\" data-end=\"1030\">Un vino para disfrutar con conciencia, perfecto para acompa\u00f1ar comidas de verano o para regalar a quienes aman la naturaleza, la vi\u00f1a y el futuro del territorio.<\/p><p>Encontrar\u00e9is toda la informaci\u00f3n sobre el proyecto, los motivos para elegir Fu\u00efna y los art\u00edculos del blog relacionados. Desc\u00fabrelo aqu\u00ed: <strong><a href=\"https:\/\/www.etim.cat\/es\/el-vino-fuina-mas-que-un-vino\/\">https:\/\/www.etim.cat\/el-vi-fuina-mes-que-un-vi\/<\/a><\/strong> <\/p><p><strong>\u00a1Ay\u00fadanos a correr la voz y a hacer que este proyecto llegue a m\u00e1s personas!<\/strong><\/p><p data-start=\"890\" data-end=\"1030\"><\/p>\t\t\t\t\t\t\t\t<\/div>\n\t\t\t\t<\/div>\n\t\t\t\t\t<\/div>\n\t\t\t\t<\/div>\n\t\t\t\t<\/div>\n\t\t","protected":false},"excerpt":{"rendered":"<p>Fu\u00efna es mucho m\u00e1s que un vino: es una declaraci\u00f3n de amor por el Priorat. Elaborado con garnacha y cari\u00f1ena ecol\u00f3gicas procedentes del barranco de la Fu\u00efna, en la zona de los Fontanals, es un homenaje al paisaje y a la fauna que lo rodea. Lleva el nombre de la fuina (Martes foina), un peque\u00f1o [&hellip;]<\/p>\n","protected":false},"featured_media":18347,"comment_status":"closed","ping_status":"closed","template":"","meta":[],"product_brand":[],"product_cat":[121],"product_tag":[],"tipus-de-producte":[127],"gamma-de-producte":[],"presentacio":[84],"class_list":{"0":"post-18450","1":"product","2":"type-product","3":"status-publish","4":"has-post-thumbnail","6":"product_cat-vino","7":"tipus-de-producte-vino-tinto","8":"presentacio-vi","10":"first","11":"instock","12":"shipping-taxable","13":"purchasable","14":"product-type-simple"},"aioseo_notices":[],"_links":{"self":[{"href":"https:\/\/www.etim.cat\/es\/wp-json\/wp\/v2\/product\/18450","targetHints":{"allow":["GET"]}}],"collection":[{"href":"https:\/\/www.etim.cat\/es\/wp-json\/wp\/v2\/product"}],"about":[{"href":"https:\/\/www.etim.cat\/es\/wp-json\/wp\/v2\/types\/product"}],"replies":[{"embeddable":true,"href":"https:\/\/www.etim.cat\/es\/wp-json\/wp\/v2\/comments?post=18450"}],"version-history":[{"count":3,"href":"https:\/\/www.etim.cat\/es\/wp-json\/wp\/v2\/product\/18450\/revisions"}],"predecessor-version":[{"id":24155,"href":"https:\/\/www.etim.cat\/es\/wp-json\/wp\/v2\/product\/18450\/revisions\/24155"}],"wp:featuredmedia":[{"embeddable":true,"href":"https:\/\/www.etim.cat\/es\/wp-json\/wp\/v2\/media\/18347"}],"wp:attachment":[{"href":"https:\/\/www.etim.cat\/es\/wp-json\/wp\/v2\/media?parent=18450"}],"wp:term":[{"taxonomy":"product_brand","embeddable":true,"href":"https:\/\/www.etim.cat\/es\/wp-json\/wp\/v2\/product_brand?post=18450"},{"taxonomy":"product_cat","embeddable":true,"href":"https:\/\/www.etim.cat\/es\/wp-json\/wp\/v2\/product_cat?post=18450"},{"taxonomy":"product_tag","embeddable":true,"href":"https:\/\/www.etim.cat\/es\/wp-json\/wp\/v2\/product_tag?post=18450"},{"taxonomy":"tipus-de-producte","embeddable":true,"href":"https:\/\/www.etim.cat\/es\/wp-json\/wp\/v2\/tipus-de-producte?post=18450"},{"taxonomy":"gamma-de-producte","embeddable":true,"href":"https:\/\/www.etim.cat\/es\/wp-json\/wp\/v2\/gamma-de-producte?post=18450"},{"taxonomy":"presentacio","embeddable":true,"href":"https:\/\/www.etim.cat\/es\/wp-json\/wp\/v2\/presentacio?post=18450"}],"curies":[{"name":"wp","href":"https:\/\/api.w.org\/{rel}","templated":true}]}}