{"id":17795,"date":"2024-02-29T08:41:42","date_gmt":"2024-02-29T07:41:42","guid":{"rendered":"https:\/\/www.etim.cat\/?post_type=product&#038;p=17795"},"modified":"2025-09-25T10:32:18","modified_gmt":"2025-09-25T08:32:18","slug":"avellana-tostada-culplana-etim-250gr-2","status":"publish","type":"product","link":"https:\/\/www.etim.cat\/es\/producte\/avellana-tostada-culplana-etim-250gr-2\/","title":{"rendered":"Avellana tostada Culplana 250 g"},"content":{"rendered":"<p>La <strong>avellana Culplana<\/strong> es una variedad originaria de Mar\u00e7\u00e0 y se encuentra extendida por el Priorat y zonas como Vandell\u00f3s, Tivissa y La Fatarella.<\/p>\n<p>Este avellano tiene una ramificaci\u00f3n densa y una forma ca\u00edda. Se cultiva en terrenos arenosos con abundancia de piedra gruesa. Se adapta bien a climas secos y es resistente a las heladas.<\/p>\n<p>La cosecha de la avellana Culplana se realiza entre finales de agosto y principios de setiembre. Tienen un tama\u00f1o que va de mediano a peque\u00f1o, con una forma globular plana, y la c\u00e1scara y el fruto son de color marr\u00f3n claro.<\/p>\n<p>Adem\u00e1s de ser muy buenas, las avellanas son alimentos ricos en grasas saludables, fibra, prote\u00edna vegetal, vitaminas y minerales. Representan una fuente valiosa de antioxidantes, que tienen un papel crucial en la protecci\u00f3n del organismo. \u00a1Son un aut\u00e9ntico tesoro nutricional!<\/p>\n","protected":false},"excerpt":{"rendered":"<p>La <strong>avellana Culplana<\/strong> es una variedad originaria de Mar\u00e7\u00e0 y se encuentra extendida por el Priorat y zonas como Vandell\u00f3s, Tivissa y La Fatarella.<\/p>\n<p>Este avellano tiene una ramificaci\u00f3n densa y una forma ca\u00edda. Se cultiva en terrenos arenosos con abundancia de piedra gruesa. Se adapta bien a climas secos y es resistente a las heladas.<\/p>\n<p>La cosecha de la avellana Culplana se realiza entre finales de agosto y principios de setiembre. Tienen un tama\u00f1o que va de mediano a peque\u00f1o, con una forma globular plana, y la c\u00e1scara y el fruto son de color marr\u00f3n claro.<\/p>\n<p>Adem\u00e1s de ser muy buenas, las avellanas son alimentos ricos en grasas saludables, fibra, prote\u00edna vegetal, vitaminas y minerales. Representan una fuente valiosa de antioxidantes, que tienen un papel crucial en la protecci\u00f3n del organismo. \u00a1Son un aut\u00e9ntico tesoro nutricional!<\/p>\n","protected":false},"featured_media":24608,"comment_status":"closed","ping_status":"closed","template":"","meta":[],"product_brand":[],"product_cat":[202],"product_tag":[],"tipus-de-producte":[159],"gamma-de-producte":[],"presentacio":[86],"class_list":{"0":"post-17795","1":"product","2":"type-product","3":"status-publish","4":"has-post-thumbnail","6":"product_cat-frutos-secos","7":"tipus-de-producte-frutos-secos","8":"presentacio-altres-productes","10":"first","11":"outofstock","12":"shipping-taxable","13":"purchasable","14":"product-type-simple"},"aioseo_notices":[],"_links":{"self":[{"href":"https:\/\/www.etim.cat\/es\/wp-json\/wp\/v2\/product\/17795","targetHints":{"allow":["GET"]}}],"collection":[{"href":"https:\/\/www.etim.cat\/es\/wp-json\/wp\/v2\/product"}],"about":[{"href":"https:\/\/www.etim.cat\/es\/wp-json\/wp\/v2\/types\/product"}],"replies":[{"embeddable":true,"href":"https:\/\/www.etim.cat\/es\/wp-json\/wp\/v2\/comments?post=17795"}],"version-history":[{"count":1,"href":"https:\/\/www.etim.cat\/es\/wp-json\/wp\/v2\/product\/17795\/revisions"}],"predecessor-version":[{"id":24692,"href":"https:\/\/www.etim.cat\/es\/wp-json\/wp\/v2\/product\/17795\/revisions\/24692"}],"wp:featuredmedia":[{"embeddable":true,"href":"https:\/\/www.etim.cat\/es\/wp-json\/wp\/v2\/media\/24608"}],"wp:attachment":[{"href":"https:\/\/www.etim.cat\/es\/wp-json\/wp\/v2\/media?parent=17795"}],"wp:term":[{"taxonomy":"product_brand","embeddable":true,"href":"https:\/\/www.etim.cat\/es\/wp-json\/wp\/v2\/product_brand?post=17795"},{"taxonomy":"product_cat","embeddable":true,"href":"https:\/\/www.etim.cat\/es\/wp-json\/wp\/v2\/product_cat?post=17795"},{"taxonomy":"product_tag","embeddable":true,"href":"https:\/\/www.etim.cat\/es\/wp-json\/wp\/v2\/product_tag?post=17795"},{"taxonomy":"tipus-de-producte","embeddable":true,"href":"https:\/\/www.etim.cat\/es\/wp-json\/wp\/v2\/tipus-de-producte?post=17795"},{"taxonomy":"gamma-de-producte","embeddable":true,"href":"https:\/\/www.etim.cat\/es\/wp-json\/wp\/v2\/gamma-de-producte?post=17795"},{"taxonomy":"presentacio","embeddable":true,"href":"https:\/\/www.etim.cat\/es\/wp-json\/wp\/v2\/presentacio?post=17795"}],"curies":[{"name":"wp","href":"https:\/\/api.w.org\/{rel}","templated":true}]}}