{"id":17193,"date":"2024-02-07T12:54:56","date_gmt":"2024-02-07T11:54:56","guid":{"rendered":"https:\/\/www.etim.cat\/producte\/lot-encamisada\/"},"modified":"2024-09-02T13:01:55","modified_gmt":"2024-09-02T11:01:55","slug":"lot-encamisada","status":"publish","type":"product","link":"https:\/\/www.etim.cat\/es\/producte\/lot-encamisada\/","title":{"rendered":"Lote Encamisada: \u00c8TIM L&#8217;Origen, Vermut de Falset y Tardana Negra"},"content":{"rendered":"<p>La <strong>Encamisada<\/strong> es la fiesta por excelencia de Falset, por este motivo la Cooperativa quiere conmemorarla con este fant\u00e1stico lote que incluye los sabores mas tradicionales del pueblo. El Lote incluye: <\/p>\n<ul>\n<li><strong>\u00c8TIM L&#8217;Origen:<\/strong> un mono varietal de garnacha, la variedad mas caracter\u00edstica y antigua de nuestra zona.<\/li>\n<li><strong>Vermut de Falset:<\/strong> un vermut centenario rico en aromas, equilibrado y con mucha personalidad.<\/li>\n<li><strong>\u00c8TIM Tardana Negra:<\/strong> un 100% garnacha, de vi\u00f1edos de m\u00e1s de 40 a\u00f1os. Un dulce excepcional y poco convencional.<\/li>\n<\/ul>\n<p>&nbsp; Declarada de inter\u00e9s nacional, la <strong>Encamisada<\/strong> es una de las fiestas mas representativas de Falset. Se celebra el fin de semana mas pr\u00f3ximo a San Antonio, el 17 de enero. Los falsetans y falsetanas se bisten con las ropas mas tradicionales y, el s\u00e1bado al atardecer y el domingo al mediod\u00eda, recorren las calles del pueblo con caballos o carruajes. La gran fiesta de Falset en forma de vino. Si quieres saber mas, sigue leyendo haciendo clic al siguiente enlace: <a href=\"https:\/\/www.etim.cat\/per-lencamisada-castell-de-falset-i-la-camisa-tacada\/\" target=\"_blank\" rel=\"noopener\">Fiesta de la Encamisada<\/a><\/p>\n","protected":false},"excerpt":{"rendered":"<p>La Encamisada es la fiesta por excelencia de Falset, por este motivo la Cooperativa quiere conmemorarla con este fant\u00e1stico lote que incluye los sabores mas tradicionales del pueblo. El Lote incluye: <\/p>\n<ul>\n<li>\u00c8TIM L&#8217;Origen: un mono varietal de garnacha, la variedad mas caracter\u00edstica y antigua de nuestra zona<\/li>\n<li>Vermut de Falset: un vermut centenario rico en aromas, equilibrado y con mucha personalidad.<\/li>\n<li>\u00c8TIM Tardana Negra: un 100% garnacha, de vi\u00f1edos de m\u00e1s de 40 a\u00f1os. Un dulce excepcional y poco convencional.<\/li>\n<\/ul>\n<p> Y si quieres leer el art\u00edculo en el que te explicamos que es la Encamisada, clica al siguiente enlace: <a href=\"https:\/\/www.etim.cat\/per-lencamisada-castell-de-falset-i-la-camisa-tacada\/\" target=\"_blank\" rel=\"noopener\">Fiesta de la Encamisada.<\/a><\/p>\n","protected":false},"featured_media":17215,"comment_status":"open","ping_status":"closed","template":"","meta":[],"product_brand":[],"product_cat":[117],"product_tag":[],"tipus-de-producte":[154,161],"gamma-de-producte":[29],"presentacio":[86],"class_list":{"0":"post-17193","1":"product","2":"type-product","3":"status-publish","4":"has-post-thumbnail","6":"product_cat-regalos-y-otros","7":"tipus-de-producte-articulos-de-regalo","8":"tipus-de-producte-lotes","9":"gamma-de-producte-etim","10":"presentacio-altres-productes","12":"first","13":"instock","14":"shipping-taxable","15":"purchasable","16":"product-type-simple"},"aioseo_notices":[],"_links":{"self":[{"href":"https:\/\/www.etim.cat\/es\/wp-json\/wp\/v2\/product\/17193","targetHints":{"allow":["GET"]}}],"collection":[{"href":"https:\/\/www.etim.cat\/es\/wp-json\/wp\/v2\/product"}],"about":[{"href":"https:\/\/www.etim.cat\/es\/wp-json\/wp\/v2\/types\/product"}],"replies":[{"embeddable":true,"href":"https:\/\/www.etim.cat\/es\/wp-json\/wp\/v2\/comments?post=17193"}],"version-history":[{"count":1,"href":"https:\/\/www.etim.cat\/es\/wp-json\/wp\/v2\/product\/17193\/revisions"}],"predecessor-version":[{"id":20253,"href":"https:\/\/www.etim.cat\/es\/wp-json\/wp\/v2\/product\/17193\/revisions\/20253"}],"wp:featuredmedia":[{"embeddable":true,"href":"https:\/\/www.etim.cat\/es\/wp-json\/wp\/v2\/media\/17215"}],"wp:attachment":[{"href":"https:\/\/www.etim.cat\/es\/wp-json\/wp\/v2\/media?parent=17193"}],"wp:term":[{"taxonomy":"product_brand","embeddable":true,"href":"https:\/\/www.etim.cat\/es\/wp-json\/wp\/v2\/product_brand?post=17193"},{"taxonomy":"product_cat","embeddable":true,"href":"https:\/\/www.etim.cat\/es\/wp-json\/wp\/v2\/product_cat?post=17193"},{"taxonomy":"product_tag","embeddable":true,"href":"https:\/\/www.etim.cat\/es\/wp-json\/wp\/v2\/product_tag?post=17193"},{"taxonomy":"tipus-de-producte","embeddable":true,"href":"https:\/\/www.etim.cat\/es\/wp-json\/wp\/v2\/tipus-de-producte?post=17193"},{"taxonomy":"gamma-de-producte","embeddable":true,"href":"https:\/\/www.etim.cat\/es\/wp-json\/wp\/v2\/gamma-de-producte?post=17193"},{"taxonomy":"presentacio","embeddable":true,"href":"https:\/\/www.etim.cat\/es\/wp-json\/wp\/v2\/presentacio?post=17193"}],"curies":[{"name":"wp","href":"https:\/\/api.w.org\/{rel}","templated":true}]}}