{"id":16435,"date":"2025-03-02T10:00:39","date_gmt":"2025-03-02T09:00:39","guid":{"rendered":"https:\/\/www.etim.cat\/producte\/visita-guiada\/"},"modified":"2025-09-22T13:53:03","modified_gmt":"2025-09-22T11:53:03","slug":"visita-guiada","status":"publish","type":"product","link":"https:\/\/www.etim.cat\/es\/producte\/visita-guiada\/","title":{"rendered":"Visita guiada"},"content":{"rendered":"<p>En esta actividad descubriremos juntos los secretos de la Cooperativa, su entorno y lo que la hace m\u00e1s especial, sus productos. La visita os permitir\u00e1 conocer la <strong>Catedral del vino<\/strong> dise\u00f1ada por el arquitecto C\u00e8sar Martinell, disc\u00edpulo de Antoni Gaud\u00ed, un edificio que engloba la practicidad y belleza con m\u00e1s de 100 a\u00f1os de historia. Acompa\u00f1ados por nuestros gu\u00edas conoceremos la <strong>Denominaci\u00f3n de Origen Montsant<\/strong>, las caracter\u00edsticas del entorno y qu\u00e9 cualidades tienen los vinos producidos en este territorio con tanta historia. Os explicaremos los procesos de elaboraci\u00f3n del vermut y los vinos mientras descubrimos el edificio Cooperativo y terminaremos la visita de la mejor manera, en la sala de catas, donde podr\u00e9is degustar nuestro <strong>Vermut de Falset<\/strong> y tres vinos m\u00e1s de la <strong>gama \u00c8TIM<\/strong>. No dej\u00e9is que os lo expliquen. \u00a1Venid a descubrirlo!<\/p>\n","protected":false},"excerpt":{"rendered":"<p>Visita guiada por la Catedral del Vino en la que podr\u00e9is aprender y descubrir el proceso de producci\u00f3n de nuestros vinos adem\u00e1s de catarlos.<\/p>\n","protected":false},"featured_media":22989,"comment_status":"open","ping_status":"closed","template":"","meta":[],"product_brand":[],"product_cat":[113],"product_tag":[],"tipus-de-producte":[],"gamma-de-producte":[],"presentacio":[],"class_list":{"0":"post-16435","1":"product","2":"type-product","3":"status-publish","4":"has-post-thumbnail","6":"product_cat-enoturismo","8":"first","9":"instock","10":"sold-individually","11":"shipping-taxable","12":"purchasable","13":"product-type-booking"},"aioseo_notices":[],"_links":{"self":[{"href":"https:\/\/www.etim.cat\/es\/wp-json\/wp\/v2\/product\/16435","targetHints":{"allow":["GET"]}}],"collection":[{"href":"https:\/\/www.etim.cat\/es\/wp-json\/wp\/v2\/product"}],"about":[{"href":"https:\/\/www.etim.cat\/es\/wp-json\/wp\/v2\/types\/product"}],"replies":[{"embeddable":true,"href":"https:\/\/www.etim.cat\/es\/wp-json\/wp\/v2\/comments?post=16435"}],"version-history":[{"count":2,"href":"https:\/\/www.etim.cat\/es\/wp-json\/wp\/v2\/product\/16435\/revisions"}],"predecessor-version":[{"id":23706,"href":"https:\/\/www.etim.cat\/es\/wp-json\/wp\/v2\/product\/16435\/revisions\/23706"}],"wp:featuredmedia":[{"embeddable":true,"href":"https:\/\/www.etim.cat\/es\/wp-json\/wp\/v2\/media\/22989"}],"wp:attachment":[{"href":"https:\/\/www.etim.cat\/es\/wp-json\/wp\/v2\/media?parent=16435"}],"wp:term":[{"taxonomy":"product_brand","embeddable":true,"href":"https:\/\/www.etim.cat\/es\/wp-json\/wp\/v2\/product_brand?post=16435"},{"taxonomy":"product_cat","embeddable":true,"href":"https:\/\/www.etim.cat\/es\/wp-json\/wp\/v2\/product_cat?post=16435"},{"taxonomy":"product_tag","embeddable":true,"href":"https:\/\/www.etim.cat\/es\/wp-json\/wp\/v2\/product_tag?post=16435"},{"taxonomy":"tipus-de-producte","embeddable":true,"href":"https:\/\/www.etim.cat\/es\/wp-json\/wp\/v2\/tipus-de-producte?post=16435"},{"taxonomy":"gamma-de-producte","embeddable":true,"href":"https:\/\/www.etim.cat\/es\/wp-json\/wp\/v2\/gamma-de-producte?post=16435"},{"taxonomy":"presentacio","embeddable":true,"href":"https:\/\/www.etim.cat\/es\/wp-json\/wp\/v2\/presentacio?post=16435"}],"curies":[{"name":"wp","href":"https:\/\/api.w.org\/{rel}","templated":true}]}}