{"id":10023,"date":"2023-10-31T06:29:11","date_gmt":"2023-10-31T05:29:11","guid":{"rendered":"https:\/\/www.etim.cat\/?post_type=product&#038;p=10023"},"modified":"2026-01-21T11:07:32","modified_gmt":"2026-01-21T10:07:32","slug":"aceite-del-raig-5-litros","status":"publish","type":"product","link":"https:\/\/www.etim.cat\/es\/producte\/aceite-del-raig-5-litros\/","title":{"rendered":"Aceite del Raig 5 litros"},"content":{"rendered":"<p>Se trata, ni mas ni menos, del <strong>aceite del primer \u00abraig\u00bb<\/strong> (aceite que se extrae de las primeras aceitunas que llegan al molino)<\/p>\n<p>Zumo de aceitunas naturales, <strong>sin filtrar<\/strong>. Es el aceite que se extrae de las primeras aceitunas que entran al molino.<\/p>\n<p>El hecho de no pasar por un proceso de filtraci\u00f3n hace que sea m\u00e1s denso, verde y de sabor m\u00e1s fuerte y afrutado.<\/p>\n<p>Es ideal para platos sin cocci\u00f3n. Con una buena rebanada de pan con aceite, con chocolate o en la ensalada, es cuando m\u00e1s notar\u00e1s el intenso sabor. <\/p>\n<p>Se recomienda consumir el aceite del \u00abraig\u00bb antes de la primavera. Pero te damos la soluci\u00f3n para poder hacerte una ensalada con aceite del \u00abraig\u00bb en el mes de agosto: <strong>cong\u00e9lalo<\/strong>. S\u00ed, tal como lo lees. Haz un rinconcito en el congelador y pon una botella de aceite del raig.<\/p>\n<p>Cuando lo saques, ver\u00e1s que su gusto sigue intacto. Ah, y sus propiedades tambi\u00e9n.<\/p>\n","protected":false},"excerpt":{"rendered":"<p>Nuestro aceite proviene de las primeras aceitunas que entran al molino, sin filtrar, su sabor es fuerte y especial, y su color de un verde vivo.<\/p>\n","protected":false},"featured_media":8144,"comment_status":"open","ping_status":"closed","template":"","meta":[],"product_brand":[],"product_cat":[115],"product_tag":[],"tipus-de-producte":[160],"gamma-de-producte":[29],"presentacio":[85],"class_list":{"0":"post-10023","1":"product","2":"type-product","3":"status-publish","4":"has-post-thumbnail","6":"product_cat-aceite-etim","7":"tipus-de-producte-garrafa-de-aceite","8":"gamma-de-producte-etim","9":"presentacio-oli","11":"first","12":"outofstock","13":"shipping-taxable","14":"purchasable","15":"product-type-simple"},"aioseo_notices":[],"_links":{"self":[{"href":"https:\/\/www.etim.cat\/es\/wp-json\/wp\/v2\/product\/10023","targetHints":{"allow":["GET"]}}],"collection":[{"href":"https:\/\/www.etim.cat\/es\/wp-json\/wp\/v2\/product"}],"about":[{"href":"https:\/\/www.etim.cat\/es\/wp-json\/wp\/v2\/types\/product"}],"replies":[{"embeddable":true,"href":"https:\/\/www.etim.cat\/es\/wp-json\/wp\/v2\/comments?post=10023"}],"version-history":[{"count":1,"href":"https:\/\/www.etim.cat\/es\/wp-json\/wp\/v2\/product\/10023\/revisions"}],"predecessor-version":[{"id":25162,"href":"https:\/\/www.etim.cat\/es\/wp-json\/wp\/v2\/product\/10023\/revisions\/25162"}],"wp:featuredmedia":[{"embeddable":true,"href":"https:\/\/www.etim.cat\/es\/wp-json\/wp\/v2\/media\/8144"}],"wp:attachment":[{"href":"https:\/\/www.etim.cat\/es\/wp-json\/wp\/v2\/media?parent=10023"}],"wp:term":[{"taxonomy":"product_brand","embeddable":true,"href":"https:\/\/www.etim.cat\/es\/wp-json\/wp\/v2\/product_brand?post=10023"},{"taxonomy":"product_cat","embeddable":true,"href":"https:\/\/www.etim.cat\/es\/wp-json\/wp\/v2\/product_cat?post=10023"},{"taxonomy":"product_tag","embeddable":true,"href":"https:\/\/www.etim.cat\/es\/wp-json\/wp\/v2\/product_tag?post=10023"},{"taxonomy":"tipus-de-producte","embeddable":true,"href":"https:\/\/www.etim.cat\/es\/wp-json\/wp\/v2\/tipus-de-producte?post=10023"},{"taxonomy":"gamma-de-producte","embeddable":true,"href":"https:\/\/www.etim.cat\/es\/wp-json\/wp\/v2\/gamma-de-producte?post=10023"},{"taxonomy":"presentacio","embeddable":true,"href":"https:\/\/www.etim.cat\/es\/wp-json\/wp\/v2\/presentacio?post=10023"}],"curies":[{"name":"wp","href":"https:\/\/api.w.org\/{rel}","templated":true}]}}