{"id":10020,"date":"2023-10-13T10:40:10","date_gmt":"2023-10-13T08:40:10","guid":{"rendered":"https:\/\/www.etim.cat\/?post_type=product&#038;p=10020"},"modified":"2026-03-05T20:54:14","modified_gmt":"2026-03-05T19:54:14","slug":"aceite-de-oliva-virgen-extra-cervus-5-litros","status":"publish","type":"product","link":"https:\/\/www.etim.cat\/es\/producte\/aceite-de-oliva-virgen-extra-cervus-5-litros\/","title":{"rendered":"Aceite de Oliva Virgen Extra Cervus 5 litros"},"content":{"rendered":"<p><span style=\"font-weight: 400;\">Lo que hace especial<\/span> <b>el aceite de oliva virgen extra<\/b> <span style=\"font-weight: 400;\">es el lugar en el que nace, su proceso de elaboraci\u00f3n y la tradici\u00f3n que hay detr\u00e1s.<\/span><\/p>\n<p><span style=\"font-weight: 400;\">La variedad arbequina es considerada una de las mejores del mundo, tanto por la cantidad de producci\u00f3n como por la calidad del aceite que se extrae. <\/span><span style=\"font-weight: 400;\">Nuestro aceite se elabora a partir de esta variedad. Es resistente y se adapta a diferentes condiciones de clima y suelo. <\/span><\/p>\n<p><span style=\"font-weight: 400;\">Es un aceite obtenido por procedimientos mec\u00e1nicos, no qu\u00edmicos, por lo tanto conserva todas sus propiedades, especialmente de sabor y aromas.<\/span><\/p>\n<p><span style=\"font-weight: 400;\">El aceite de oliva virgen extra no caduca, aunque, si no se conserva adecuadamente, pierde el gusto y las propiedades. <\/span><\/p>\n<p>\u00bfQuieres saber consejos para evitar malgastar aceite de oliva virgen extra y que te dure m\u00e1s tiempo en perfectas condiciones, recetas y mucho m\u00e1s? <a href=\"https:\/\/www.etim.cat\/blog\/\">\u00a1lee en nuestro blog<\/a> los art\u00edculos sobre el aceite de oliva virgen extra que te hemos preparado!<\/p>\n","protected":false},"excerpt":{"rendered":"<p>El aceite Cervus es un aceite aut\u00e9ntico elaborado con procesos mec\u00e1nicos y no qu\u00edmicos, lo cual hace que sus propiedades y cualidades se conserven mejor.<\/p>\n","protected":false},"featured_media":25122,"comment_status":"open","ping_status":"closed","template":"","meta":[],"product_brand":[],"product_cat":[115],"product_tag":[],"tipus-de-producte":[160],"gamma-de-producte":[29],"presentacio":[85],"class_list":{"0":"post-10020","1":"product","2":"type-product","3":"status-publish","4":"has-post-thumbnail","6":"product_cat-aceite-etim","7":"tipus-de-producte-garrafa-de-aceite","8":"gamma-de-producte-etim","9":"presentacio-oli","11":"first","12":"instock","13":"shipping-taxable","14":"purchasable","15":"product-type-simple"},"aioseo_notices":[],"_links":{"self":[{"href":"https:\/\/www.etim.cat\/es\/wp-json\/wp\/v2\/product\/10020","targetHints":{"allow":["GET"]}}],"collection":[{"href":"https:\/\/www.etim.cat\/es\/wp-json\/wp\/v2\/product"}],"about":[{"href":"https:\/\/www.etim.cat\/es\/wp-json\/wp\/v2\/types\/product"}],"replies":[{"embeddable":true,"href":"https:\/\/www.etim.cat\/es\/wp-json\/wp\/v2\/comments?post=10020"}],"version-history":[{"count":2,"href":"https:\/\/www.etim.cat\/es\/wp-json\/wp\/v2\/product\/10020\/revisions"}],"predecessor-version":[{"id":25165,"href":"https:\/\/www.etim.cat\/es\/wp-json\/wp\/v2\/product\/10020\/revisions\/25165"}],"wp:featuredmedia":[{"embeddable":true,"href":"https:\/\/www.etim.cat\/es\/wp-json\/wp\/v2\/media\/25122"}],"wp:attachment":[{"href":"https:\/\/www.etim.cat\/es\/wp-json\/wp\/v2\/media?parent=10020"}],"wp:term":[{"taxonomy":"product_brand","embeddable":true,"href":"https:\/\/www.etim.cat\/es\/wp-json\/wp\/v2\/product_brand?post=10020"},{"taxonomy":"product_cat","embeddable":true,"href":"https:\/\/www.etim.cat\/es\/wp-json\/wp\/v2\/product_cat?post=10020"},{"taxonomy":"product_tag","embeddable":true,"href":"https:\/\/www.etim.cat\/es\/wp-json\/wp\/v2\/product_tag?post=10020"},{"taxonomy":"tipus-de-producte","embeddable":true,"href":"https:\/\/www.etim.cat\/es\/wp-json\/wp\/v2\/tipus-de-producte?post=10020"},{"taxonomy":"gamma-de-producte","embeddable":true,"href":"https:\/\/www.etim.cat\/es\/wp-json\/wp\/v2\/gamma-de-producte?post=10020"},{"taxonomy":"presentacio","embeddable":true,"href":"https:\/\/www.etim.cat\/es\/wp-json\/wp\/v2\/presentacio?post=10020"}],"curies":[{"name":"wp","href":"https:\/\/api.w.org\/{rel}","templated":true}]}}