{"id":10006,"date":"2024-06-27T06:00:27","date_gmt":"2024-06-27T04:00:27","guid":{"rendered":"https:\/\/www.etim.cat\/producte\/etim-sinestesic-dolca-carinyena-2\/"},"modified":"2024-08-26T13:36:16","modified_gmt":"2024-08-26T11:36:16","slug":"etim-sinestesic-dolca-carinena","status":"publish","type":"product","link":"https:\/\/www.etim.cat\/es\/producte\/etim-sinestesic-dolca-carinena\/","title":{"rendered":"\u00c8TIM Sinest\u00e8sics Dol\u00e7a Carinyena"},"content":{"rendered":"<p>Monovarietal de cari\u00f1ena dulce. <strong>El vino del dedal, del peque\u00f1o comit\u00e9<\/strong>. Vino tinto dulce de vendimia sobre madura. Una manera \u00fanica de expresarse la cari\u00f1ena. Aromas a fruta pasificada y bals\u00e1micos. Sorprendente en el primer sorbo por la falta de una dulzura esperada que aparece a medida que se disipa garganta abajo. Mar\u00eddalo con quesos, sobretodo de cabra, pero <strong>lo ideal es tomarlo solo durante la sobremesa<\/strong>. <strong>Una peque\u00f1a botella de 25cl que no te dejar\u00e1 indiferente. <\/strong>Es un vino de postres, ideal para poner el punto final a las comidas, para redondear el momento con una bonita sobremesa.<\/p>\n","protected":false},"excerpt":{"rendered":"<p>El sabor m\u00e1s dulce concentrado en una botella de 25 cl que no deja indiferente a nadie, adem\u00e1s incluye un estuche perfecto para llev\u00e1rtelo a cualquier sitio o para regalar.<\/p>\n","protected":false},"featured_media":15101,"comment_status":"open","ping_status":"closed","template":"","meta":[],"product_brand":[],"product_cat":[30],"product_tag":[],"tipus-de-producte":[33],"gamma-de-producte":[29],"presentacio":[84],"class_list":{"0":"post-10006","1":"product","2":"type-product","3":"status-publish","4":"has-post-thumbnail","6":"product_cat-vins","7":"tipus-de-producte-vi-generos","8":"gamma-de-producte-etim","9":"presentacio-vi","11":"first","12":"instock","13":"shipping-taxable","14":"purchasable","15":"product-type-simple"},"aioseo_notices":[],"_links":{"self":[{"href":"https:\/\/www.etim.cat\/es\/wp-json\/wp\/v2\/product\/10006","targetHints":{"allow":["GET"]}}],"collection":[{"href":"https:\/\/www.etim.cat\/es\/wp-json\/wp\/v2\/product"}],"about":[{"href":"https:\/\/www.etim.cat\/es\/wp-json\/wp\/v2\/types\/product"}],"replies":[{"embeddable":true,"href":"https:\/\/www.etim.cat\/es\/wp-json\/wp\/v2\/comments?post=10006"}],"version-history":[{"count":1,"href":"https:\/\/www.etim.cat\/es\/wp-json\/wp\/v2\/product\/10006\/revisions"}],"predecessor-version":[{"id":20194,"href":"https:\/\/www.etim.cat\/es\/wp-json\/wp\/v2\/product\/10006\/revisions\/20194"}],"wp:featuredmedia":[{"embeddable":true,"href":"https:\/\/www.etim.cat\/es\/wp-json\/wp\/v2\/media\/15101"}],"wp:attachment":[{"href":"https:\/\/www.etim.cat\/es\/wp-json\/wp\/v2\/media?parent=10006"}],"wp:term":[{"taxonomy":"product_brand","embeddable":true,"href":"https:\/\/www.etim.cat\/es\/wp-json\/wp\/v2\/product_brand?post=10006"},{"taxonomy":"product_cat","embeddable":true,"href":"https:\/\/www.etim.cat\/es\/wp-json\/wp\/v2\/product_cat?post=10006"},{"taxonomy":"product_tag","embeddable":true,"href":"https:\/\/www.etim.cat\/es\/wp-json\/wp\/v2\/product_tag?post=10006"},{"taxonomy":"tipus-de-producte","embeddable":true,"href":"https:\/\/www.etim.cat\/es\/wp-json\/wp\/v2\/tipus-de-producte?post=10006"},{"taxonomy":"gamma-de-producte","embeddable":true,"href":"https:\/\/www.etim.cat\/es\/wp-json\/wp\/v2\/gamma-de-producte?post=10006"},{"taxonomy":"presentacio","embeddable":true,"href":"https:\/\/www.etim.cat\/es\/wp-json\/wp\/v2\/presentacio?post=10006"}],"curies":[{"name":"wp","href":"https:\/\/api.w.org\/{rel}","templated":true}]}}