{"id":10003,"date":"2022-09-19T12:05:17","date_gmt":"2022-09-19T10:05:17","guid":{"rendered":"https:\/\/www.etim.cat\/producte\/vermut-de-falset-negro\/"},"modified":"2025-09-25T11:18:08","modified_gmt":"2025-09-25T09:18:08","slug":"vermut-de-falset-tinto","status":"publish","type":"product","link":"https:\/\/www.etim.cat\/es\/producte\/vermut-de-falset-tinto\/","title":{"rendered":"Vermut de Falset Tinto"},"content":{"rendered":"<p>Hoy en d\u00eda hemos recuperado la f\u00f3rmula original del <strong>Vermut de Falset Negro<\/strong> para poder seguir disfrut\u00e1ndolo, ya que se hab\u00eda perdido a los a\u00f1os 60. Lo elaboramos con <strong>garnacha negra y cari\u00f1ena<\/strong>, que se vinifiquen como cualquier otro vino. Cuando tenemos el vino a punto, se estabiliza, se filtra y a\u00f1adimos la infusi\u00f3n hecha con las 120 hierbas arom\u00e1ticas, que ha estado macerando durante m\u00e1s de un a\u00f1o botas de roble de 500 litros. El resultado es un vino arom\u00e1tico de color rojo intenso. Esta infusi\u00f3n se a\u00f1ade al vino que hace de base, lo endulzamos con az\u00facar y lo dejamos reposar durante casi 3 a\u00f1os en botas de 225 litros. A diferencia de otros vermuts tintos, al nuestro <strong>no le a\u00f1adimos caramelo<\/strong>. Entre sus aromas destacan los de un vino tinto mezclado don las hierbas mediterr\u00e1neos que se utilizan en la infusi\u00f3n. Encontrar\u00e1s notas de hoja de tabaco y toques de madera de trasfondo. Es un vermut muy equilibrado. <em>Ideal como aperitivo pero tambi\u00e9n como digestivo, para despu\u00e9s de las comidas.<\/em><\/p>\n","protected":false},"excerpt":{"rendered":"<p>El vermut es un t\u00edpico de Falset y, por fin, hemos recuperado el vermut negro que se hab\u00eda perdido en los a\u00f1os 60. \u00a1Una combinaci\u00f3n perfecta de garnacha, cari\u00f1ena y hierbas arom\u00e1ticas que no deja indiferente a nadie!<\/p>\n","protected":false},"featured_media":19246,"comment_status":"open","ping_status":"closed","template":"","meta":[],"product_brand":[],"product_cat":[119],"product_tag":[],"tipus-de-producte":[146],"gamma-de-producte":[41],"presentacio":[84],"class_list":{"0":"post-10003","1":"product","2":"type-product","3":"status-publish","4":"has-post-thumbnail","6":"product_cat-vermut-es","7":"tipus-de-producte-vermut-es","8":"gamma-de-producte-vermut-de-falset","9":"presentacio-vi","11":"first","12":"instock","13":"shipping-taxable","14":"purchasable","15":"product-type-simple"},"aioseo_notices":[],"_links":{"self":[{"href":"https:\/\/www.etim.cat\/es\/wp-json\/wp\/v2\/product\/10003","targetHints":{"allow":["GET"]}}],"collection":[{"href":"https:\/\/www.etim.cat\/es\/wp-json\/wp\/v2\/product"}],"about":[{"href":"https:\/\/www.etim.cat\/es\/wp-json\/wp\/v2\/types\/product"}],"replies":[{"embeddable":true,"href":"https:\/\/www.etim.cat\/es\/wp-json\/wp\/v2\/comments?post=10003"}],"version-history":[{"count":1,"href":"https:\/\/www.etim.cat\/es\/wp-json\/wp\/v2\/product\/10003\/revisions"}],"predecessor-version":[{"id":20263,"href":"https:\/\/www.etim.cat\/es\/wp-json\/wp\/v2\/product\/10003\/revisions\/20263"}],"wp:featuredmedia":[{"embeddable":true,"href":"https:\/\/www.etim.cat\/es\/wp-json\/wp\/v2\/media\/19246"}],"wp:attachment":[{"href":"https:\/\/www.etim.cat\/es\/wp-json\/wp\/v2\/media?parent=10003"}],"wp:term":[{"taxonomy":"product_brand","embeddable":true,"href":"https:\/\/www.etim.cat\/es\/wp-json\/wp\/v2\/product_brand?post=10003"},{"taxonomy":"product_cat","embeddable":true,"href":"https:\/\/www.etim.cat\/es\/wp-json\/wp\/v2\/product_cat?post=10003"},{"taxonomy":"product_tag","embeddable":true,"href":"https:\/\/www.etim.cat\/es\/wp-json\/wp\/v2\/product_tag?post=10003"},{"taxonomy":"tipus-de-producte","embeddable":true,"href":"https:\/\/www.etim.cat\/es\/wp-json\/wp\/v2\/tipus-de-producte?post=10003"},{"taxonomy":"gamma-de-producte","embeddable":true,"href":"https:\/\/www.etim.cat\/es\/wp-json\/wp\/v2\/gamma-de-producte?post=10003"},{"taxonomy":"presentacio","embeddable":true,"href":"https:\/\/www.etim.cat\/es\/wp-json\/wp\/v2\/presentacio?post=10003"}],"curies":[{"name":"wp","href":"https:\/\/api.w.org\/{rel}","templated":true}]}}