{"id":7680,"date":"2022-09-09T11:05:47","date_gmt":"2022-09-09T09:05:47","guid":{"rendered":"https:\/\/www.etim.cat\/vermuts\/"},"modified":"2023-06-28T13:32:21","modified_gmt":"2023-06-28T11:32:21","slug":"vermuts","status":"publish","type":"page","link":"https:\/\/www.etim.cat\/es\/vermuts\/","title":{"rendered":"Vermuts"},"content":{"rendered":"\t\t<div data-elementor-type=\"wp-post\" data-elementor-id=\"7680\" class=\"elementor elementor-7680\" data-elementor-post-type=\"page\">\n\t\t\t\t\t\t<section data-particle_enable=\"false\" data-particle-mobile-disabled=\"false\" class=\"elementor-section elementor-top-section elementor-element elementor-element-ca016f7 elementor-section-height-min-height premium-parallax-yes elementor-section-boxed elementor-section-height-default elementor-section-items-middle\" data-id=\"ca016f7\" data-element_type=\"section\" data-e-type=\"section\" data-settings=\"{&quot;background_background&quot;:&quot;slideshow&quot;,&quot;background_slideshow_gallery&quot;:[{&quot;id&quot;:11591,&quot;url&quot;:&quot;https:\\\/\\\/www.etim.cat\\\/wp-content\\\/uploads\\\/2022\\\/09\\\/vermut-negre-web.png&quot;},{&quot;id&quot;:5694,&quot;url&quot;:&quot;https:\\\/\\\/www.etim.cat\\\/wp-content\\\/uploads\\\/2022\\\/09\\\/imatge-vermut-amic-portada.png&quot;},{&quot;id&quot;:11578,&quot;url&quot;:&quot;https:\\\/\\\/www.etim.cat\\\/wp-content\\\/uploads\\\/2023\\\/03\\\/banner-web-vermut.png&quot;},{&quot;id&quot;:4960,&quot;url&quot;:&quot;https:\\\/\\\/www.etim.cat\\\/wp-content\\\/uploads\\\/2022\\\/02\\\/2Y0A3657-1.jpg&quot;}],&quot;background_slideshow_ken_burns&quot;:&quot;yes&quot;,&quot;background_slideshow_loop&quot;:&quot;yes&quot;,&quot;background_slideshow_slide_duration&quot;:5000,&quot;background_slideshow_slide_transition&quot;:&quot;fade&quot;,&quot;background_slideshow_transition_duration&quot;:500,&quot;background_slideshow_ken_burns_zoom_direction&quot;:&quot;in&quot;}\">\n\t\t\t\t\t\t\t<div class=\"elementor-background-overlay\"><\/div>\n\t\t\t\t\t\t\t<div class=\"elementor-container elementor-column-gap-default\">\n\t\t\t\t\t<div class=\"elementor-column elementor-col-100 elementor-top-column elementor-element elementor-element-dc378cf\" data-id=\"dc378cf\" data-element_type=\"column\" data-e-type=\"column\">\n\t\t\t<div class=\"elementor-widget-wrap elementor-element-populated\">\n\t\t\t\t\t\t<div class=\"elementor-element elementor-element-2a56ccc elementor-widget__width-initial elementor-widget elementor-widget-heading\" data-id=\"2a56ccc\" data-element_type=\"widget\" data-e-type=\"widget\" data-widget_type=\"heading.default\">\n\t\t\t\t<div class=\"elementor-widget-container\">\n\t\t\t\t\t<h2 class=\"elementor-heading-title elementor-size-default\">Atr\u00e9vete con unos vermuts diferentes y atrevidos<\/h2>\t\t\t\t<\/div>\n\t\t\t\t<\/div>\n\t\t\t\t<div class=\"elementor-element elementor-element-7df4630 elementor-widget elementor-widget-spacer\" data-id=\"7df4630\" data-element_type=\"widget\" data-e-type=\"widget\" data-widget_type=\"spacer.default\">\n\t\t\t\t<div class=\"elementor-widget-container\">\n\t\t\t\t\t\t\t<div class=\"elementor-spacer\">\n\t\t\t<div class=\"elementor-spacer-inner\"><\/div>\n\t\t<\/div>\n\t\t\t\t\t\t<\/div>\n\t\t\t\t<\/div>\n\t\t\t\t<div class=\"elementor-element elementor-element-bbf638b elementor-widget elementor-widget-heading\" data-id=\"bbf638b\" data-element_type=\"widget\" data-e-type=\"widget\" data-widget_type=\"heading.default\">\n\t\t\t\t<div class=\"elementor-widget-container\">\n\t\t\t\t\t<h4 class=\"elementor-heading-title elementor-size-default\">Una bota centenaria que no se ha vaciado nunca lo convierte en el secreto mejor guardado generaci\u00f3n tras generaci\u00f3n.<\/h4>\t\t\t\t<\/div>\n\t\t\t\t<\/div>\n\t\t\t\t\t<\/div>\n\t\t<\/div>\n\t\t\t\t\t<\/div>\n\t\t<\/section>\n\t\t\t\t<section data-particle_enable=\"false\" data-particle-mobile-disabled=\"false\" class=\"elementor-section elementor-top-section elementor-element elementor-element-13fff4d elementor-section-boxed elementor-section-height-default elementor-section-height-default\" data-id=\"13fff4d\" data-element_type=\"section\" data-e-type=\"section\">\n\t\t\t\t\t\t<div class=\"elementor-container elementor-column-gap-default\">\n\t\t\t\t\t<div class=\"elementor-column elementor-col-100 elementor-top-column elementor-element elementor-element-38f81d9\" data-id=\"38f81d9\" data-element_type=\"column\" data-e-type=\"column\">\n\t\t\t<div class=\"elementor-widget-wrap elementor-element-populated\">\n\t\t\t\t\t\t<div class=\"elementor-element elementor-element-c24546a elementor-widget__width-initial elementor-widget elementor-widget-text-editor\" data-id=\"c24546a\" data-element_type=\"widget\" data-e-type=\"widget\" data-widget_type=\"text-editor.default\">\n\t\t\t\t<div class=\"elementor-widget-container\">\n\t\t\t\t\t\t\t\t\t<p style=\"text-align: center;\">Lo que hace \u00fanicos los vermuts de la <strong>Cooperativa Falset Mar\u00e7\u00e0<\/strong> <span style=\"color: var( --e-global-color-text ); font-family: var( --e-global-typography-text-font-family ), Sans-serif; font-weight: var( --e-global-typography-text-font-weight ); letter-spacing: 0px;\">es que la base de vino para elaborarlos la hacemos nosotros mismos<\/span>. <span style=\"color: var( --e-global-color-text ); font-family: var( --e-global-typography-text-font-family ), Sans-serif; font-weight: var( --e-global-typography-text-font-weight ); letter-spacing: 0px;\">Y lo que empieza con una buena base, s\u00f3lo puede terminar de mejor forma.<\/span><\/p>\n<p style=\"text-align: center;\">La f\u00f3rmula secreta de las <strong>120 hierbas arom\u00e1ticas<\/strong> que lo componen lo transforman en <span style=\"color: var( --e-global-color-text ); font-family: var( --e-global-typography-text-font-family ), Sans-serif; font-weight: var( --e-global-typography-text-font-weight ); letter-spacing: 0px;\">un vermut con personalidad, atrevido y con un recorrido hist\u00f3rico<\/span>.<\/p>\n<p style=\"text-align: center;\">Su receta centenaria, que data del 1912 la saben muy pocos, y es por eso que nos gusta decir que es nuestro <strong>secreto mejor guardado<\/strong>.<\/p>\n<p style=\"text-align: center;\"> El <strong>Vermut de Falset<\/strong> ha sido siempre el aperitivo por excelencia de nuestras tierras.<\/p>\n\t\t\t\t\t\t\t\t<\/div>\n\t\t\t\t<\/div>\n\t\t\t\t\t<\/div>\n\t\t<\/div>\n\t\t\t\t\t<\/div>\n\t\t<\/section>\n\t\t\t\t<section data-particle_enable=\"false\" data-particle-mobile-disabled=\"false\" class=\"elementor-section elementor-top-section elementor-element elementor-element-6e50db0 elementor-section-boxed elementor-section-height-default elementor-section-height-default\" data-id=\"6e50db0\" data-element_type=\"section\" data-e-type=\"section\">\n\t\t\t\t\t\t<div class=\"elementor-container elementor-column-gap-default\">\n\t\t\t\t\t<div class=\"elementor-column elementor-col-100 elementor-top-column elementor-element elementor-element-f5a763b\" data-id=\"f5a763b\" data-element_type=\"column\" data-e-type=\"column\">\n\t\t\t<div class=\"elementor-widget-wrap elementor-element-populated\">\n\t\t\t\t\t\t<div class=\"elementor-element elementor-element-ddb4e88 elementor-product-loop-item--align-center vermouth-products elementor-grid-mobile-1 elementor-grid-tablet-2 elementor-grid-4 elementor-products-grid elementor-wc-products elementor-widget elementor-widget-woocommerce-products\" data-id=\"ddb4e88\" data-element_type=\"widget\" data-e-type=\"widget\" data-widget_type=\"woocommerce-products.default\">\n\t\t\t\t<div class=\"elementor-widget-container\">\n\t\t\t\t\t<div class=\"woocommerce columns-4 \"><ul class=\"products elementor-grid columns-4\">\n<li class=\"product type-product post-10003 status-publish first instock product_cat-vermut-es has-post-thumbnail shipping-taxable purchasable product-type-simple\">\n\t<a href=\"https:\/\/www.etim.cat\/es\/producte\/vermut-de-falset-tinto\/\" class=\"woocommerce-LoopProduct-link woocommerce-loop-product__link\"><img fetchpriority=\"high\" decoding=\"async\" width=\"600\" height=\"600\" src=\"https:\/\/www.etim.cat\/wp-content\/uploads\/2022\/09\/VERMUT-NEGRE-POSAGOTS.png\" class=\"attachment-woocommerce_thumbnail size-woocommerce_thumbnail\" alt=\"Vermut de Falset Tinto\" srcset=\"https:\/\/www.etim.cat\/wp-content\/uploads\/2022\/09\/VERMUT-NEGRE-POSAGOTS.png 600w, https:\/\/www.etim.cat\/wp-content\/uploads\/2022\/09\/VERMUT-NEGRE-POSAGOTS-300x300.png 300w, https:\/\/www.etim.cat\/wp-content\/uploads\/2022\/09\/VERMUT-NEGRE-POSAGOTS-150x150.png 150w, https:\/\/www.etim.cat\/wp-content\/uploads\/2022\/09\/VERMUT-NEGRE-POSAGOTS-100x100.png 100w\" sizes=\"(max-width: 600px) 100vw, 600px\" \/><h2 class=\"woocommerce-loop-product__title\">Vermut de Falset Tinto<\/h2><p class=\"loop-price\"><div><span class=\"woocommerce-Price-amount amount\"><bdi>7,89&nbsp;<span class=\"woocommerce-Price-currencySymbol\">&euro;<\/span><\/bdi><\/span><\/div><\/p><div class=\"star-rating\" role=\"img\" aria-label=\"Valorado con 3.50 de 5\"><span style=\"width:70%\">Valorado con <strong class=\"rating\">3.50<\/strong> de 5<\/span><\/div><\/a><form action=\"\/es\/wp-json\/wp\/v2\/pages\/7680?add-to-cart=10003\" class=\"cart etim-add-to-cart\" method=\"post\" enctype=\"multipart\/form-data\"><div class=\"quantity\">\n\t\t<label class=\"screen-reader-text\" for=\"quantity_69fa3ab7f14ff\">Vermut de Falset Tinto cantidad<\/label>\n\t<input\n\t\ttype=\"number\"\n\t\t\t\tid=\"quantity_69fa3ab7f14ff\"\n\t\tclass=\"input-text qty text\"\n\t\tname=\"quantity\"\n\t\tvalue=\"1\"\n\t\taria-label=\"Cantidad de productos\"\n\t\t\t\tmin=\"1\"\n\t\t\t\t\t\t\tstep=\"1\"\n\t\t\tplaceholder=\"\"\n\t\t\tinputmode=\"numeric\"\n\t\t\tautocomplete=\"off\"\n\t\t\t\/>\n\t<\/div>\n<button type=\"submit\" class=\"button alt\">A\u00f1adir al carrito<\/button><\/form>\t<span id=\"woocommerce_loop_add_to_cart_link_describedby_10003\" class=\"screen-reader-text\">\n\t\t\t<\/span>\n<\/li>\n<li class=\"product type-product post-10004 status-publish instock product_cat-vermut-es has-post-thumbnail shipping-taxable purchasable product-type-simple\">\n\t<a href=\"https:\/\/www.etim.cat\/es\/producte\/vermut-de-falset-blanco\/\" class=\"woocommerce-LoopProduct-link woocommerce-loop-product__link\"><img decoding=\"async\" width=\"600\" height=\"600\" src=\"https:\/\/www.etim.cat\/wp-content\/uploads\/2022\/09\/VERMUT-BLANC-POSAGOTS.png\" class=\"attachment-woocommerce_thumbnail size-woocommerce_thumbnail\" alt=\"Vermut de Falset Blanco\" srcset=\"https:\/\/www.etim.cat\/wp-content\/uploads\/2022\/09\/VERMUT-BLANC-POSAGOTS.png 600w, https:\/\/www.etim.cat\/wp-content\/uploads\/2022\/09\/VERMUT-BLANC-POSAGOTS-300x300.png 300w, https:\/\/www.etim.cat\/wp-content\/uploads\/2022\/09\/VERMUT-BLANC-POSAGOTS-150x150.png 150w, https:\/\/www.etim.cat\/wp-content\/uploads\/2022\/09\/VERMUT-BLANC-POSAGOTS-100x100.png 100w\" sizes=\"(max-width: 600px) 100vw, 600px\" \/><h2 class=\"woocommerce-loop-product__title\">Vermut de Falset Blanco<\/h2><p class=\"loop-price\"><div><span class=\"woocommerce-Price-amount amount\"><bdi>7,89&nbsp;<span class=\"woocommerce-Price-currencySymbol\">&euro;<\/span><\/bdi><\/span><\/div><\/p><div class=\"star-rating\" role=\"img\" aria-label=\"Valorado con 5.00 de 5\"><span style=\"width:100%\">Valorado con <strong class=\"rating\">5.00<\/strong> de 5<\/span><\/div><\/a><form action=\"\/es\/wp-json\/wp\/v2\/pages\/7680?add-to-cart=10004\" class=\"cart etim-add-to-cart\" method=\"post\" enctype=\"multipart\/form-data\"><div class=\"quantity\">\n\t\t<label class=\"screen-reader-text\" for=\"quantity_69fa3ab7f3922\">Vermut de Falset Blanco cantidad<\/label>\n\t<input\n\t\ttype=\"number\"\n\t\t\t\tid=\"quantity_69fa3ab7f3922\"\n\t\tclass=\"input-text qty text\"\n\t\tname=\"quantity\"\n\t\tvalue=\"1\"\n\t\taria-label=\"Cantidad de productos\"\n\t\t\t\tmin=\"1\"\n\t\t\t\t\t\t\tstep=\"1\"\n\t\t\tplaceholder=\"\"\n\t\t\tinputmode=\"numeric\"\n\t\t\tautocomplete=\"off\"\n\t\t\t\/>\n\t<\/div>\n<button type=\"submit\" class=\"button alt\">A\u00f1adir al carrito<\/button><\/form>\t<span id=\"woocommerce_loop_add_to_cart_link_describedby_10004\" class=\"screen-reader-text\">\n\t\t\t<\/span>\n<\/li>\n<li class=\"product type-product post-10002 status-publish instock product_cat-vermut-es has-post-thumbnail shipping-taxable purchasable product-type-simple\">\n\t<a href=\"https:\/\/www.etim.cat\/es\/producte\/vermut-reserva\/\" class=\"woocommerce-LoopProduct-link woocommerce-loop-product__link\"><img decoding=\"async\" width=\"600\" height=\"600\" src=\"https:\/\/www.etim.cat\/wp-content\/uploads\/2022\/02\/Vermut-Reserva-web-600x600.png\" class=\"attachment-woocommerce_thumbnail size-woocommerce_thumbnail\" alt=\"VERMUT RESERVA \" srcset=\"https:\/\/www.etim.cat\/wp-content\/uploads\/2022\/02\/Vermut-Reserva-web-600x600.png 600w, https:\/\/www.etim.cat\/wp-content\/uploads\/2022\/02\/Vermut-Reserva-web-100x100.png 100w, https:\/\/www.etim.cat\/wp-content\/uploads\/2022\/02\/Vermut-Reserva-web-1000x1000.png 1000w, https:\/\/www.etim.cat\/wp-content\/uploads\/2022\/02\/Vermut-Reserva-web-300x300.png 300w, https:\/\/www.etim.cat\/wp-content\/uploads\/2022\/02\/Vermut-Reserva-web-1024x1024.png 1024w, https:\/\/www.etim.cat\/wp-content\/uploads\/2022\/02\/Vermut-Reserva-web-150x150.png 150w, https:\/\/www.etim.cat\/wp-content\/uploads\/2022\/02\/Vermut-Reserva-web-768x768.png 768w, https:\/\/www.etim.cat\/wp-content\/uploads\/2022\/02\/Vermut-Reserva-web-1536x1536.png 1536w, https:\/\/www.etim.cat\/wp-content\/uploads\/2022\/02\/Vermut-Reserva-web.png 2000w\" sizes=\"(max-width: 600px) 100vw, 600px\" \/><h2 class=\"woocommerce-loop-product__title\">Vermut Reserva<\/h2><p class=\"loop-price\"><div><span class=\"woocommerce-Price-amount amount\"><bdi>55,00&nbsp;<span class=\"woocommerce-Price-currencySymbol\">&euro;<\/span><\/bdi><\/span><\/div><\/p><div class=\"star-rating\" role=\"img\" aria-label=\"Valorado con 5.00 de 5\"><span style=\"width:100%\">Valorado con <strong class=\"rating\">5.00<\/strong> de 5<\/span><\/div><\/a><form action=\"\/es\/wp-json\/wp\/v2\/pages\/7680?add-to-cart=10002\" class=\"cart etim-add-to-cart\" method=\"post\" enctype=\"multipart\/form-data\"><div class=\"quantity\">\n\t\t<label class=\"screen-reader-text\" for=\"quantity_69fa3ab802772\">Vermut Reserva cantidad<\/label>\n\t<input\n\t\ttype=\"number\"\n\t\t\t\tid=\"quantity_69fa3ab802772\"\n\t\tclass=\"input-text qty text\"\n\t\tname=\"quantity\"\n\t\tvalue=\"1\"\n\t\taria-label=\"Cantidad de productos\"\n\t\t\t\tmin=\"1\"\n\t\t\t\t\t\t\tstep=\"1\"\n\t\t\tplaceholder=\"\"\n\t\t\tinputmode=\"numeric\"\n\t\t\tautocomplete=\"off\"\n\t\t\t\/>\n\t<\/div>\n<button type=\"submit\" class=\"button alt\">A\u00f1adir al carrito<\/button><\/form>\t<span id=\"woocommerce_loop_add_to_cart_link_describedby_10002\" class=\"screen-reader-text\">\n\t\t\t<\/span>\n<\/li>\n<li class=\"product type-product post-7619 status-publish last instock product_cat-regalos-y-otros product_cat-vermut-es has-post-thumbnail shipping-taxable purchasable product-type-simple\">\n\t<a href=\"https:\/\/www.etim.cat\/es\/producte\/estuche-vermut-dos-vasos-y-aceitunas\/\" class=\"woocommerce-LoopProduct-link woocommerce-loop-product__link\"><img loading=\"lazy\" decoding=\"async\" width=\"600\" height=\"600\" src=\"https:\/\/www.etim.cat\/wp-content\/uploads\/2022\/09\/fotografies-cuadrades-2048-\u00d7-2048-px-WEVB-2-600x600.png\" class=\"attachment-woocommerce_thumbnail size-woocommerce_thumbnail\" alt=\"Estuche vermut: 2 vasos y 1 bote de aceitunas arbequinas (no incluye las botellas)\" srcset=\"https:\/\/www.etim.cat\/wp-content\/uploads\/2022\/09\/fotografies-cuadrades-2048-\u00d7-2048-px-WEVB-2-600x600.png 600w, https:\/\/www.etim.cat\/wp-content\/uploads\/2022\/09\/fotografies-cuadrades-2048-\u00d7-2048-px-WEVB-2-300x300.png 300w, https:\/\/www.etim.cat\/wp-content\/uploads\/2022\/09\/fotografies-cuadrades-2048-\u00d7-2048-px-WEVB-2-1024x1024.png 1024w, https:\/\/www.etim.cat\/wp-content\/uploads\/2022\/09\/fotografies-cuadrades-2048-\u00d7-2048-px-WEVB-2-150x150.png 150w, https:\/\/www.etim.cat\/wp-content\/uploads\/2022\/09\/fotografies-cuadrades-2048-\u00d7-2048-px-WEVB-2-768x768.png 768w, https:\/\/www.etim.cat\/wp-content\/uploads\/2022\/09\/fotografies-cuadrades-2048-\u00d7-2048-px-WEVB-2-1536x1536.png 1536w, https:\/\/www.etim.cat\/wp-content\/uploads\/2022\/09\/fotografies-cuadrades-2048-\u00d7-2048-px-WEVB-2-1000x1000.png 1000w, https:\/\/www.etim.cat\/wp-content\/uploads\/2022\/09\/fotografies-cuadrades-2048-\u00d7-2048-px-WEVB-2-100x100.png 100w, https:\/\/www.etim.cat\/wp-content\/uploads\/2022\/09\/fotografies-cuadrades-2048-\u00d7-2048-px-WEVB-2.png 2048w\" sizes=\"(max-width: 600px) 100vw, 600px\" \/><h2 class=\"woocommerce-loop-product__title\">Estuche vermut: 2 vasos y 1 bote de aceitunas arbequinas (no incluye las botellas)<\/h2><p class=\"loop-price\"><div><span class=\"woocommerce-Price-amount amount\"><bdi>10,24&nbsp;<span class=\"woocommerce-Price-currencySymbol\">&euro;<\/span><\/bdi><\/span><\/div><\/p><\/a><form action=\"\/es\/wp-json\/wp\/v2\/pages\/7680?add-to-cart=7619\" class=\"cart etim-add-to-cart\" method=\"post\" enctype=\"multipart\/form-data\"><div class=\"quantity\">\n\t\t<label class=\"screen-reader-text\" for=\"quantity_69fa3ab804f6f\">Estuche vermut: 2 vasos y 1 bote de aceitunas arbequinas (no incluye las botellas) cantidad<\/label>\n\t<input\n\t\ttype=\"number\"\n\t\t\t\tid=\"quantity_69fa3ab804f6f\"\n\t\tclass=\"input-text qty text\"\n\t\tname=\"quantity\"\n\t\tvalue=\"1\"\n\t\taria-label=\"Cantidad de productos\"\n\t\t\t\tmin=\"1\"\n\t\t\t\t\t\t\tstep=\"1\"\n\t\t\tplaceholder=\"\"\n\t\t\tinputmode=\"numeric\"\n\t\t\tautocomplete=\"off\"\n\t\t\t\/>\n\t<\/div>\n<button type=\"submit\" class=\"button alt\">A\u00f1adir al carrito<\/button><\/form>\t<span id=\"woocommerce_loop_add_to_cart_link_describedby_7619\" class=\"screen-reader-text\">\n\t\t\t<\/span>\n<\/li>\n<\/ul>\n<\/div>\t\t\t\t<\/div>\n\t\t\t\t<\/div>\n\t\t\t\t\t<\/div>\n\t\t<\/div>\n\t\t\t\t\t<\/div>\n\t\t<\/section>\n\t\t\t\t<\/div>\n\t\t","protected":false},"excerpt":{"rendered":"<p>Atr\u00e9vete con unos vermuts diferentes y atrevidos Una bota centenaria que no se ha vaciado nunca lo convierte en el secreto mejor guardado generaci\u00f3n tras generaci\u00f3n. Lo que hace \u00fanicos los vermuts de la Cooperativa Falset Mar\u00e7\u00e0 es que la base de vino para elaborarlos la hacemos nosotros mismos. Y lo que empieza con una [&hellip;]<\/p>\n","protected":false},"author":18,"featured_media":0,"parent":0,"menu_order":0,"comment_status":"closed","ping_status":"closed","template":"elementor_header_footer","meta":{"footnotes":""},"class_list":["post-7680","page","type-page","status-publish","hentry"],"aioseo_notices":[],"_links":{"self":[{"href":"https:\/\/www.etim.cat\/es\/wp-json\/wp\/v2\/pages\/7680","targetHints":{"allow":["GET"]}}],"collection":[{"href":"https:\/\/www.etim.cat\/es\/wp-json\/wp\/v2\/pages"}],"about":[{"href":"https:\/\/www.etim.cat\/es\/wp-json\/wp\/v2\/types\/page"}],"author":[{"embeddable":true,"href":"https:\/\/www.etim.cat\/es\/wp-json\/wp\/v2\/users\/18"}],"replies":[{"embeddable":true,"href":"https:\/\/www.etim.cat\/es\/wp-json\/wp\/v2\/comments?post=7680"}],"version-history":[{"count":3,"href":"https:\/\/www.etim.cat\/es\/wp-json\/wp\/v2\/pages\/7680\/revisions"}],"predecessor-version":[{"id":13609,"href":"https:\/\/www.etim.cat\/es\/wp-json\/wp\/v2\/pages\/7680\/revisions\/13609"}],"wp:attachment":[{"href":"https:\/\/www.etim.cat\/es\/wp-json\/wp\/v2\/media?parent=7680"}],"curies":[{"name":"wp","href":"https:\/\/api.w.org\/{rel}","templated":true}]}}