{"id":7672,"date":"2022-03-24T15:59:02","date_gmt":"2022-03-24T14:59:02","guid":{"rendered":"https:\/\/www.etim.cat\/politica-de-galletas\/"},"modified":"2023-06-28T13:13:43","modified_gmt":"2023-06-28T11:13:43","slug":"politica-de-galletas","status":"publish","type":"page","link":"https:\/\/www.etim.cat\/es\/politica-de-galletas\/","title":{"rendered":"Pol\u00edtica de galletas"},"content":{"rendered":"\t\t<div data-elementor-type=\"wp-post\" data-elementor-id=\"7672\" class=\"elementor elementor-7672\" data-elementor-post-type=\"page\">\n\t\t\t\t\t\t<section data-particle_enable=\"false\" data-particle-mobile-disabled=\"false\" class=\"elementor-section elementor-top-section elementor-element elementor-element-22639cc elementor-section-boxed elementor-section-height-default elementor-section-height-default\" data-id=\"22639cc\" data-element_type=\"section\" data-e-type=\"section\">\n\t\t\t\t\t\t<div class=\"elementor-container elementor-column-gap-default\">\n\t\t\t\t\t<div class=\"elementor-column elementor-col-100 elementor-top-column elementor-element elementor-element-0f94786\" data-id=\"0f94786\" data-element_type=\"column\" data-e-type=\"column\">\n\t\t\t<div class=\"elementor-widget-wrap elementor-element-populated\">\n\t\t\t\t\t\t<div class=\"elementor-element elementor-element-66f9cc9 elementor-widget elementor-widget-heading\" data-id=\"66f9cc9\" data-element_type=\"widget\" data-e-type=\"widget\" data-widget_type=\"heading.default\">\n\t\t\t\t<div class=\"elementor-widget-container\">\n\t\t\t\t\t<h1 class=\"elementor-heading-title elementor-size-default\">Pol\u00edtica de galletas (cookies)<\/h1>\t\t\t\t<\/div>\n\t\t\t\t<\/div>\n\t\t\t\t<div class=\"elementor-element elementor-element-2010c09 elementor-widget elementor-widget-text-editor\" data-id=\"2010c09\" data-element_type=\"widget\" data-e-type=\"widget\" data-widget_type=\"text-editor.default\">\n\t\t\t\t<div class=\"elementor-widget-container\">\n\t\t\t\t\t\t\t\t\t<p>Una galleta o cookie es un archivo de texto que se almacena en el ordenador o dispositivo m\u00f3vil mediante un servidor Web y solo este servidor ser\u00e1 capaz de recuperar o leer el contenido de la cookie y permitir\u00e1 al sitio Web recordar preferencias de navegaci\u00f3n y navegar de manera eficiente. Las cookies hacen que la interacci\u00f3n entre el usuario y el sitio web sea m\u00e1s r\u00e1pida y f\u00e1cil.<\/p>\n<p><strong>INFORMACI\u00d3N SOBRE COOKIES<\/strong><\/p>\n<p>Debido a la entrada en vigor de la referente modificaci\u00f3n de la \u00abLey de Servicios de la Sociedad de la Informaci\u00f3n\u00bb (LSSICE) establecida por el Real Decreto 13\/2012, es de obligaci\u00f3n obtener el consentimiento expreso del usuario de todas las p\u00e1ginas web que usan cookies prescindibles, antes de que \u00e9ste navegue.<\/p>\n<p><strong>\u00bfQU\u00c9 SON LAS COOKIES?<\/strong><\/p>\n<p>Las cookies y otras tecnolog\u00edas similares como local shared objects, flash cookies o p\u00edxeles, son herramientas utilizadas por los servidores Web para almacenar y recuperar informaci\u00f3n sobre sus visitantes, as\u00ed como para ofrecer un funcionamiento correcto del sitio.<\/p>\n<p>Mediante el uso de estos dispositivos se permite al servidor Web recordar algunos datos referentes al usuario, como sus preferencias para la visualizaci\u00f3n de las p\u00e1ginas de este servidor, nombre y contrase\u00f1a, productos que m\u00e1s le interesan, etc.<\/p>\n<p><strong>COOKIES AFECTADAS POR LA NORMATIVA Y COOKIES EXCEPTUADAS<\/strong><\/p>\n<p>De acuerdo con la directiva de la UE, las cookies que requieren el consentimiento informado por parte del usuario son las cookies de anal\u00edtica y las de publicidad y afiliaci\u00f3n; quedan exceptuadas las de car\u00e1cter t\u00e9cnico y las necesarias para el funcionamiento del sitio web o la prestaci\u00f3n de servicios expresamente solicitados por el usuario.<\/p>\n<p><strong>\u00bfQU\u00c9 TIPOS DE COOKIES HAY?<\/strong><\/p>\n<p>Hay cinco grandes grupos:<\/p>\n<p><strong>Cookies anal\u00edticas:<\/strong>recogen informaci\u00f3n del uso que se realiza del sitio web.<\/p>\n<p><strong>Cookies sociales:<\/strong> son las necesarias para redes sociales externas.<\/p>\n<p><strong>Cookies de afiliados:<\/strong> permiten hacer un seguimiento de las visitas procedentes de otras webs, con las que el sitio web establece un contrato de afiliaci\u00f3n (empresas de afiliaci\u00f3n).<\/p>\n<p><strong>Cookies de publicidad y de comportamiento:<\/strong> recogen informaci\u00f3n sobre las preferencias y elecciones personales del usuario (retargeting).<\/p>\n<p><strong>Cookies t\u00e9cnicas i funcionales:<\/strong> son las estrictamente necesarias para el uso del sitio web y para la prestaci\u00f3n del servicio contratado.<\/p>\n<p>ESTA WEB UTILIZA POR EJEMPLO LAS SIGUIENTES COOKIES:<\/p>\n<p>Nombre: Sesi\u00f3n<br \/>Finalidad: Registrar las entradas de datos del usuario al sitio Web.<br \/>C\u00f3mo: cuando el usuario rellene un formulario.<\/p>\n<p>Nombre: de autenticaci\u00f3n de usuario<br \/>Finalidad: Identificarlo como usuario registrado y permitir la navegaci\u00f3n por los diferentes contenidos del sitio Web.<br \/>C\u00f3mo: \u00danicamente mientras dure la sessi\u00f3n.<\/p>\n<p>Nombre: Google Analytics<br \/>Finalidad: Para llevar a cabo las estad\u00edsticas de uso del sitio Web utilizamos las cookies con la finalidad de conocer el nivel de recurrencia de nuestros visitantes y los contenidos que resultan m\u00e1s interesantes. De esta manera podemos concentrar nuestros esfuerzos en mejorar las \u00e1reas m\u00e1s visitadas y hacer que el usuario encuentre m\u00e1s f\u00e1cilmente lo que busca. En el sitio Web se puede usar la informaci\u00f3n de su visita para realizar evaluaciones y c\u00e1lculos estad\u00edsticos sobre datos an\u00f3nimos, as\u00ed como para garantizar la continuidad del servicio o para realizar mejoras en sus sitios Web. Para mas detalles, pod\u00e9is consultar en el siguiente enlace la pol\u00edtica de privacidad [<a href=\"http:\/\/www.google.com\/intl\/es\/policies\/privacy\/\" target=\"_blank\" rel=\"noopener\">http:\/\/www.google.com\/intl\/es\/policies\/privacy\/<\/a>].<br \/>C\u00f3mo: Cuando se accede al sitio Web.<\/p>\n\t\t\t\t\t\t\t\t<\/div>\n\t\t\t\t<\/div>\n\t\t\t\t\t<\/div>\n\t\t<\/div>\n\t\t\t\t\t<\/div>\n\t\t<\/section>\n\t\t\t\t<\/div>\n\t\t","protected":false},"excerpt":{"rendered":"<p>Pol\u00edtica de galletas (cookies) Una galleta o cookie es un archivo de texto que se almacena en el ordenador o dispositivo m\u00f3vil mediante un servidor Web y solo este servidor ser\u00e1 capaz de recuperar o leer el contenido de la cookie y permitir\u00e1 al sitio Web recordar preferencias de navegaci\u00f3n y navegar de manera eficiente. [&hellip;]<\/p>\n","protected":false},"author":1,"featured_media":0,"parent":0,"menu_order":0,"comment_status":"closed","ping_status":"closed","template":"elementor_header_footer","meta":{"footnotes":""},"class_list":["post-7672","page","type-page","status-publish","hentry"],"aioseo_notices":[],"_links":{"self":[{"href":"https:\/\/www.etim.cat\/es\/wp-json\/wp\/v2\/pages\/7672","targetHints":{"allow":["GET"]}}],"collection":[{"href":"https:\/\/www.etim.cat\/es\/wp-json\/wp\/v2\/pages"}],"about":[{"href":"https:\/\/www.etim.cat\/es\/wp-json\/wp\/v2\/types\/page"}],"author":[{"embeddable":true,"href":"https:\/\/www.etim.cat\/es\/wp-json\/wp\/v2\/users\/1"}],"replies":[{"embeddable":true,"href":"https:\/\/www.etim.cat\/es\/wp-json\/wp\/v2\/comments?post=7672"}],"version-history":[{"count":2,"href":"https:\/\/www.etim.cat\/es\/wp-json\/wp\/v2\/pages\/7672\/revisions"}],"predecessor-version":[{"id":13580,"href":"https:\/\/www.etim.cat\/es\/wp-json\/wp\/v2\/pages\/7672\/revisions\/13580"}],"wp:attachment":[{"href":"https:\/\/www.etim.cat\/es\/wp-json\/wp\/v2\/media?parent=7672"}],"curies":[{"name":"wp","href":"https:\/\/api.w.org\/{rel}","templated":true}]}}