{"id":7670,"date":"2022-09-12T13:36:33","date_gmt":"2022-09-12T11:36:33","guid":{"rendered":"https:\/\/www.etim.cat\/aceites-de-oliva-virgen-extra\/"},"modified":"2023-06-28T13:10:06","modified_gmt":"2023-06-28T11:10:06","slug":"aceites-de-oliva-virgen-extra","status":"publish","type":"page","link":"https:\/\/www.etim.cat\/es\/aceites-de-oliva-virgen-extra\/","title":{"rendered":"Aceites de oliva virgen extra"},"content":{"rendered":"\t\t<div data-elementor-type=\"wp-post\" data-elementor-id=\"7670\" class=\"elementor elementor-7670\" data-elementor-post-type=\"page\">\n\t\t\t\t\t\t<section data-particle_enable=\"false\" data-particle-mobile-disabled=\"false\" class=\"elementor-section elementor-top-section elementor-element elementor-element-64530762 elementor-section-height-min-height elementor-section-boxed elementor-section-height-default elementor-section-items-middle\" data-id=\"64530762\" data-element_type=\"section\" data-e-type=\"section\" data-settings=\"{&quot;background_background&quot;:&quot;slideshow&quot;,&quot;background_slideshow_gallery&quot;:[{&quot;id&quot;:5780,&quot;url&quot;:&quot;https:\\\/\\\/www.etim.cat\\\/wp-content\\\/uploads\\\/2022\\\/09\\\/2Y0A7384.jpg&quot;},{&quot;id&quot;:5777,&quot;url&quot;:&quot;https:\\\/\\\/www.etim.cat\\\/wp-content\\\/uploads\\\/2022\\\/09\\\/2Y0A66741.jpg&quot;},{&quot;id&quot;:8329,&quot;url&quot;:&quot;https:\\\/\\\/www.etim.cat\\\/wp-content\\\/uploads\\\/2022\\\/10\\\/4.png&quot;},{&quot;id&quot;:5774,&quot;url&quot;:&quot;https:\\\/\\\/www.etim.cat\\\/wp-content\\\/uploads\\\/2022\\\/09\\\/2Y0A66462.jpg&quot;}],&quot;background_slideshow_ken_burns&quot;:&quot;yes&quot;,&quot;animation&quot;:&quot;none&quot;,&quot;background_slideshow_loop&quot;:&quot;yes&quot;,&quot;background_slideshow_slide_duration&quot;:5000,&quot;background_slideshow_slide_transition&quot;:&quot;fade&quot;,&quot;background_slideshow_transition_duration&quot;:500,&quot;background_slideshow_ken_burns_zoom_direction&quot;:&quot;in&quot;}\">\n\t\t\t\t\t\t\t<div class=\"elementor-background-overlay\"><\/div>\n\t\t\t\t\t\t\t<div class=\"elementor-container elementor-column-gap-default\">\n\t\t\t\t\t<div class=\"elementor-column elementor-col-100 elementor-top-column elementor-element elementor-element-554c9945\" data-id=\"554c9945\" data-element_type=\"column\" data-e-type=\"column\">\n\t\t\t<div class=\"elementor-widget-wrap elementor-element-populated\">\n\t\t\t\t\t\t<div class=\"elementor-element elementor-element-2fac53e2 elementor-widget elementor-widget-heading\" data-id=\"2fac53e2\" data-element_type=\"widget\" data-e-type=\"widget\" data-widget_type=\"heading.default\">\n\t\t\t\t<div class=\"elementor-widget-container\">\n\t\t\t\t\t<h2 class=\"elementor-heading-title elementor-size-default\">Disfruta de un Aceite de Oliva Virgen Extra con identidad propia<\/h2>\t\t\t\t<\/div>\n\t\t\t\t<\/div>\n\t\t\t\t<div class=\"elementor-element elementor-element-2c689552 elementor-widget elementor-widget-heading\" data-id=\"2c689552\" data-element_type=\"widget\" data-e-type=\"widget\" data-widget_type=\"heading.default\">\n\t\t\t\t<div class=\"elementor-widget-container\">\n\t\t\t\t\t<h4 class=\"elementor-heading-title elementor-size-default\">De una tierra singular nace un oro l\u00edquido con unas propiedades \u00fanicas.<\/h4>\t\t\t\t<\/div>\n\t\t\t\t<\/div>\n\t\t\t\t\t<\/div>\n\t\t<\/div>\n\t\t\t\t\t<\/div>\n\t\t<\/section>\n\t\t\t\t<section data-particle_enable=\"false\" data-particle-mobile-disabled=\"false\" class=\"elementor-section elementor-top-section elementor-element elementor-element-c524253 elementor-section-boxed elementor-section-height-default elementor-section-height-default\" data-id=\"c524253\" data-element_type=\"section\" data-e-type=\"section\">\n\t\t\t\t\t\t<div class=\"elementor-container elementor-column-gap-default\">\n\t\t\t\t\t<div class=\"elementor-column elementor-col-100 elementor-top-column elementor-element elementor-element-4d55f67\" data-id=\"4d55f67\" data-element_type=\"column\" data-e-type=\"column\">\n\t\t\t<div class=\"elementor-widget-wrap elementor-element-populated\">\n\t\t\t\t\t\t<div class=\"elementor-element elementor-element-cf8106c elementor-widget elementor-widget-spacer\" data-id=\"cf8106c\" data-element_type=\"widget\" data-e-type=\"widget\" data-widget_type=\"spacer.default\">\n\t\t\t\t<div class=\"elementor-widget-container\">\n\t\t\t\t\t\t\t<div class=\"elementor-spacer\">\n\t\t\t<div class=\"elementor-spacer-inner\"><\/div>\n\t\t<\/div>\n\t\t\t\t\t\t<\/div>\n\t\t\t\t<\/div>\n\t\t\t\t\t<\/div>\n\t\t<\/div>\n\t\t\t\t\t<\/div>\n\t\t<\/section>\n\t\t\t\t<section data-particle_enable=\"false\" data-particle-mobile-disabled=\"false\" class=\"elementor-section elementor-top-section elementor-element elementor-element-2f8aa48 elementor-section-boxed elementor-section-height-default elementor-section-height-default\" data-id=\"2f8aa48\" data-element_type=\"section\" data-e-type=\"section\">\n\t\t\t\t\t\t<div class=\"elementor-container elementor-column-gap-default\">\n\t\t\t\t\t<div class=\"elementor-column elementor-col-100 elementor-top-column elementor-element elementor-element-22f15dd\" data-id=\"22f15dd\" data-element_type=\"column\" data-e-type=\"column\">\n\t\t\t<div class=\"elementor-widget-wrap elementor-element-populated\">\n\t\t\t\t\t\t<div class=\"elementor-element elementor-element-c803c2b elementor-widget elementor-widget-heading\" data-id=\"c803c2b\" data-element_type=\"widget\" data-e-type=\"widget\" data-widget_type=\"heading.default\">\n\t\t\t\t<div class=\"elementor-widget-container\">\n\t\t\t\t\t<h2 class=\"elementor-heading-title elementor-size-xl\">Nuestro Aceite de Oliva Virgen Extra es tierra, cuerpo y alma.<\/h2>\t\t\t\t<\/div>\n\t\t\t\t<\/div>\n\t\t\t\t\t<\/div>\n\t\t<\/div>\n\t\t\t\t\t<\/div>\n\t\t<\/section>\n\t\t\t\t<section data-particle_enable=\"false\" data-particle-mobile-disabled=\"false\" class=\"elementor-section elementor-top-section elementor-element elementor-element-7e0141a4 elementor-section-boxed elementor-section-height-default elementor-section-height-default\" data-id=\"7e0141a4\" data-element_type=\"section\" data-e-type=\"section\">\n\t\t\t\t\t\t<div class=\"elementor-container elementor-column-gap-default\">\n\t\t\t\t\t<div class=\"elementor-column elementor-col-100 elementor-top-column elementor-element elementor-element-3246bdc7\" data-id=\"3246bdc7\" data-element_type=\"column\" data-e-type=\"column\">\n\t\t\t<div class=\"elementor-widget-wrap elementor-element-populated\">\n\t\t\t\t\t\t<div class=\"elementor-element elementor-element-6db6d37c elementor-widget elementor-widget-text-editor\" data-id=\"6db6d37c\" data-element_type=\"widget\" data-e-type=\"widget\" data-settings=\"{&quot;_animation&quot;:&quot;none&quot;}\" data-widget_type=\"text-editor.default\">\n\t\t\t\t<div class=\"elementor-widget-container\">\n\t\t\t\t\t\t\t\t\t<p style=\"text-align: center;\">Es <strong>tierra<\/strong>, ya que la singularidad de los peque\u00f1os campos de los que est\u00e1 rodeado gozan de una riqueza \u00fanica: caliza, licorilla, sabl\u00f3n, arcilla, los convierten en un paisaje ins\u00f3lito.<\/p>\n<p style=\"text-align: center;\">Es <strong>cuerpo<\/strong>, porque cosechar aceitunas forma parte de la tradici\u00f3n familiar de nuestros payeses.<\/p>\n<p style=\"text-align: center;\">Y es <strong>alma<\/strong>, porque la satisfacci\u00f3n que produce crear un aceite de esta calidad es incre\u00edble.<\/p>\n\t\t\t\t\t\t\t\t<\/div>\n\t\t\t\t<\/div>\n\t\t\t\t\t<\/div>\n\t\t<\/div>\n\t\t\t\t\t<\/div>\n\t\t<\/section>\n\t\t\t\t<section data-particle_enable=\"false\" data-particle-mobile-disabled=\"false\" class=\"elementor-section elementor-top-section elementor-element elementor-element-4bc03fdb elementor-section-boxed elementor-section-height-default elementor-section-height-default\" data-id=\"4bc03fdb\" data-element_type=\"section\" data-e-type=\"section\">\n\t\t\t\t\t\t<div class=\"elementor-container elementor-column-gap-default\">\n\t\t\t\t\t<div class=\"elementor-column elementor-col-100 elementor-top-column elementor-element elementor-element-6c226626\" data-id=\"6c226626\" data-element_type=\"column\" data-e-type=\"column\">\n\t\t\t<div class=\"elementor-widget-wrap elementor-element-populated\">\n\t\t\t\t\t\t<div class=\"elementor-element elementor-element-535d3fcc elementor-product-loop-item--align-center vermouth-products oil-products elementor-grid-mobile-1 elementor-grid-tablet-2 elementor-grid-4 elementor-products-grid elementor-wc-products elementor-widget elementor-widget-woocommerce-products\" data-id=\"535d3fcc\" data-element_type=\"widget\" data-e-type=\"widget\" data-widget_type=\"woocommerce-products.default\">\n\t\t\t\t<div class=\"elementor-widget-container\">\n\t\t\t\t\t<div class=\"woocommerce columns-4 \"><ul class=\"products elementor-grid columns-4\">\n<li class=\"product type-product post-10023 status-publish first outofstock product_cat-aceite-etim has-post-thumbnail shipping-taxable purchasable product-type-simple\">\n\t<a href=\"https:\/\/www.etim.cat\/es\/producte\/aceite-del-raig-5-litros\/\" class=\"woocommerce-LoopProduct-link woocommerce-loop-product__link\"><img fetchpriority=\"high\" decoding=\"async\" width=\"600\" height=\"600\" src=\"https:\/\/www.etim.cat\/wp-content\/uploads\/2022\/09\/Oli-del-Raig-5-L-web-600x600.png\" class=\"attachment-woocommerce_thumbnail size-woocommerce_thumbnail\" alt=\"Aceite del Raig 5 litros\" srcset=\"https:\/\/www.etim.cat\/wp-content\/uploads\/2022\/09\/Oli-del-Raig-5-L-web-600x600.png 600w, https:\/\/www.etim.cat\/wp-content\/uploads\/2022\/09\/Oli-del-Raig-5-L-web-300x300.png 300w, https:\/\/www.etim.cat\/wp-content\/uploads\/2022\/09\/Oli-del-Raig-5-L-web-1024x1024.png 1024w, https:\/\/www.etim.cat\/wp-content\/uploads\/2022\/09\/Oli-del-Raig-5-L-web-150x150.png 150w, https:\/\/www.etim.cat\/wp-content\/uploads\/2022\/09\/Oli-del-Raig-5-L-web-768x768.png 768w, https:\/\/www.etim.cat\/wp-content\/uploads\/2022\/09\/Oli-del-Raig-5-L-web-1536x1536.png 1536w, https:\/\/www.etim.cat\/wp-content\/uploads\/2022\/09\/Oli-del-Raig-5-L-web-1000x1000.png 1000w, https:\/\/www.etim.cat\/wp-content\/uploads\/2022\/09\/Oli-del-Raig-5-L-web-100x100.png 100w, https:\/\/www.etim.cat\/wp-content\/uploads\/2022\/09\/Oli-del-Raig-5-L-web.png 2000w\" sizes=\"(max-width: 600px) 100vw, 600px\" \/><h2 class=\"woocommerce-loop-product__title\">Aceite del Raig 5 litros<\/h2><p class=\"loop-price\"><div><span class=\"woocommerce-Price-amount amount\"><bdi>44,00&nbsp;<span class=\"woocommerce-Price-currencySymbol\">&euro;<\/span><\/bdi><\/span><\/div><\/p><div class=\"star-rating\" role=\"img\" aria-label=\"Valorado con 5.00 de 5\"><span style=\"width:100%\">Valorado con <strong class=\"rating\">5.00<\/strong> de 5<\/span><\/div><\/a><a href=\"https:\/\/www.etim.cat\/es\/producte\/aceite-del-raig-5-litros\/\" aria-describedby=\"woocommerce_loop_add_to_cart_link_describedby_10023\" data-quantity=\"1\" class=\"button product_type_simple\" data-product_id=\"10023\" data-product_sku=\"GA050091\" aria-label=\"Lee m\u00e1s sobre &ldquo;Aceite del Raig 5 litros&rdquo;\" rel=\"nofollow\" data-success_message=\"\">Leer m\u00e1s<\/a>\t<span id=\"woocommerce_loop_add_to_cart_link_describedby_10023\" class=\"screen-reader-text\">\n\t\t\t<\/span>\n<\/li>\n<li class=\"product type-product post-10024 status-publish outofstock product_cat-aceite-etim has-post-thumbnail shipping-taxable purchasable product-type-simple\">\n\t<a href=\"https:\/\/www.etim.cat\/es\/producte\/aceite-del-raig-2-litros\/\" class=\"woocommerce-LoopProduct-link woocommerce-loop-product__link\"><img decoding=\"async\" width=\"600\" height=\"600\" src=\"https:\/\/www.etim.cat\/wp-content\/uploads\/2022\/09\/raig-2l-600x600.png\" class=\"attachment-woocommerce_thumbnail size-woocommerce_thumbnail\" alt=\"OLI ACEITE VIRGEN EXTRA 2L\" srcset=\"https:\/\/www.etim.cat\/wp-content\/uploads\/2022\/09\/raig-2l-600x600.png 600w, https:\/\/www.etim.cat\/wp-content\/uploads\/2022\/09\/raig-2l-300x300.png 300w, https:\/\/www.etim.cat\/wp-content\/uploads\/2022\/09\/raig-2l-1024x1024.png 1024w, https:\/\/www.etim.cat\/wp-content\/uploads\/2022\/09\/raig-2l-150x150.png 150w, https:\/\/www.etim.cat\/wp-content\/uploads\/2022\/09\/raig-2l-768x768.png 768w, https:\/\/www.etim.cat\/wp-content\/uploads\/2022\/09\/raig-2l-1536x1536.png 1536w, https:\/\/www.etim.cat\/wp-content\/uploads\/2022\/09\/raig-2l.png 2048w, https:\/\/www.etim.cat\/wp-content\/uploads\/2022\/09\/raig-2l-1000x1000.png 1000w, https:\/\/www.etim.cat\/wp-content\/uploads\/2022\/09\/raig-2l-100x100.png 100w\" sizes=\"(max-width: 600px) 100vw, 600px\" \/><h2 class=\"woocommerce-loop-product__title\">Aceite del \u00abRaig\u00bb 2 litros<\/h2><p class=\"loop-price\"><div><span class=\"woocommerce-Price-amount amount\"><bdi>20,00&nbsp;<span class=\"woocommerce-Price-currencySymbol\">&euro;<\/span><\/bdi><\/span><\/div><\/p><\/a><a href=\"https:\/\/www.etim.cat\/es\/producte\/aceite-del-raig-2-litros\/\" aria-describedby=\"woocommerce_loop_add_to_cart_link_describedby_10024\" data-quantity=\"1\" class=\"button product_type_simple\" data-product_id=\"10024\" data-product_sku=\"GA020091\" aria-label=\"Lee m\u00e1s sobre &ldquo;Aceite del &quot;Raig&quot; 2 litros&rdquo;\" rel=\"nofollow\" data-success_message=\"\">Leer m\u00e1s<\/a>\t<span id=\"woocommerce_loop_add_to_cart_link_describedby_10024\" class=\"screen-reader-text\">\n\t\t\t<\/span>\n<\/li>\n<li class=\"product type-product post-10020 status-publish instock product_cat-aceite-etim has-post-thumbnail shipping-taxable purchasable product-type-simple\">\n\t<a href=\"https:\/\/www.etim.cat\/es\/producte\/aceite-de-oliva-virgen-extra-cervus-5-litros\/\" class=\"woocommerce-LoopProduct-link woocommerce-loop-product__link\"><img decoding=\"async\" width=\"600\" height=\"600\" src=\"https:\/\/www.etim.cat\/wp-content\/uploads\/2023\/10\/cervus-5L.png\" class=\"attachment-woocommerce_thumbnail size-woocommerce_thumbnail\" alt=\"Aceite de Oliva Virgen Extra Cervus 5 litros\" srcset=\"https:\/\/www.etim.cat\/wp-content\/uploads\/2023\/10\/cervus-5L.png 600w, https:\/\/www.etim.cat\/wp-content\/uploads\/2023\/10\/cervus-5L-300x300.png 300w, https:\/\/www.etim.cat\/wp-content\/uploads\/2023\/10\/cervus-5L-150x150.png 150w, https:\/\/www.etim.cat\/wp-content\/uploads\/2023\/10\/cervus-5L-100x100.png 100w\" sizes=\"(max-width: 600px) 100vw, 600px\" \/><h2 class=\"woocommerce-loop-product__title\">Aceite de Oliva Virgen Extra Cervus 5 litros<\/h2><p class=\"loop-price\"><div><span class=\"woocommerce-Price-amount amount\"><bdi>43,00&nbsp;<span class=\"woocommerce-Price-currencySymbol\">&euro;<\/span><\/bdi><\/span><\/div><\/p><div class=\"star-rating\" role=\"img\" aria-label=\"Valorado con 5.00 de 5\"><span style=\"width:100%\">Valorado con <strong class=\"rating\">5.00<\/strong> de 5<\/span><\/div><\/a><form action=\"\/es\/wp-json\/wp\/v2\/pages\/7670?add-to-cart=10020\" class=\"cart etim-add-to-cart\" method=\"post\" enctype=\"multipart\/form-data\"><div class=\"quantity\">\n\t\t<label class=\"screen-reader-text\" for=\"quantity_69fa7e37488da\">Aceite de Oliva Virgen Extra Cervus 5 litros cantidad<\/label>\n\t<input\n\t\ttype=\"number\"\n\t\t\t\tid=\"quantity_69fa7e37488da\"\n\t\tclass=\"input-text qty text\"\n\t\tname=\"quantity\"\n\t\tvalue=\"1\"\n\t\taria-label=\"Cantidad de productos\"\n\t\t\t\tmin=\"1\"\n\t\t\t\t\t\t\tstep=\"1\"\n\t\t\tplaceholder=\"\"\n\t\t\tinputmode=\"numeric\"\n\t\t\tautocomplete=\"off\"\n\t\t\t\/>\n\t<\/div>\n<button type=\"submit\" class=\"button alt\">A\u00f1adir al carrito<\/button><\/form>\t<span id=\"woocommerce_loop_add_to_cart_link_describedby_10020\" class=\"screen-reader-text\">\n\t\t\t<\/span>\n<\/li>\n<li class=\"product type-product post-10018 status-publish last instock product_cat-aceite-etim has-post-thumbnail shipping-taxable purchasable product-type-simple\">\n\t<a href=\"https:\/\/www.etim.cat\/es\/producte\/aceite-de-oliva-virgen-extra-cervus-2-litros\/\" class=\"woocommerce-LoopProduct-link woocommerce-loop-product__link\"><img loading=\"lazy\" decoding=\"async\" width=\"600\" height=\"600\" src=\"https:\/\/www.etim.cat\/wp-content\/uploads\/2023\/10\/cervus-2L-1.png\" class=\"attachment-woocommerce_thumbnail size-woocommerce_thumbnail\" alt=\"Aceite de Oliva Virgen Extra Cervus 2 litros\" srcset=\"https:\/\/www.etim.cat\/wp-content\/uploads\/2023\/10\/cervus-2L-1.png 600w, https:\/\/www.etim.cat\/wp-content\/uploads\/2023\/10\/cervus-2L-1-300x300.png 300w, https:\/\/www.etim.cat\/wp-content\/uploads\/2023\/10\/cervus-2L-1-150x150.png 150w, https:\/\/www.etim.cat\/wp-content\/uploads\/2023\/10\/cervus-2L-1-100x100.png 100w\" sizes=\"(max-width: 600px) 100vw, 600px\" \/><h2 class=\"woocommerce-loop-product__title\">Aceite de Oliva Virgen Extra Cervus 2 litros<\/h2><p class=\"loop-price\"><div><span class=\"woocommerce-Price-amount amount\"><bdi>19,00&nbsp;<span class=\"woocommerce-Price-currencySymbol\">&euro;<\/span><\/bdi><\/span><\/div><\/p><\/a><form action=\"\/es\/wp-json\/wp\/v2\/pages\/7670?add-to-cart=10018\" class=\"cart etim-add-to-cart\" method=\"post\" enctype=\"multipart\/form-data\"><div class=\"quantity\">\n\t\t<label class=\"screen-reader-text\" for=\"quantity_69fa7e374b0a1\">Aceite de Oliva Virgen Extra Cervus 2 litros cantidad<\/label>\n\t<input\n\t\ttype=\"number\"\n\t\t\t\tid=\"quantity_69fa7e374b0a1\"\n\t\tclass=\"input-text qty text\"\n\t\tname=\"quantity\"\n\t\tvalue=\"1\"\n\t\taria-label=\"Cantidad de productos\"\n\t\t\t\tmin=\"1\"\n\t\t\t\t\t\t\tstep=\"1\"\n\t\t\tplaceholder=\"\"\n\t\t\tinputmode=\"numeric\"\n\t\t\tautocomplete=\"off\"\n\t\t\t\/>\n\t<\/div>\n<button type=\"submit\" class=\"button alt\">A\u00f1adir al carrito<\/button><\/form>\t<span id=\"woocommerce_loop_add_to_cart_link_describedby_10018\" class=\"screen-reader-text\">\n\t\t\t<\/span>\n<\/li>\n<li class=\"product type-product post-7686 status-publish first instock product_cat-aceite-etim has-post-thumbnail shipping-taxable purchasable product-type-simple\">\n\t<a href=\"https:\/\/www.etim.cat\/es\/producte\/aceite-deoliva-virgen-extra-lata-1-l\/\" class=\"woocommerce-LoopProduct-link woocommerce-loop-product__link\"><img loading=\"lazy\" decoding=\"async\" width=\"600\" height=\"600\" src=\"https:\/\/www.etim.cat\/wp-content\/uploads\/2022\/10\/llauna1-600x600.png\" class=\"attachment-woocommerce_thumbnail size-woocommerce_thumbnail\" alt=\"Aceite de Oliva Virgen Extra \u00c8TIM lata 1 litro\" srcset=\"https:\/\/www.etim.cat\/wp-content\/uploads\/2022\/10\/llauna1-600x600.png 600w, https:\/\/www.etim.cat\/wp-content\/uploads\/2022\/10\/llauna1-300x300.png 300w, https:\/\/www.etim.cat\/wp-content\/uploads\/2022\/10\/llauna1-1024x1024.png 1024w, https:\/\/www.etim.cat\/wp-content\/uploads\/2022\/10\/llauna1-150x150.png 150w, https:\/\/www.etim.cat\/wp-content\/uploads\/2022\/10\/llauna1-768x768.png 768w, https:\/\/www.etim.cat\/wp-content\/uploads\/2022\/10\/llauna1-1536x1536.png 1536w, https:\/\/www.etim.cat\/wp-content\/uploads\/2022\/10\/llauna1-1000x1000.png 1000w, https:\/\/www.etim.cat\/wp-content\/uploads\/2022\/10\/llauna1-100x100.png 100w, https:\/\/www.etim.cat\/wp-content\/uploads\/2022\/10\/llauna1.png 2048w\" sizes=\"(max-width: 600px) 100vw, 600px\" \/><h2 class=\"woocommerce-loop-product__title\">Aceite de Oliva Virgen Extra \u00c8TIM lata 1 litro<\/h2><p class=\"loop-price\"><div><span class=\"woocommerce-Price-amount amount\"><bdi>15,85&nbsp;<span class=\"woocommerce-Price-currencySymbol\">&euro;<\/span><\/bdi><\/span><\/div><\/p><\/a><form action=\"\/es\/wp-json\/wp\/v2\/pages\/7670?add-to-cart=7686\" class=\"cart etim-add-to-cart\" method=\"post\" enctype=\"multipart\/form-data\"><div class=\"quantity\">\n\t\t<label class=\"screen-reader-text\" for=\"quantity_69fa7e374d86d\">Aceite de Oliva Virgen Extra \u00c8TIM lata 1 litro cantidad<\/label>\n\t<input\n\t\ttype=\"number\"\n\t\t\t\tid=\"quantity_69fa7e374d86d\"\n\t\tclass=\"input-text qty text\"\n\t\tname=\"quantity\"\n\t\tvalue=\"1\"\n\t\taria-label=\"Cantidad de productos\"\n\t\t\t\tmin=\"1\"\n\t\t\t\t\t\t\tstep=\"1\"\n\t\t\tplaceholder=\"\"\n\t\t\tinputmode=\"numeric\"\n\t\t\tautocomplete=\"off\"\n\t\t\t\/>\n\t<\/div>\n<button type=\"submit\" class=\"button alt\">A\u00f1adir al carrito<\/button><\/form>\t<span id=\"woocommerce_loop_add_to_cart_link_describedby_7686\" class=\"screen-reader-text\">\n\t\t\t<\/span>\n<\/li>\n<li class=\"product type-product post-9979 status-publish instock product_cat-aceite-etim has-post-thumbnail shipping-taxable purchasable product-type-simple\">\n\t<a href=\"https:\/\/www.etim.cat\/es\/producte\/oli-doliva-verge-extra-etim-ampolla-75-cl\/\" class=\"woocommerce-LoopProduct-link woocommerce-loop-product__link\"><img loading=\"lazy\" decoding=\"async\" width=\"600\" height=\"600\" src=\"https:\/\/www.etim.cat\/wp-content\/uploads\/2023\/08\/oli752-600x600.png\" class=\"attachment-woocommerce_thumbnail size-woocommerce_thumbnail\" alt=\"Aceite de Oliva Virgen Extra \u00c8TIM botella 75 cl\" srcset=\"https:\/\/www.etim.cat\/wp-content\/uploads\/2023\/08\/oli752-600x600.png 600w, https:\/\/www.etim.cat\/wp-content\/uploads\/2023\/08\/oli752-300x300.png 300w, https:\/\/www.etim.cat\/wp-content\/uploads\/2023\/08\/oli752-1024x1024.png 1024w, https:\/\/www.etim.cat\/wp-content\/uploads\/2023\/08\/oli752-150x150.png 150w, https:\/\/www.etim.cat\/wp-content\/uploads\/2023\/08\/oli752-768x768.png 768w, https:\/\/www.etim.cat\/wp-content\/uploads\/2023\/08\/oli752-1536x1536.png 1536w, https:\/\/www.etim.cat\/wp-content\/uploads\/2023\/08\/oli752-1000x1000.png 1000w, https:\/\/www.etim.cat\/wp-content\/uploads\/2023\/08\/oli752-100x100.png 100w, https:\/\/www.etim.cat\/wp-content\/uploads\/2023\/08\/oli752.png 2048w\" sizes=\"(max-width: 600px) 100vw, 600px\" \/><h2 class=\"woocommerce-loop-product__title\">Aceite de Oliva Virgen Extra \u00c8TIM botella 75 cl<\/h2><p class=\"loop-price\"><div><span class=\"woocommerce-Price-amount amount\"><bdi>14,10&nbsp;<span class=\"woocommerce-Price-currencySymbol\">&euro;<\/span><\/bdi><\/span><\/div><\/p><\/a><form action=\"\/es\/wp-json\/wp\/v2\/pages\/7670?add-to-cart=9979\" class=\"cart etim-add-to-cart\" method=\"post\" enctype=\"multipart\/form-data\"><div class=\"quantity\">\n\t\t<label class=\"screen-reader-text\" for=\"quantity_69fa7e374ff43\">Aceite de Oliva Virgen Extra \u00c8TIM botella 75 cl cantidad<\/label>\n\t<input\n\t\ttype=\"number\"\n\t\t\t\tid=\"quantity_69fa7e374ff43\"\n\t\tclass=\"input-text qty text\"\n\t\tname=\"quantity\"\n\t\tvalue=\"1\"\n\t\taria-label=\"Cantidad de productos\"\n\t\t\t\tmin=\"1\"\n\t\t\t\t\t\t\tstep=\"1\"\n\t\t\tplaceholder=\"\"\n\t\t\tinputmode=\"numeric\"\n\t\t\tautocomplete=\"off\"\n\t\t\t\/>\n\t<\/div>\n<button type=\"submit\" class=\"button alt\">A\u00f1adir al carrito<\/button><\/form>\t<span id=\"woocommerce_loop_add_to_cart_link_describedby_9979\" class=\"screen-reader-text\">\n\t\t\t<\/span>\n<\/li>\n<li class=\"product type-product post-10001 status-publish instock product_cat-aceite-etim has-post-thumbnail shipping-taxable purchasable product-type-simple\">\n\t<a href=\"https:\/\/www.etim.cat\/es\/producte\/aceite-de-oliva-virgen-extra-botella-50-cl\/\" class=\"woocommerce-LoopProduct-link woocommerce-loop-product__link\"><img loading=\"lazy\" decoding=\"async\" width=\"600\" height=\"600\" src=\"https:\/\/www.etim.cat\/wp-content\/uploads\/2023\/08\/medalla-plata-oli-50cl.png\" class=\"attachment-woocommerce_thumbnail size-woocommerce_thumbnail\" alt=\"oli \u00c8TIM medalla de plata Jap\u00f3\" srcset=\"https:\/\/www.etim.cat\/wp-content\/uploads\/2023\/08\/medalla-plata-oli-50cl.png 600w, https:\/\/www.etim.cat\/wp-content\/uploads\/2023\/08\/medalla-plata-oli-50cl-300x300.png 300w, https:\/\/www.etim.cat\/wp-content\/uploads\/2023\/08\/medalla-plata-oli-50cl-150x150.png 150w, https:\/\/www.etim.cat\/wp-content\/uploads\/2023\/08\/medalla-plata-oli-50cl-100x100.png 100w\" sizes=\"(max-width: 600px) 100vw, 600px\" \/><h2 class=\"woocommerce-loop-product__title\">Aceite de Oliva Virgen Extra \u00c8TIM botella 50 cl<\/h2><p class=\"loop-price\"><div><span class=\"woocommerce-Price-amount amount\"><bdi>10,20&nbsp;<span class=\"woocommerce-Price-currencySymbol\">&euro;<\/span><\/bdi><\/span><\/div><\/p><\/a><form action=\"\/es\/wp-json\/wp\/v2\/pages\/7670?add-to-cart=10001\" class=\"cart etim-add-to-cart\" method=\"post\" enctype=\"multipart\/form-data\"><div class=\"quantity\">\n\t\t<label class=\"screen-reader-text\" for=\"quantity_69fa7e3752372\">Aceite de Oliva Virgen Extra \u00c8TIM botella 50 cl cantidad<\/label>\n\t<input\n\t\ttype=\"number\"\n\t\t\t\tid=\"quantity_69fa7e3752372\"\n\t\tclass=\"input-text qty text\"\n\t\tname=\"quantity\"\n\t\tvalue=\"1\"\n\t\taria-label=\"Cantidad de productos\"\n\t\t\t\tmin=\"1\"\n\t\t\t\t\t\t\tstep=\"1\"\n\t\t\tplaceholder=\"\"\n\t\t\tinputmode=\"numeric\"\n\t\t\tautocomplete=\"off\"\n\t\t\t\/>\n\t<\/div>\n<button type=\"submit\" class=\"button alt\">A\u00f1adir al carrito<\/button><\/form>\t<span id=\"woocommerce_loop_add_to_cart_link_describedby_10001\" class=\"screen-reader-text\">\n\t\t\t<\/span>\n<\/li>\n<\/ul>\n<\/div>\t\t\t\t<\/div>\n\t\t\t\t<\/div>\n\t\t\t\t\t<\/div>\n\t\t<\/div>\n\t\t\t\t\t<\/div>\n\t\t<\/section>\n\t\t\t\t<\/div>\n\t\t","protected":false},"excerpt":{"rendered":"<p>Disfruta de un Aceite de Oliva Virgen Extra con identidad propia De una tierra singular nace un oro l\u00edquido con unas propiedades \u00fanicas. Nuestro Aceite de Oliva Virgen Extra es tierra, cuerpo y alma. Es tierra, ya que la singularidad de los peque\u00f1os campos de los que est\u00e1 rodeado gozan de una riqueza \u00fanica: caliza, [&hellip;]<\/p>\n","protected":false},"author":18,"featured_media":0,"parent":0,"menu_order":0,"comment_status":"closed","ping_status":"closed","template":"elementor_header_footer","meta":{"footnotes":""},"class_list":["post-7670","page","type-page","status-publish","hentry"],"aioseo_notices":[],"_links":{"self":[{"href":"https:\/\/www.etim.cat\/es\/wp-json\/wp\/v2\/pages\/7670","targetHints":{"allow":["GET"]}}],"collection":[{"href":"https:\/\/www.etim.cat\/es\/wp-json\/wp\/v2\/pages"}],"about":[{"href":"https:\/\/www.etim.cat\/es\/wp-json\/wp\/v2\/types\/page"}],"author":[{"embeddable":true,"href":"https:\/\/www.etim.cat\/es\/wp-json\/wp\/v2\/users\/18"}],"replies":[{"embeddable":true,"href":"https:\/\/www.etim.cat\/es\/wp-json\/wp\/v2\/comments?post=7670"}],"version-history":[{"count":5,"href":"https:\/\/www.etim.cat\/es\/wp-json\/wp\/v2\/pages\/7670\/revisions"}],"predecessor-version":[{"id":13577,"href":"https:\/\/www.etim.cat\/es\/wp-json\/wp\/v2\/pages\/7670\/revisions\/13577"}],"wp:attachment":[{"href":"https:\/\/www.etim.cat\/es\/wp-json\/wp\/v2\/media?parent=7670"}],"curies":[{"name":"wp","href":"https:\/\/api.w.org\/{rel}","templated":true}]}}