{"id":7627,"date":"2022-09-14T09:25:18","date_gmt":"2022-09-14T07:25:18","guid":{"rendered":"https:\/\/www.etim.cat\/enoturismo\/"},"modified":"2024-09-16T11:10:35","modified_gmt":"2024-09-16T09:10:35","slug":"enoturismo","status":"publish","type":"page","link":"https:\/\/www.etim.cat\/es\/enoturismo\/","title":{"rendered":"Enoturismo"},"content":{"rendered":"\t\t<div data-elementor-type=\"wp-post\" data-elementor-id=\"7627\" class=\"elementor elementor-7627\" data-elementor-post-type=\"page\">\n\t\t\t\t\t\t<section data-particle_enable=\"false\" data-particle-mobile-disabled=\"false\" class=\"elementor-section elementor-top-section elementor-element elementor-element-904d459 elementor-section-boxed elementor-section-height-default elementor-section-height-default\" data-id=\"904d459\" data-element_type=\"section\" data-e-type=\"section\">\n\t\t\t\t\t\t<div class=\"elementor-container elementor-column-gap-default\">\n\t\t\t\t\t<div class=\"elementor-column elementor-col-100 elementor-top-column elementor-element elementor-element-f7b5156\" data-id=\"f7b5156\" data-element_type=\"column\" data-e-type=\"column\">\n\t\t\t<div class=\"elementor-widget-wrap elementor-element-populated\">\n\t\t\t\t\t\t<div class=\"elementor-element elementor-element-a573b58 elementor-widget elementor-widget-shortcode\" data-id=\"a573b58\" data-element_type=\"widget\" data-e-type=\"widget\" data-widget_type=\"shortcode.default\">\n\t\t\t\t<div class=\"elementor-widget-container\">\n\t\t\t\t\t\t\t<div class=\"elementor-shortcode\"><div id=\"etim-calendar\"><\/div><\/div>\n\t\t\t\t\t\t<\/div>\n\t\t\t\t<\/div>\n\t\t\t\t\t<\/div>\n\t\t<\/div>\n\t\t\t\t\t<\/div>\n\t\t<\/section>\n\t\t\t\t<section data-particle_enable=\"false\" data-particle-mobile-disabled=\"false\" class=\"elementor-section elementor-top-section elementor-element elementor-element-4cf45a8 elementor-section-boxed elementor-section-height-default elementor-section-height-default\" data-id=\"4cf45a8\" data-element_type=\"section\" data-e-type=\"section\">\n\t\t\t\t\t\t<div class=\"elementor-container elementor-column-gap-default\">\n\t\t\t\t\t<div class=\"elementor-column elementor-col-100 elementor-top-column elementor-element elementor-element-654a3ec\" data-id=\"654a3ec\" data-element_type=\"column\" data-e-type=\"column\">\n\t\t\t<div class=\"elementor-widget-wrap elementor-element-populated\">\n\t\t\t\t\t\t<div class=\"elementor-element elementor-element-1ee850e elementor-widget elementor-widget-heading\" data-id=\"1ee850e\" data-element_type=\"widget\" data-e-type=\"widget\" data-widget_type=\"heading.default\">\n\t\t\t\t<div class=\"elementor-widget-container\">\n\t\t\t\t\t<h2 class=\"elementor-heading-title elementor-size-default\">Vino, cultura y tradici\u00f3n en la Cooperativa Falset Mar\u00e7\u00e0<\/h2>\t\t\t\t<\/div>\n\t\t\t\t<\/div>\n\t\t\t\t<div class=\"elementor-element elementor-element-21aae61 elementor-product-loop-item--align-left enoturisme-experiences elementor-grid-mobile-1 elementor-grid-tablet-2 elementor-grid-4 elementor-products-grid elementor-wc-products elementor-widget elementor-widget-woocommerce-products\" data-id=\"21aae61\" data-element_type=\"widget\" data-e-type=\"widget\" data-widget_type=\"woocommerce-products.default\">\n\t\t\t\t<div class=\"elementor-widget-container\">\n\t\t\t\t\t<div class=\"woocommerce columns-4 \"><ul class=\"products elementor-grid columns-4\">\n<li class=\"product type-product post-9963 status-publish first instock product_cat-enoturismo has-post-thumbnail virtual sold-individually purchasable product-type-booking\">\n\t<a href=\"https:\/\/www.etim.cat\/es\/producte\/visita-premium\/\" class=\"woocommerce-LoopProduct-link woocommerce-loop-product__link\"><img fetchpriority=\"high\" decoding=\"async\" width=\"600\" height=\"600\" src=\"https:\/\/www.etim.cat\/wp-content\/uploads\/2022\/07\/visita-guiada-portada-enoturisme-600x600.jpg\" class=\"attachment-woocommerce_thumbnail size-woocommerce_thumbnail\" alt=\"VISITA EUDALD SALVAT\" srcset=\"https:\/\/www.etim.cat\/wp-content\/uploads\/2022\/07\/visita-guiada-portada-enoturisme-600x600.jpg 600w, https:\/\/www.etim.cat\/wp-content\/uploads\/2022\/07\/visita-guiada-portada-enoturisme-150x150.jpg 150w, https:\/\/www.etim.cat\/wp-content\/uploads\/2022\/07\/visita-guiada-portada-enoturisme-100x100.jpg 100w\" sizes=\"(max-width: 600px) 100vw, 600px\" \/><h2 class=\"woocommerce-loop-product__title\">Visita Premium<\/h2><p class=\"description\">Descubre y disfruta de los vinos de gama alta \u00c8TIM, adem\u00e1s de los detalles del emblem\u00e1tico edificio de la bodega, dise\u00f1ada por C\u00e8sar Martinell.<\/p><p class=\"loop-price\"><div><span class=\"woocommerce-Price-amount amount\"><bdi>22,00&nbsp;<span class=\"woocommerce-Price-currencySymbol\">&euro;<\/span><\/bdi><\/span><\/div><\/p><\/a><a href=\"https:\/\/www.etim.cat\/es\/producte\/visita-premium\/\" aria-describedby=\"woocommerce_loop_add_to_cart_link_describedby_9963\" data-quantity=\"1\" class=\"button product_type_booking add_to_cart_button\" data-product_id=\"9963\" data-product_sku=\"SS000036\" aria-label=\"Lee m\u00e1s sobre &ldquo;Visita Premium&rdquo;\" rel=\"nofollow\">Leer m\u00e1s<\/a>\t<span id=\"woocommerce_loop_add_to_cart_link_describedby_9963\" class=\"screen-reader-text\">\n\t\t\t<\/span>\n<\/li>\n<li class=\"product type-product post-23704 status-publish instock product_cat-enoturismo has-post-thumbnail virtual purchasable product-type-simple\">\n\t<a href=\"https:\/\/www.etim.cat\/es\/producte\/wine-bar\/\" class=\"woocommerce-LoopProduct-link woocommerce-loop-product__link\"><img decoding=\"async\" width=\"600\" height=\"600\" src=\"https:\/\/www.etim.cat\/wp-content\/uploads\/2025\/08\/VISITA-6-600x600.jpg\" class=\"attachment-woocommerce_thumbnail size-woocommerce_thumbnail\" alt=\"Wine Bar\" srcset=\"https:\/\/www.etim.cat\/wp-content\/uploads\/2025\/08\/VISITA-6-600x600.jpg 600w, https:\/\/www.etim.cat\/wp-content\/uploads\/2025\/08\/VISITA-6-150x150.jpg 150w, https:\/\/www.etim.cat\/wp-content\/uploads\/2025\/08\/VISITA-6-100x100.jpg 100w\" sizes=\"(max-width: 600px) 100vw, 600px\" \/><h2 class=\"woocommerce-loop-product__title\">Wine Bar<\/h2><p class=\"loop-price\"><div><span class=\"woocommerce-Price-amount amount\"><bdi>0,00&nbsp;<span class=\"woocommerce-Price-currencySymbol\">&euro;<\/span><\/bdi><\/span><\/div><\/p><\/a><form action=\"\/es\/wp-json\/wp\/v2\/pages\/7627?add-to-cart=23704\" class=\"cart etim-add-to-cart\" method=\"post\" enctype=\"multipart\/form-data\"><div class=\"quantity\">\n\t\t<label class=\"screen-reader-text\" for=\"quantity_69efe351e1a62\">Wine Bar cantidad<\/label>\n\t<input\n\t\ttype=\"number\"\n\t\t\t\tid=\"quantity_69efe351e1a62\"\n\t\tclass=\"input-text qty text\"\n\t\tname=\"quantity\"\n\t\tvalue=\"1\"\n\t\taria-label=\"Cantidad de productos\"\n\t\t\t\tmin=\"1\"\n\t\t\t\t\t\t\tstep=\"1\"\n\t\t\tplaceholder=\"\"\n\t\t\tinputmode=\"numeric\"\n\t\t\tautocomplete=\"off\"\n\t\t\t\/>\n\t<\/div>\n<button type=\"submit\" class=\"button alt\">A\u00f1adir al carrito<\/button><\/form>\t<span id=\"woocommerce_loop_add_to_cart_link_describedby_23704\" class=\"screen-reader-text\">\n\t\t\t<\/span>\n<\/li>\n<li class=\"product type-product post-24685 status-publish instock product_cat-enoturismo has-post-thumbnail shipping-taxable purchasable product-type-simple\">\n\t<a href=\"https:\/\/www.etim.cat\/es\/producte\/la-catedral-de-falset\/\" class=\"woocommerce-LoopProduct-link woocommerce-loop-product__link\"><img decoding=\"async\" width=\"600\" height=\"600\" src=\"https:\/\/www.etim.cat\/wp-content\/uploads\/2025\/07\/IMG_3906-600x600.jpg\" class=\"attachment-woocommerce_thumbnail size-woocommerce_thumbnail\" alt=\"La Catedral de Falset\" srcset=\"https:\/\/www.etim.cat\/wp-content\/uploads\/2025\/07\/IMG_3906-600x600.jpg 600w, https:\/\/www.etim.cat\/wp-content\/uploads\/2025\/07\/IMG_3906-150x150.jpg 150w, https:\/\/www.etim.cat\/wp-content\/uploads\/2025\/07\/IMG_3906-100x100.jpg 100w\" sizes=\"(max-width: 600px) 100vw, 600px\" \/><h2 class=\"woocommerce-loop-product__title\">La Catedral de Falset<\/h2><p class=\"loop-price\"><div><span class=\"woocommerce-Price-amount amount\"><bdi>0,00&nbsp;<span class=\"woocommerce-Price-currencySymbol\">&euro;<\/span><\/bdi><\/span><\/div><\/p><\/a><form action=\"\/es\/wp-json\/wp\/v2\/pages\/7627?add-to-cart=24685\" class=\"cart etim-add-to-cart\" method=\"post\" enctype=\"multipart\/form-data\"><div class=\"quantity\">\n\t\t<label class=\"screen-reader-text\" for=\"quantity_69efe351e3699\">La Catedral de Falset cantidad<\/label>\n\t<input\n\t\ttype=\"number\"\n\t\t\t\tid=\"quantity_69efe351e3699\"\n\t\tclass=\"input-text qty text\"\n\t\tname=\"quantity\"\n\t\tvalue=\"1\"\n\t\taria-label=\"Cantidad de productos\"\n\t\t\t\tmin=\"1\"\n\t\t\t\t\t\t\tstep=\"1\"\n\t\t\tplaceholder=\"\"\n\t\t\tinputmode=\"numeric\"\n\t\t\tautocomplete=\"off\"\n\t\t\t\/>\n\t<\/div>\n<button type=\"submit\" class=\"button alt\">A\u00f1adir al carrito<\/button><\/form>\t<span id=\"woocommerce_loop_add_to_cart_link_describedby_24685\" class=\"screen-reader-text\">\n\t\t\t<\/span>\n<\/li>\n<li class=\"product type-product post-7687 status-publish last instock product_cat-enoturismo has-post-thumbnail virtual product-type-simple\">\n\t<a href=\"https:\/\/www.etim.cat\/es\/producte\/sol-y-serena\/\" class=\"woocommerce-LoopProduct-link woocommerce-loop-product__link\"><img loading=\"lazy\" decoding=\"async\" width=\"600\" height=\"600\" src=\"https:\/\/www.etim.cat\/wp-content\/uploads\/2023\/04\/soliserena4-600x600.png\" class=\"attachment-woocommerce_thumbnail size-woocommerce_thumbnail\" alt=\"Sol y serena\" srcset=\"https:\/\/www.etim.cat\/wp-content\/uploads\/2023\/04\/soliserena4-600x600.png 600w, https:\/\/www.etim.cat\/wp-content\/uploads\/2023\/04\/soliserena4-300x300.png 300w, https:\/\/www.etim.cat\/wp-content\/uploads\/2023\/04\/soliserena4-1024x1024.png 1024w, https:\/\/www.etim.cat\/wp-content\/uploads\/2023\/04\/soliserena4-150x150.png 150w, https:\/\/www.etim.cat\/wp-content\/uploads\/2023\/04\/soliserena4-768x768.png 768w, https:\/\/www.etim.cat\/wp-content\/uploads\/2023\/04\/soliserena4-1536x1536.png 1536w, https:\/\/www.etim.cat\/wp-content\/uploads\/2023\/04\/soliserena4-1000x1000.png 1000w, https:\/\/www.etim.cat\/wp-content\/uploads\/2023\/04\/soliserena4-100x100.png 100w, https:\/\/www.etim.cat\/wp-content\/uploads\/2023\/04\/soliserena4.png 2048w\" sizes=\"(max-width: 600px) 100vw, 600px\" \/><h2 class=\"woocommerce-loop-product__title\">Sol y serena<\/h2><p class=\"description\">Una visita para descubrir el proceso de elaboraci\u00f3n del vino en uno de los momentos perfectos del d\u00eda, acompa\u00f1ado de los vinos y vermuts y de sus respectivos maridajes<\/p><p class=\"loop-price\"><div><\/div><\/p><\/a><a href=\"https:\/\/www.etim.cat\/es\/producte\/sol-y-serena\/\" aria-describedby=\"woocommerce_loop_add_to_cart_link_describedby_7687\" data-quantity=\"1\" class=\"button product_type_simple\" data-product_id=\"7687\" data-product_sku=\"SS000013\" aria-label=\"Lee m\u00e1s sobre &ldquo;Sol y serena&rdquo;\" rel=\"nofollow\" data-success_message=\"\">Leer m\u00e1s<\/a>\t<span id=\"woocommerce_loop_add_to_cart_link_describedby_7687\" class=\"screen-reader-text\">\n\t\t\t<\/span>\n<\/li>\n<li class=\"product type-product post-9964 status-publish first instock product_cat-enoturismo product_cat-regalos-y-otros has-post-thumbnail shipping-taxable purchasable product-type-variable\">\n\t<a href=\"https:\/\/www.etim.cat\/es\/producte\/cheque-regalo-enoturismo\/\" class=\"woocommerce-LoopProduct-link woocommerce-loop-product__link\"><img loading=\"lazy\" decoding=\"async\" width=\"600\" height=\"600\" src=\"https:\/\/www.etim.cat\/wp-content\/uploads\/2025\/03\/xec-regal-600x600.png\" class=\"attachment-woocommerce_thumbnail size-woocommerce_thumbnail\" alt=\"Cheque regalo enoturismo\" srcset=\"https:\/\/www.etim.cat\/wp-content\/uploads\/2025\/03\/xec-regal-600x600.png 600w, https:\/\/www.etim.cat\/wp-content\/uploads\/2025\/03\/xec-regal-150x150.png 150w, https:\/\/www.etim.cat\/wp-content\/uploads\/2025\/03\/xec-regal-100x100.png 100w\" sizes=\"(max-width: 600px) 100vw, 600px\" \/><h2 class=\"woocommerce-loop-product__title\">Cheque regalo enoturismo<\/h2><p class=\"description\">Escoge el regalo perfecto con este cheque regalo con el que la persona que t\u00fa desees podr\u00e1 vivir una experiencia \u00fanica e inigualable en el mundo del vino, incluye una visita en la bodega y una cata de vinos.<\/p><p class=\"loop-price\"><div>De <span class=\"woocommerce-Price-amount amount\" aria-hidden=\"true\"><bdi>14,00&nbsp;<span class=\"woocommerce-Price-currencySymbol\">&euro;<\/span><\/bdi><\/span> <span aria-hidden=\"true\">-<\/span> <span class=\"woocommerce-Price-amount amount\" aria-hidden=\"true\"><bdi>30,00&nbsp;<span class=\"woocommerce-Price-currencySymbol\">&euro;<\/span><\/bdi><\/span><span class=\"screen-reader-text\">Rango de precios: desde 14,00&nbsp;&euro; hasta 30,00&nbsp;&euro;<\/span><\/div><\/p><\/a><a href=\"https:\/\/www.etim.cat\/es\/producte\/cheque-regalo-enoturismo\/\" aria-describedby=\"woocommerce_loop_add_to_cart_link_describedby_9964\" data-quantity=\"1\" class=\"button product_type_variable add_to_cart_button\" data-product_id=\"9964\" data-product_sku=\"\" aria-label=\"Elige las opciones para &ldquo;Cheque regalo enoturismo&rdquo;\" rel=\"nofollow\">Seleccionar opciones<\/a>\t<span id=\"woocommerce_loop_add_to_cart_link_describedby_9964\" class=\"screen-reader-text\">\n\t\tEste producto tiene m\u00faltiples variantes. Las opciones se pueden elegir en la p\u00e1gina de producto\t<\/span>\n<\/li>\n<li class=\"product type-product post-16435 status-publish instock product_cat-enoturismo has-post-thumbnail sold-individually shipping-taxable purchasable product-type-booking\">\n\t<a href=\"https:\/\/www.etim.cat\/es\/producte\/visita-guiada\/\" class=\"woocommerce-LoopProduct-link woocommerce-loop-product__link\"><img loading=\"lazy\" decoding=\"async\" width=\"600\" height=\"600\" src=\"https:\/\/www.etim.cat\/wp-content\/uploads\/2025\/03\/31-600x600.png\" class=\"attachment-woocommerce_thumbnail size-woocommerce_thumbnail\" alt=\"Visita guiada\" srcset=\"https:\/\/www.etim.cat\/wp-content\/uploads\/2025\/03\/31-600x600.png 600w, https:\/\/www.etim.cat\/wp-content\/uploads\/2025\/03\/31-300x300.png 300w, https:\/\/www.etim.cat\/wp-content\/uploads\/2025\/03\/31-150x150.png 150w, https:\/\/www.etim.cat\/wp-content\/uploads\/2025\/03\/31-768x768.png 768w, https:\/\/www.etim.cat\/wp-content\/uploads\/2025\/03\/31-100x100.png 100w, https:\/\/www.etim.cat\/wp-content\/uploads\/2025\/03\/31.png 800w\" sizes=\"(max-width: 600px) 100vw, 600px\" \/><h2 class=\"woocommerce-loop-product__title\">Visita guiada<\/h2><p class=\"description\">Visita guiada por la Catedral del Vino en la que podr\u00e9is aprender y descubrir el proceso de producci\u00f3n de nuestros vinos adem\u00e1s de catarlos.<\/p><p class=\"loop-price\"><div><span class=\"woocommerce-Price-amount amount\"><bdi>14,00&nbsp;<span class=\"woocommerce-Price-currencySymbol\">&euro;<\/span><\/bdi><\/span><\/div><\/p><\/a><a href=\"https:\/\/www.etim.cat\/es\/producte\/visita-guiada\/\" aria-describedby=\"woocommerce_loop_add_to_cart_link_describedby_16435\" data-quantity=\"1\" class=\"button product_type_booking add_to_cart_button\" data-product_id=\"16435\" data-product_sku=\"SS000001\" aria-label=\"Lee m\u00e1s sobre &ldquo;Visita guiada&rdquo;\" rel=\"nofollow\">Leer m\u00e1s<\/a>\t<span id=\"woocommerce_loop_add_to_cart_link_describedby_16435\" class=\"screen-reader-text\">\n\t\t\t<\/span>\n<\/li>\n<li class=\"product type-product post-18781 status-publish instock product_cat-enoturismo has-post-thumbnail shipping-taxable purchasable product-type-simple\">\n\t<a href=\"https:\/\/www.etim.cat\/es\/producte\/visitas-gastronomicas\/\" class=\"woocommerce-LoopProduct-link woocommerce-loop-product__link\"><img loading=\"lazy\" decoding=\"async\" width=\"600\" height=\"600\" src=\"https:\/\/www.etim.cat\/wp-content\/uploads\/2025\/04\/Imatges-Enoturisme-600x600.png\" class=\"attachment-woocommerce_thumbnail size-woocommerce_thumbnail\" alt=\"Visitas gastron\u00f3micas\" srcset=\"https:\/\/www.etim.cat\/wp-content\/uploads\/2025\/04\/Imatges-Enoturisme-600x600.png 600w, https:\/\/www.etim.cat\/wp-content\/uploads\/2025\/04\/Imatges-Enoturisme-150x150.png 150w, https:\/\/www.etim.cat\/wp-content\/uploads\/2025\/04\/Imatges-Enoturisme-100x100.png 100w\" sizes=\"(max-width: 600px) 100vw, 600px\" \/><h2 class=\"woocommerce-loop-product__title\">Visitas gastron\u00f3micas<\/h2><p class=\"description\">Descubre la experiencia de combinar los vinos de la Cooperativa con la gastronom\u00eda de Falset.<\/p><p class=\"loop-price\"><div><span class=\"woocommerce-Price-amount amount\"><bdi>0,00&nbsp;<span class=\"woocommerce-Price-currencySymbol\">&euro;<\/span><\/bdi><\/span><\/div><\/p><\/a><form action=\"\/es\/wp-json\/wp\/v2\/pages\/7627?add-to-cart=18781\" class=\"cart etim-add-to-cart\" method=\"post\" enctype=\"multipart\/form-data\"><div class=\"quantity\">\n\t\t<label class=\"screen-reader-text\" for=\"quantity_69efe351f1a0d\">Visitas gastron\u00f3micas cantidad<\/label>\n\t<input\n\t\ttype=\"number\"\n\t\t\t\tid=\"quantity_69efe351f1a0d\"\n\t\tclass=\"input-text qty text\"\n\t\tname=\"quantity\"\n\t\tvalue=\"1\"\n\t\taria-label=\"Cantidad de productos\"\n\t\t\t\tmin=\"1\"\n\t\t\t\t\t\t\tstep=\"1\"\n\t\t\tplaceholder=\"\"\n\t\t\tinputmode=\"numeric\"\n\t\t\tautocomplete=\"off\"\n\t\t\t\/>\n\t<\/div>\n<button type=\"submit\" class=\"button alt\">A\u00f1adir al carrito<\/button><\/form>\t<span id=\"woocommerce_loop_add_to_cart_link_describedby_18781\" class=\"screen-reader-text\">\n\t\t\t<\/span>\n<\/li>\n<\/ul>\n<\/div>\t\t\t\t<\/div>\n\t\t\t\t<\/div>\n\t\t\t\t\t<\/div>\n\t\t<\/div>\n\t\t\t\t\t<\/div>\n\t\t<\/section>\n\t\t\t\t<section data-particle_enable=\"false\" data-particle-mobile-disabled=\"false\" class=\"elementor-section elementor-top-section elementor-element elementor-element-0de69a6 elementor-section-full_width elementor-section-height-default elementor-section-height-default\" data-id=\"0de69a6\" data-element_type=\"section\" data-e-type=\"section\">\n\t\t\t\t\t\t<div class=\"elementor-container elementor-column-gap-no\">\n\t\t\t\t\t<div class=\"elementor-column elementor-col-50 elementor-top-column elementor-element elementor-element-4ccf6c4\" data-id=\"4ccf6c4\" data-element_type=\"column\" data-e-type=\"column\" data-settings=\"{&quot;background_background&quot;:&quot;classic&quot;}\">\n\t\t\t<div class=\"elementor-widget-wrap elementor-element-populated\">\n\t\t\t\t\t\t<div class=\"elementor-element elementor-element-1e8afec elementor-widget elementor-widget-text-editor\" data-id=\"1e8afec\" data-element_type=\"widget\" data-e-type=\"widget\" data-widget_type=\"text-editor.default\">\n\t\t\t\t<div class=\"elementor-widget-container\">\n\t\t\t\t\t\t\t\t\t<p><strong>Si sois un centro escolar, un grupo numeroso o, simplemente, quer\u00e9is una visita exclusiva y a medida, contacta con nosotros y te dise\u00f1aremos una experiencia \u00fanica en nuestros vi\u00f1edos, en la bodega, &#8230;<\/strong><\/p>\n\t\t\t\t\t\t\t\t<\/div>\n\t\t\t\t<\/div>\n\t\t\t\t<div class=\"elementor-element elementor-element-1004b94 elementor-align-left elementor-widget elementor-widget-button\" data-id=\"1004b94\" data-element_type=\"widget\" data-e-type=\"widget\" data-widget_type=\"button.default\">\n\t\t\t\t<div class=\"elementor-widget-container\">\n\t\t\t\t\t\t\t\t\t<div class=\"elementor-button-wrapper\">\n\t\t\t\t\t<a class=\"elementor-button elementor-button-link elementor-size-sm\" href=\"#elementor-action%3Aaction%3Dpopup%3Aopen%26settings%3DeyJpZCI6MTA0MDgsInRvZ2dsZSI6ZmFsc2V9\">\n\t\t\t\t\t\t<span class=\"elementor-button-content-wrapper\">\n\t\t\t\t\t\t\t\t\t<span class=\"elementor-button-text\">Reservar<\/span>\n\t\t\t\t\t<\/span>\n\t\t\t\t\t<\/a>\n\t\t\t\t<\/div>\n\t\t\t\t\t\t\t\t<\/div>\n\t\t\t\t<\/div>\n\t\t\t\t\t<\/div>\n\t\t<\/div>\n\t\t\t\t<div class=\"elementor-column elementor-col-50 elementor-top-column elementor-element elementor-element-54f9daf\" data-id=\"54f9daf\" data-element_type=\"column\" data-e-type=\"column\" data-settings=\"{&quot;background_background&quot;:&quot;classic&quot;}\">\n\t\t\t<div class=\"elementor-widget-wrap\">\n\t\t\t\t\t\t\t<\/div>\n\t\t<\/div>\n\t\t\t\t\t<\/div>\n\t\t<\/section>\n\t\t\t\t<\/div>\n\t\t","protected":false},"excerpt":{"rendered":"<p>Vino, cultura y tradici\u00f3n en la Cooperativa Falset Mar\u00e7\u00e0 Si sois un centro escolar, un grupo numeroso o, simplemente, quer\u00e9is una visita exclusiva y a medida, contacta con nosotros y te dise\u00f1aremos una experiencia \u00fanica en nuestros vi\u00f1edos, en la bodega, &#8230; Reservar<\/p>\n","protected":false},"author":18,"featured_media":0,"parent":0,"menu_order":0,"comment_status":"closed","ping_status":"closed","template":"elementor_header_footer","meta":{"footnotes":""},"class_list":["post-7627","page","type-page","status-publish","hentry"],"aioseo_notices":[],"_links":{"self":[{"href":"https:\/\/www.etim.cat\/es\/wp-json\/wp\/v2\/pages\/7627","targetHints":{"allow":["GET"]}}],"collection":[{"href":"https:\/\/www.etim.cat\/es\/wp-json\/wp\/v2\/pages"}],"about":[{"href":"https:\/\/www.etim.cat\/es\/wp-json\/wp\/v2\/types\/page"}],"author":[{"embeddable":true,"href":"https:\/\/www.etim.cat\/es\/wp-json\/wp\/v2\/users\/18"}],"replies":[{"embeddable":true,"href":"https:\/\/www.etim.cat\/es\/wp-json\/wp\/v2\/comments?post=7627"}],"version-history":[{"count":78,"href":"https:\/\/www.etim.cat\/es\/wp-json\/wp\/v2\/pages\/7627\/revisions"}],"predecessor-version":[{"id":20350,"href":"https:\/\/www.etim.cat\/es\/wp-json\/wp\/v2\/pages\/7627\/revisions\/20350"}],"wp:attachment":[{"href":"https:\/\/www.etim.cat\/es\/wp-json\/wp\/v2\/media?parent=7627"}],"curies":[{"name":"wp","href":"https:\/\/api.w.org\/{rel}","templated":true}]}}