{"id":7617,"date":"2022-08-30T19:19:37","date_gmt":"2022-08-30T17:19:37","guid":{"rendered":"https:\/\/www.etim.cat\/cupon-escondido\/"},"modified":"2023-06-28T12:16:19","modified_gmt":"2023-06-28T10:16:19","slug":"cupon-escondido","status":"publish","type":"page","link":"https:\/\/www.etim.cat\/es\/cupon-escondido\/","title":{"rendered":"cup\u00f3n escondido"},"content":{"rendered":"\t\t<div data-elementor-type=\"wp-page\" data-elementor-id=\"7617\" class=\"elementor elementor-7617\" data-elementor-post-type=\"page\">\n\t\t\t\t\t\t<section data-particle_enable=\"false\" data-particle-mobile-disabled=\"false\" class=\"elementor-section elementor-top-section elementor-element elementor-element-e220f79 elementor-section-height-min-height elementor-section-boxed elementor-section-height-default elementor-section-items-middle\" data-id=\"e220f79\" data-element_type=\"section\" data-e-type=\"section\" data-settings=\"{&quot;background_background&quot;:&quot;classic&quot;}\">\n\t\t\t\t\t\t\t<div class=\"elementor-background-overlay\"><\/div>\n\t\t\t\t\t\t\t<div class=\"elementor-container elementor-column-gap-default\">\n\t\t\t\t\t<div class=\"elementor-column elementor-col-100 elementor-top-column elementor-element elementor-element-44d767d\" data-id=\"44d767d\" data-element_type=\"column\" data-e-type=\"column\">\n\t\t\t<div class=\"elementor-widget-wrap elementor-element-populated\">\n\t\t\t\t\t\t<div class=\"elementor-element elementor-element-5366754 elementor-widget elementor-widget-image\" data-id=\"5366754\" data-element_type=\"widget\" data-e-type=\"widget\" data-widget_type=\"image.default\">\n\t\t\t\t<div class=\"elementor-widget-container\">\n\t\t\t\t\t\t\t\t\t\t\t\t\t\t\t<img fetchpriority=\"high\" decoding=\"async\" width=\"300\" height=\"238\" src=\"https:\/\/www.etim.cat\/wp-content\/uploads\/2022\/07\/ETIIM-logo-blanc-fons-transparent-300x238.png\" class=\"attachment-medium size-medium wp-image-4699\" alt=\"\" srcset=\"https:\/\/www.etim.cat\/wp-content\/uploads\/2022\/07\/ETIIM-logo-blanc-fons-transparent-300x238.png 300w, https:\/\/www.etim.cat\/wp-content\/uploads\/2022\/07\/ETIIM-logo-blanc-fons-transparent-1024x813.png 1024w, https:\/\/www.etim.cat\/wp-content\/uploads\/2022\/07\/ETIIM-logo-blanc-fons-transparent-768x610.png 768w, https:\/\/www.etim.cat\/wp-content\/uploads\/2022\/07\/ETIIM-logo-blanc-fons-transparent-1000x794.png 1000w, https:\/\/www.etim.cat\/wp-content\/uploads\/2022\/07\/ETIIM-logo-blanc-fons-transparent.png 1145w\" sizes=\"(max-width: 300px) 100vw, 300px\" \/>\t\t\t\t\t\t\t\t\t\t\t\t\t\t\t<\/div>\n\t\t\t\t<\/div>\n\t\t\t\t\t<\/div>\n\t\t<\/div>\n\t\t\t\t\t<\/div>\n\t\t<\/section>\n\t\t\t\t<section data-particle_enable=\"false\" data-particle-mobile-disabled=\"false\" class=\"elementor-section elementor-top-section elementor-element elementor-element-a5675e7 elementor-section-boxed elementor-section-height-default elementor-section-height-default\" data-id=\"a5675e7\" data-element_type=\"section\" data-e-type=\"section\">\n\t\t\t\t\t\t<div class=\"elementor-container elementor-column-gap-default\">\n\t\t\t\t\t<div class=\"elementor-column elementor-col-100 elementor-top-column elementor-element elementor-element-28efede\" data-id=\"28efede\" data-element_type=\"column\" data-e-type=\"column\">\n\t\t\t<div class=\"elementor-widget-wrap elementor-element-populated\">\n\t\t\t\t\t\t<div class=\"elementor-element elementor-element-6dd74a2 elementor-widget elementor-widget-heading\" data-id=\"6dd74a2\" data-element_type=\"widget\" data-e-type=\"widget\" data-widget_type=\"heading.default\">\n\t\t\t\t<div class=\"elementor-widget-container\">\n\t\t\t\t\t<h2 class=\"elementor-heading-title elementor-size-default\">Ya tienes tu premio!<\/h2>\t\t\t\t<\/div>\n\t\t\t\t<\/div>\n\t\t\t\t<div class=\"elementor-element elementor-element-ed2fcef elementor-widget elementor-widget-text-editor\" data-id=\"ed2fcef\" data-element_type=\"widget\" data-e-type=\"widget\" data-widget_type=\"text-editor.default\">\n\t\t\t\t<div class=\"elementor-widget-container\">\n\t\t\t\t\t\t\t\t\t<p style=\"text-align: center;\">Ve a tu buz\u00f3n de entrada y encontrar\u00e1s tu descuento del 10% para canjear en nuestra tienda <em>online<\/em>.<\/p>\n<p style=\"text-align: center;\"><em>Si no lo encuentras, revisa tu buz\u00f3n de Spam o Promociones.<\/em><\/p>\n\t\t\t\t\t\t\t\t<\/div>\n\t\t\t\t<\/div>\n\t\t\t\t\t<\/div>\n\t\t<\/div>\n\t\t\t\t\t<\/div>\n\t\t<\/section>\n\t\t\t\t<\/div>\n\t\t","protected":false},"excerpt":{"rendered":"<p>Ya tienes tu premio! Ve a tu buz\u00f3n de entrada y encontrar\u00e1s tu descuento del 10% para canjear en nuestra tienda online. Si no lo encuentras, revisa tu buz\u00f3n de Spam o Promociones.<\/p>\n","protected":false},"author":18,"featured_media":0,"parent":0,"menu_order":0,"comment_status":"closed","ping_status":"closed","template":"elementor_canvas","meta":{"footnotes":""},"class_list":["post-7617","page","type-page","status-publish","hentry"],"aioseo_notices":[],"_links":{"self":[{"href":"https:\/\/www.etim.cat\/es\/wp-json\/wp\/v2\/pages\/7617","targetHints":{"allow":["GET"]}}],"collection":[{"href":"https:\/\/www.etim.cat\/es\/wp-json\/wp\/v2\/pages"}],"about":[{"href":"https:\/\/www.etim.cat\/es\/wp-json\/wp\/v2\/types\/page"}],"author":[{"embeddable":true,"href":"https:\/\/www.etim.cat\/es\/wp-json\/wp\/v2\/users\/18"}],"replies":[{"embeddable":true,"href":"https:\/\/www.etim.cat\/es\/wp-json\/wp\/v2\/comments?post=7617"}],"version-history":[{"count":3,"href":"https:\/\/www.etim.cat\/es\/wp-json\/wp\/v2\/pages\/7617\/revisions"}],"predecessor-version":[{"id":13523,"href":"https:\/\/www.etim.cat\/es\/wp-json\/wp\/v2\/pages\/7617\/revisions\/13523"}],"wp:attachment":[{"href":"https:\/\/www.etim.cat\/es\/wp-json\/wp\/v2\/media?parent=7617"}],"curies":[{"name":"wp","href":"https:\/\/api.w.org\/{rel}","templated":true}]}}