{"id":7613,"date":"2022-06-09T08:24:35","date_gmt":"2022-06-09T06:24:35","guid":{"rendered":"https:\/\/www.etim.cat\/confirmacion-amigo\/"},"modified":"2023-06-28T12:11:05","modified_gmt":"2023-06-28T10:11:05","slug":"confirmacion-amigo","status":"publish","type":"page","link":"https:\/\/www.etim.cat\/es\/confirmacion-amigo\/","title":{"rendered":"Confirmaci\u00f3n Amigo"},"content":{"rendered":"\t\t<div data-elementor-type=\"wp-page\" data-elementor-id=\"7613\" class=\"elementor elementor-7613 elementor-4285\" data-elementor-post-type=\"page\">\n\t\t\t\t\t\t<section data-particle_enable=\"false\" data-particle-mobile-disabled=\"false\" class=\"elementor-section elementor-top-section elementor-element elementor-element-d2a67fa elementor-section-boxed elementor-section-height-default elementor-section-height-default\" data-id=\"d2a67fa\" data-element_type=\"section\" data-e-type=\"section\">\n\t\t\t\t\t\t<div class=\"elementor-container elementor-column-gap-default\">\n\t\t\t\t\t<div class=\"elementor-column elementor-col-100 elementor-top-column elementor-element elementor-element-f22325a\" data-id=\"f22325a\" data-element_type=\"column\" data-e-type=\"column\">\n\t\t\t<div class=\"elementor-widget-wrap elementor-element-populated\">\n\t\t\t\t\t\t<div class=\"elementor-element elementor-element-0d22d85 elementor-widget elementor-widget-heading\" data-id=\"0d22d85\" data-element_type=\"widget\" data-e-type=\"widget\" data-widget_type=\"heading.default\">\n\t\t\t\t<div class=\"elementor-widget-container\">\n\t\t\t\t\t<h1 class=\"elementor-heading-title elementor-size-default\">Felicidades, ya eres Amigo<\/h1>\t\t\t\t<\/div>\n\t\t\t\t<\/div>\n\t\t\t\t<div class=\"elementor-element elementor-element-bde04c8 elementor-widget elementor-widget-heading\" data-id=\"bde04c8\" data-element_type=\"widget\" data-e-type=\"widget\" data-widget_type=\"heading.default\">\n\t\t\t\t<div class=\"elementor-widget-container\">\n\t\t\t\t\t<h2 class=\"elementor-heading-title elementor-size-default\">de la Cooperativa Falset Mar\u00e7\u00e0<\/h2>\t\t\t\t<\/div>\n\t\t\t\t<\/div>\n\t\t\t\t\t<\/div>\n\t\t<\/div>\n\t\t\t\t\t<\/div>\n\t\t<\/section>\n\t\t\t\t<section data-particle_enable=\"false\" data-particle-mobile-disabled=\"false\" class=\"elementor-section elementor-top-section elementor-element elementor-element-aa23929 elementor-section-boxed elementor-section-height-default elementor-section-height-default\" data-id=\"aa23929\" data-element_type=\"section\" data-e-type=\"section\">\n\t\t\t\t\t\t<div class=\"elementor-container elementor-column-gap-default\">\n\t\t\t\t\t<div class=\"elementor-column elementor-col-100 elementor-top-column elementor-element elementor-element-13caf7b\" data-id=\"13caf7b\" data-element_type=\"column\" data-e-type=\"column\">\n\t\t\t<div class=\"elementor-widget-wrap elementor-element-populated\">\n\t\t\t\t\t\t<div class=\"elementor-element elementor-element-4e092cb elementor-widget elementor-widget-heading\" data-id=\"4e092cb\" data-element_type=\"widget\" data-e-type=\"widget\" data-widget_type=\"heading.default\">\n\t\t\t\t<div class=\"elementor-widget-container\">\n\t\t\t\t\t<h3 class=\"elementor-heading-title elementor-size-default\">Inicia sessi\u00f3n i disfruta de todas las ventajas<\/h3>\t\t\t\t<\/div>\n\t\t\t\t<\/div>\n\t\t\t\t<div class=\"elementor-element elementor-element-03164c1 elementor-widget elementor-widget-text-editor\" data-id=\"03164c1\" data-element_type=\"widget\" data-e-type=\"widget\" data-widget_type=\"text-editor.default\">\n\t\t\t\t<div class=\"elementor-widget-container\">\n\t\t\t\t\t\t\t\t\t<p>Para disfrutar de las ventajas de ser Amigo, primero <strong>has de iniciar sesi\u00f3n a la web.<\/strong><\/p>\n<p>En esta primera ocasi\u00f3n <strong>te hemos enviado un correo electr\u00f3nico<\/strong> al email que nos has facilitado durante el registro. Si no lo encuentras, mira la bandeja de correo basura.<\/p>\n<p>En este correo electr\u00f3nico encontrar\u00e1s un enlace para acceder a tu cuenta, as\u00ed como tu usuario y una contrase\u00f1a, que podr\u00e1s cambiar una vez hayas iniciado sesi\u00f3n. Podr\u00e1s hacerlo al apartado <strong>Detalles de la cuenta<\/strong>.<\/p>\n<p>En futuras ocasiones podr\u00e1s acceder a tu cuenta clicando el enlace de inicio de sesi\u00f3n que encontrar\u00e1s en la cabecera de la web.<\/p>\n<p>Muchas gracias!<\/p>\n\t\t\t\t\t\t\t\t<\/div>\n\t\t\t\t<\/div>\n\t\t\t\t\t<\/div>\n\t\t<\/div>\n\t\t\t\t\t<\/div>\n\t\t<\/section>\n\t\t\t\t<\/div>\n\t\t","protected":false},"excerpt":{"rendered":"<p>Felicidades, ya eres Amigo de la Cooperativa Falset Mar\u00e7\u00e0 Inicia sessi\u00f3n i disfruta de todas las ventajas Para disfrutar de las ventajas de ser Amigo, primero has de iniciar sesi\u00f3n a la web. En esta primera ocasi\u00f3n te hemos enviado un correo electr\u00f3nico al email que nos has facilitado durante el registro. Si no lo [&hellip;]<\/p>\n","protected":false},"author":1,"featured_media":0,"parent":0,"menu_order":0,"comment_status":"closed","ping_status":"closed","template":"elementor_header_footer","meta":{"footnotes":""},"class_list":["post-7613","page","type-page","status-publish","hentry"],"aioseo_notices":[],"_links":{"self":[{"href":"https:\/\/www.etim.cat\/es\/wp-json\/wp\/v2\/pages\/7613","targetHints":{"allow":["GET"]}}],"collection":[{"href":"https:\/\/www.etim.cat\/es\/wp-json\/wp\/v2\/pages"}],"about":[{"href":"https:\/\/www.etim.cat\/es\/wp-json\/wp\/v2\/types\/page"}],"author":[{"embeddable":true,"href":"https:\/\/www.etim.cat\/es\/wp-json\/wp\/v2\/users\/1"}],"replies":[{"embeddable":true,"href":"https:\/\/www.etim.cat\/es\/wp-json\/wp\/v2\/comments?post=7613"}],"version-history":[{"count":2,"href":"https:\/\/www.etim.cat\/es\/wp-json\/wp\/v2\/pages\/7613\/revisions"}],"predecessor-version":[{"id":13519,"href":"https:\/\/www.etim.cat\/es\/wp-json\/wp\/v2\/pages\/7613\/revisions\/13519"}],"wp:attachment":[{"href":"https:\/\/www.etim.cat\/es\/wp-json\/wp\/v2\/media?parent=7613"}],"curies":[{"name":"wp","href":"https:\/\/api.w.org\/{rel}","templated":true}]}}