{"id":7602,"date":"2022-02-10T13:42:14","date_gmt":"2022-02-10T12:42:14","guid":{"rendered":"https:\/\/www.etim.cat\/catedral-del-vino\/"},"modified":"2023-06-28T12:07:12","modified_gmt":"2023-06-28T10:07:12","slug":"catedral-del-vino","status":"publish","type":"page","link":"https:\/\/www.etim.cat\/es\/catedral-del-vino\/","title":{"rendered":"Catedral del Vino"},"content":{"rendered":"\t\t<div data-elementor-type=\"wp-post\" data-elementor-id=\"7602\" class=\"elementor elementor-7602 elementor-373\" data-elementor-post-type=\"page\">\n\t\t\t\t\t\t<section data-particle_enable=\"false\" data-particle-mobile-disabled=\"false\" class=\"elementor-section elementor-top-section elementor-element elementor-element-42f87f4 elementor-section-full_width elementor-section-height-default elementor-section-height-default\" data-id=\"42f87f4\" data-element_type=\"section\" data-e-type=\"section\">\n\t\t\t\t\t\t<div class=\"elementor-container elementor-column-gap-no\">\n\t\t\t\t\t<div class=\"elementor-column elementor-col-50 elementor-top-column elementor-element elementor-element-f13aa94\" data-id=\"f13aa94\" data-element_type=\"column\" data-e-type=\"column\" data-settings=\"{&quot;background_background&quot;:&quot;classic&quot;}\">\n\t\t\t<div class=\"elementor-widget-wrap elementor-element-populated\">\n\t\t\t\t\t\t<div class=\"elementor-element elementor-element-5bdde3d elementor-widget elementor-widget-spacer\" data-id=\"5bdde3d\" data-element_type=\"widget\" data-e-type=\"widget\" data-widget_type=\"spacer.default\">\n\t\t\t\t<div class=\"elementor-widget-container\">\n\t\t\t\t\t\t\t<div class=\"elementor-spacer\">\n\t\t\t<div class=\"elementor-spacer-inner\"><\/div>\n\t\t<\/div>\n\t\t\t\t\t\t<\/div>\n\t\t\t\t<\/div>\n\t\t\t\t\t<\/div>\n\t\t<\/div>\n\t\t\t\t<div class=\"elementor-column elementor-col-50 elementor-top-column elementor-element elementor-element-cecd68c\" data-id=\"cecd68c\" data-element_type=\"column\" data-e-type=\"column\" data-settings=\"{&quot;background_background&quot;:&quot;classic&quot;}\">\n\t\t\t<div class=\"elementor-widget-wrap elementor-element-populated\">\n\t\t\t\t\t\t<div class=\"elementor-element elementor-element-21dc1f6 elementor-widget elementor-widget-heading\" data-id=\"21dc1f6\" data-element_type=\"widget\" data-e-type=\"widget\" data-widget_type=\"heading.default\">\n\t\t\t\t<div class=\"elementor-widget-container\">\n\t\t\t\t\t<h1 class=\"elementor-heading-title elementor-size-default\">Catedral del Vino<\/h1>\t\t\t\t<\/div>\n\t\t\t\t<\/div>\n\t\t\t\t<div class=\"elementor-element elementor-element-3300324 elementor-widget elementor-widget-heading\" data-id=\"3300324\" data-element_type=\"widget\" data-e-type=\"widget\" data-widget_type=\"heading.default\">\n\t\t\t\t<div class=\"elementor-widget-container\">\n\t\t\t\t\t<h3 class=\"elementor-heading-title elementor-size-default\">Una joya arquitect\u00f3nica a caballo del modernismo y el novocentismo.<\/h3>\t\t\t\t<\/div>\n\t\t\t\t<\/div>\n\t\t\t\t<div class=\"elementor-element elementor-element-d18c227 elementor-widget elementor-widget-text-editor\" data-id=\"d18c227\" data-element_type=\"widget\" data-e-type=\"widget\" data-widget_type=\"text-editor.default\">\n\t\t\t\t<div class=\"elementor-widget-container\">\n\t\t\t\t\t\t\t\t\t<p>El ladrillo visto, la piedra, el rebozado y la cer\u00e1mica se conjugan para conseguir una est\u00e9tica caracter\u00edstica y unas formas impactantes. Grandes arcadas de inspiraci\u00f3n cl\u00e1sica, mucha luz en los interiores y todos los detalles tecnol\u00f3gicos de la \u00e9poca aplicados a la elaboraci\u00f3n de vinos.<\/p>\n<p>Con la llegada de la filoxera en el siglo XIX, los campesinos catalanes empobrecieron y naci\u00f3 el cooperativismo como oportunidad de unirse entre ellos.<\/p>\n<p>Las aportaciones tanto personales como econ\u00f3micas de los campesinos de la villa y el impulso de la Mancomunidad Catalana hicieron posible la construcci\u00f3n del Celler Cooperatiu.<\/p>\n\t\t\t\t\t\t\t\t<\/div>\n\t\t\t\t<\/div>\n\t\t\t\t\t<\/div>\n\t\t<\/div>\n\t\t\t\t\t<\/div>\n\t\t<\/section>\n\t\t\t\t<section data-particle_enable=\"false\" data-particle-mobile-disabled=\"false\" class=\"elementor-section elementor-top-section elementor-element elementor-element-6d7387e elementor-section-boxed elementor-section-height-default elementor-section-height-default\" data-id=\"6d7387e\" data-element_type=\"section\" data-e-type=\"section\">\n\t\t\t\t\t\t<div class=\"elementor-container elementor-column-gap-default\">\n\t\t\t\t\t<div class=\"elementor-column elementor-col-100 elementor-top-column elementor-element elementor-element-d360530\" data-id=\"d360530\" data-element_type=\"column\" data-e-type=\"column\">\n\t\t\t<div class=\"elementor-widget-wrap elementor-element-populated\">\n\t\t\t\t\t\t<div class=\"elementor-element elementor-element-8432da5 elementor-widget elementor-widget-text-editor\" data-id=\"8432da5\" data-element_type=\"widget\" data-e-type=\"widget\" data-widget_type=\"text-editor.default\">\n\t\t\t\t<div class=\"elementor-widget-container\">\n\t\t\t\t\t\t\t\t\t<p>C\u00e8sar Martinell y Brunet (1888 &#8211; 1973) fue un arquitecto catal\u00e1n disc\u00edpulo de Gaud\u00ed, con obras a caballo del modernismo y el novocentismo.<\/p>\n<p>En 1916, a punto de licenciarse como arquitecto, comenz\u00f3 a trabajar con Joan Rubi\u00f3 mientras formaba parte del c\u00edrculo del arquitecto Antoni Gaud\u00ed, que se hab\u00eda retirado al Templo Expiatorio de la Sagrada Familia. <\/p>\n<p>Fue por aquella \u00e9poca que fue el arquitecto de la Cooperativa Falset Mar\u00e7\u00e0, y de otras Cooperativas que forman la ruta de las Bodegas Modernistas.<\/p>\n<p>\u00c0ngel Guimer\u00e0 las bautiz\u00f3 como las catedrales del vino, y no hay mejor manera de describirlas.<\/p>\n\t\t\t\t\t\t\t\t<\/div>\n\t\t\t\t<\/div>\n\t\t\t\t\t<\/div>\n\t\t<\/div>\n\t\t\t\t\t<\/div>\n\t\t<\/section>\n\t\t\t\t<\/div>\n\t\t","protected":false},"excerpt":{"rendered":"<p>Catedral del Vino Una joya arquitect\u00f3nica a caballo del modernismo y el novocentismo. El ladrillo visto, la piedra, el rebozado y la cer\u00e1mica se conjugan para conseguir una est\u00e9tica caracter\u00edstica y unas formas impactantes. Grandes arcadas de inspiraci\u00f3n cl\u00e1sica, mucha luz en los interiores y todos los detalles tecnol\u00f3gicos de la \u00e9poca aplicados a la [&hellip;]<\/p>\n","protected":false},"author":1,"featured_media":0,"parent":0,"menu_order":0,"comment_status":"closed","ping_status":"closed","template":"elementor_header_footer","meta":{"footnotes":""},"class_list":["post-7602","page","type-page","status-publish","hentry"],"aioseo_notices":[],"_links":{"self":[{"href":"https:\/\/www.etim.cat\/es\/wp-json\/wp\/v2\/pages\/7602","targetHints":{"allow":["GET"]}}],"collection":[{"href":"https:\/\/www.etim.cat\/es\/wp-json\/wp\/v2\/pages"}],"about":[{"href":"https:\/\/www.etim.cat\/es\/wp-json\/wp\/v2\/types\/page"}],"author":[{"embeddable":true,"href":"https:\/\/www.etim.cat\/es\/wp-json\/wp\/v2\/users\/1"}],"replies":[{"embeddable":true,"href":"https:\/\/www.etim.cat\/es\/wp-json\/wp\/v2\/comments?post=7602"}],"version-history":[{"count":6,"href":"https:\/\/www.etim.cat\/es\/wp-json\/wp\/v2\/pages\/7602\/revisions"}],"predecessor-version":[{"id":13516,"href":"https:\/\/www.etim.cat\/es\/wp-json\/wp\/v2\/pages\/7602\/revisions\/13516"}],"wp:attachment":[{"href":"https:\/\/www.etim.cat\/es\/wp-json\/wp\/v2\/media?parent=7602"}],"curies":[{"name":"wp","href":"https:\/\/api.w.org\/{rel}","templated":true}]}}