{"id":7596,"date":"2022-03-24T15:52:41","date_gmt":"2022-03-24T14:52:41","guid":{"rendered":"https:\/\/www.etim.cat\/aviso-legal\/"},"modified":"2023-06-28T11:52:20","modified_gmt":"2023-06-28T09:52:20","slug":"aviso-legal","status":"publish","type":"page","link":"https:\/\/www.etim.cat\/es\/aviso-legal\/","title":{"rendered":"Aviso legal"},"content":{"rendered":"\t\t<div data-elementor-type=\"wp-post\" data-elementor-id=\"7596\" class=\"elementor elementor-7596\" data-elementor-post-type=\"page\">\n\t\t\t\t\t\t<section data-particle_enable=\"false\" data-particle-mobile-disabled=\"false\" class=\"elementor-section elementor-top-section elementor-element elementor-element-d90a7d3 elementor-section-boxed elementor-section-height-default elementor-section-height-default\" data-id=\"d90a7d3\" data-element_type=\"section\" data-e-type=\"section\">\n\t\t\t\t\t\t<div class=\"elementor-container elementor-column-gap-default\">\n\t\t\t\t\t<div class=\"elementor-column elementor-col-100 elementor-top-column elementor-element elementor-element-87ce861\" data-id=\"87ce861\" data-element_type=\"column\" data-e-type=\"column\">\n\t\t\t<div class=\"elementor-widget-wrap elementor-element-populated\">\n\t\t\t\t\t\t<div class=\"elementor-element elementor-element-d223c11 elementor-widget elementor-widget-heading\" data-id=\"d223c11\" data-element_type=\"widget\" data-e-type=\"widget\" data-widget_type=\"heading.default\">\n\t\t\t\t<div class=\"elementor-widget-container\">\n\t\t\t\t\t<h1 class=\"elementor-heading-title elementor-size-default\">Aviso legal<\/h1>\t\t\t\t<\/div>\n\t\t\t\t<\/div>\n\t\t\t\t<div class=\"elementor-element elementor-element-2cc2a6d elementor-widget elementor-widget-text-editor\" data-id=\"2cc2a6d\" data-element_type=\"widget\" data-e-type=\"widget\" data-widget_type=\"text-editor.default\">\n\t\t\t\t<div class=\"elementor-widget-container\">\n\t\t\t\t\t\t\t\t\t<p>Este Aviso legal tiene por objetivo regular el uso de este sitio web, que Agr\u00edcola Falset-Mar\u00e7\u00e0 y Secci\u00f3n de Cr\u00e9dito, AFALMA, SCCL pone a disposici\u00f3n de los posibles compradores.<\/p>\n<p>Agr\u00edcola Falset-Mar\u00e7\u00e0 y Secci\u00f3n de Cr\u00e9dito, AFALMA, SCCL, responsable del sitio web, pone a disposici\u00f3n de los usuarios esta informaci\u00f3n, con la que pretende dar cumplimiento a las obligaciones dispuestas en la Ley 34\/2002, de 11 de julio, de Servicios de la Sociedad de la Informaci\u00f3n y de Comercio Electr\u00f3nico (LSSICE), BOE N\u00ba 166, as\u00ed como informar a todos los usuarios del sitio web sobre las condiciones de uso.<\/p>\n<p>Cualquier persona que acceda a este sitio web asume el papel de usuario, comprometi\u00e9ndose a la observancia y cumplimiento de las disposiciones aqu\u00ed dispuestas, as\u00ed como a cualquier otra disposici\u00f3n legal que fuera de aplicaci\u00f3n.<\/p>\n<p>Agr\u00edcola Falset-Mar\u00e7\u00e0 y Secci\u00f3n de Cr\u00e9dito, AFALMA, SCCL se reserva el derecho a modificar cualquier tipo de informaci\u00f3n que pudiera aparecer en el sitio web, sin que exista obligaci\u00f3n de pre-avisar o poner en conocimiento de los usuarios estas obligaciones, entendi\u00e9ndose como suficiente la publicaci\u00f3n en el sitio web de Agr\u00edcola Falset-Mar\u00e7\u00e0 y Secci\u00f3n de Cr\u00e9dito, AFALMA, SCCL. <\/p>\n<h4> <\/h4>\n<p><strong>IDENTIDAD DEL SITIO WEB<\/strong><\/p>\n<p>Nombre del dominio: www.etim.cat<\/p>\n<p>Nombre comercial: Cooperativa Falset Mar\u00e7\u00e0 <\/p>\n<p>Denominaci\u00f3n social: Agr\u00edcola Falset-Mar\u00e7\u00e0 y Secci\u00f3n de Cr\u00e9dito, AFALMA, SCCL <\/p>\n<p>NIF: F43011766<\/p>\n<p>Domicilio social: C\/ Miquel Barcel\u00f3, 31 &#8211; Falset 43730 <\/p>\n<p>Tel\u00e9fono: 977830105 a\/e: info@etim.cat<\/p>\n<p><strong>PROPIEDAD INTELECTUAL Y INDUSTRIAL<\/strong><\/p>\n<p>El sitio web, incluyendo, a t\u00edtulo enunciativo, pero no limitativo, su programaci\u00f3n, edici\u00f3n, compilaci\u00f3n y otros elementos necesarios para su funcionamiento, los dise\u00f1os, logotipos, texto y gr\u00e1ficos, son propiedad de Agr\u00edcola Falset-Mar\u00e7\u00e0 y Secci\u00f3n de Cr\u00e9dito, AFALMA, SCCL o bien \u00e9sta dispone de licencia o autorizaci\u00f3n expresa por parte de los autores. Todos los contenidos del sitio web se encuentran debidamente protegidos por la normativa de propiedad intelectual e industrial, as\u00ed como inscritos en los registros p\u00fablicos correspondientes.<\/p>\n<p>Independientemente de la finalidad a la que fueran destinados, la reproducci\u00f3n total o parcial, uso, explotaci\u00f3n, distribuci\u00f3n y comercializaci\u00f3n, requiere en todo caso de la autorizaci\u00f3n escrita previa por parte del Agr\u00edcola Falset-Mar\u00e7\u00e0 y Secci\u00f3n de Cr\u00e9dito, AFALMA, SCCL. Cualquier uso no autorizado previamente se considera un incumplimiento grave de los derechos de propiedad intelectual o industrial del autor.<\/p>\n<p>Los dise\u00f1os, logotipos, texto y gr\u00e1ficos ajenos a Agr\u00edcola Falset-Mar\u00e7\u00e0 y Secci\u00f3n de Cr\u00e9dito, AFALMA, SCCL que pudieran aparecer en el sitio web, pertenecen a sus respectivos propietarios, siendo ellos mismos responsables de cualquier posible controversia que pudiera suscitar respecto a los mismos. Agr\u00edcola Falset-Mar\u00e7\u00e0 y Secci\u00f3n de Cr\u00e9dito, AFALMA, SCCL autoriza expresamente a que terceros puedan redirigir directamente a los contenidos concretos del sitio web, y en todo caso redirigir al sitio web principal de www.etim.cat.<\/p>\n<p>Agr\u00edcola Falset-Mar\u00e7\u00e0 y Secci\u00f3n de Cr\u00e9dito, AFALMA, SCCL reconoce a favor de sus titulares los correspondientes derechos de propiedad intelectual e industrial, pero su sola menci\u00f3n o aparici\u00f3n en el sitio web no implica la existencia de derechos o responsabilidad sobre los mismos, como tampoco apoyo, patrocinio o recomendaci\u00f3n por su parte.<\/p>\n<p>Para realizar cualquier tipo de observaci\u00f3n respecto a posibles incumplimientos de los derechos de propiedad intelectual o industrial, as\u00ed como sobre cualquiera de los contenidos del sitio web, es necesario hacerlo a trav\u00e9s de la direcci\u00f3n electr\u00f3nica info@etim.cat. <\/p>\n<p><strong>REGIMEN DE RESPONSABILIDADES<\/strong><\/p>\n<p>Agr\u00edcola Falset-Mar\u00e7\u00e0 y Secci\u00f3n de Cr\u00e9dito, AFALMA, SCCL se exime de cualquier tipo de responsabilidad derivada de la informaci\u00f3n publicada en su sitio web siempre que esta informaci\u00f3n haya sido manipulada o introducida por un tercero ajeno a la misma.<\/p>\n<p><strong>Uso de Galletas (Cookies)<\/strong><\/p>\n<p>Este sitio web puede utilizar cookies t\u00e9cnicas (peque\u00f1os archivos de informaci\u00f3n que el servidor env\u00eda al ordenador de quien accede a la p\u00e1gina) para llevar a cabo determinadas funciones que son consideradas imprescindibles para el correcto funcionamiento y visualizaci\u00f3n del sitio. Las cookies usadas tienen, en todo caso, car\u00e1cter temporal, con la \u00fanica finalidad de hacer m\u00e1s eficaz la navegaci\u00f3n, y desaparecen al acabar la sesi\u00f3n del usuario. En ning\u00fan caso, estas cookies proporcionan por s\u00ed mismos datos de car\u00e1cter personal y no se usar\u00e1n para su recogida.<\/p>\n<p>Mediante el uso de cookies tambi\u00e9n es posible que el servidor donde se encuentra la web reconozca el navegador usado por el usuario con la finalidad de que la navegaci\u00f3n sea m\u00e1s sencilla, permitiendo, por ejemplo, el acceso de los usuarios, que se han registrado previamente, en las \u00e1reas, servicios, promociones o concursos reservados exclusivamente a ellos sin tener que registrarse en cada visita. Tambi\u00e9n se pueden usar para medir la audiencia, par\u00e1metros de tr\u00e1fico, controlar el progreso y n\u00famero de entradas, etc., siendo en este caso cookies prescindibles t\u00e9cnicamente pero beneficiosas para el usuario. Este sitio web no instalar\u00e1 cookies prescindibles sin el consentimiento previo del usuario.<\/p>\n<p>El usuario tiene la posibilidad de configurar su navegador para ser alertado de la recepci\u00f3n de cookies y para impedir la instalaci\u00f3n en su equipo. Consulte las instrucciones de su navegador para ampliar esta informaci\u00f3n.<\/p>\n<p><strong>Pol\u00edtica de enlaces.<\/strong><\/p>\n<p>Desde el sitio web, es posible que se redirija a contenidos de terceros sitios web. Dado que Agr\u00edcola Falset-Mar\u00e7\u00e0 y Secci\u00f3n de Cr\u00e9dito, AFALMA, SCCL no puede controlar siempre los contenidos introducidos por terceros en sus respectivos sitios web, no asume ning\u00fan tipo de responsabilidad respecto a estos contenidos. En todo caso, proceder\u00e1 a la retirada inmediata de cualquier contenido que pudiera contravenir la legislaci\u00f3n nacional o internacional, la moral o el orden p\u00fablico, y a la retirada inmediata de la redirecci\u00f3n a este sitio web, poniendo en conocimiento de las autoridades competentes el contenido en cuesti\u00f3n.<\/p>\n<p>Agr\u00edcola Falset-Mar\u00e7\u00e0 y Secci\u00f3n de Cr\u00e9dito, AFALMA, SCCL no se hace responsable de la informaci\u00f3n y contenidos almacenados, a t\u00edtulo enunciativo, pero no limitativo, en foros, chats, generadores de blogs, comentarios, redes sociales o cualquier otro medio que permita a terceros publicar contenidos de forma independiente en la p\u00e1gina web de Agr\u00edcola Falset-Mar\u00e7\u00e0 y Secci\u00f3n de Cr\u00e9dito, AFALMA, SCCL. No obstante, y en cumplimiento de lo dispuesto en los art\u00edculos 11 y 16 de la LSSICE, se pone a disposici\u00f3n de todos los usuarios, autoridades y fuerzas de seguridad, colaborando de manera activa en la retirada o, en su caso, bloqueo de todos aquellos contenidos que puedan afectar o contravenir a la legislaci\u00f3n nacional o internacional, los derechos de terceros o la moral y el orden p\u00fablico. En caso de que el usuario considere que hay en el sitio web alg\u00fan contenido que pudiera ser susceptible de esta clasificaci\u00f3n, se pide que lo haga saber de forma inmediata al administrador del sitio web.<\/p>\n<p><strong>Direcciones IP<\/strong><\/p>\n<p>Los servidores del sitio web podr\u00e1n detectar de manera autom\u00e1tica la direcci\u00f3n IP y el nombre de dominio utilizados por el usuario. Una direcci\u00f3n IP es un n\u00famero asignado autom\u00e1ticamente a un ordenador cuando \u00e9ste se conecta a Internet. Toda esta informaci\u00f3n es registrada en un fichero de actividad del servidor debidamente inscrito que permite el posterior procesamiento de los datos con la finalidad de obtener medidas \u00fanicamente estad\u00edsticas que permitan conocer el n\u00famero de impresiones de p\u00e1ginas, el n\u00famero de visitas realizadas a los servidores web, el orden de visitas, el punto de acceso, etc. <\/p>\n<p><strong>Responsabilidad para el funcionamiento de la web<\/strong><\/p>\n<p>Este sitio web ha sido revisado y probado para que funcione correctamente. En principio, puede garantizar el correcto funcionamiento todos los d\u00edas del a\u00f1o, 24 horas al d\u00eda. No obstante, Agr\u00edcola Falset-Mar\u00e7\u00e0 y Secci\u00f3n de Cr\u00e9dito, AFALMA, SCCL no descarta la posibilidad de que existan ciertos errores de programaci\u00f3n, o que se conviertan en causas de fuerza mayor, cat\u00e1strofes naturales, huelgas o circunstancias parecidas que hagan imposible el acceso a la p\u00e1gina web.<\/p>\n<p>Agr\u00edcola Falset-Mar\u00e7\u00e0 y Secci\u00f3n de Cr\u00e9dito, AFALMA, SCCL excluye cualquier responsabilidad que se pueda derivar de interferencias, omisiones, interrupciones, virus inform\u00e1ticos, aver\u00edas telef\u00f3nicas o desconexiones en el funcionamiento operativo del sistema inform\u00e1tico, motivado por causas ajenas a ella.<\/p>\n<p>Asimismo, Agr\u00edcola Falset-Mar\u00e7\u00e0 y Secci\u00f3n de Cr\u00e9dito, AFALMA, SCCL excluye cualquier responsabilidad que pudiera derivarse por retrasos o bloqueos en el funcionamiento operativo de este sistema inform\u00e1tico causado por deficiencias o sobrecarga en las l\u00edneas telef\u00f3nicas o en Internet, as\u00ed como de da\u00f1os causados por terceras personas mediante intromisiones ilegales fuera del control de Agr\u00edcola Falset-Mar\u00e7\u00e0 y Secci\u00f3n de Cr\u00e9dito, AFALMA, SCCL.<\/p>\n<p>Agr\u00edcola Falset-Mar\u00e7\u00e0 y Secci\u00f3n de Cr\u00e9dito, AFALMA, SCCL est\u00e1 facultada para suspender temporalmente, y sin previo aviso, la accesibilidad al sitio web por motivos de operaciones de mantenimiento, reparaci\u00f3n, actualizaci\u00f3n o mejora.<\/p>\n<p><strong>Responsabilidad para el uso del sitio Web<\/strong><\/p>\n<p>El usuario es el \u00fanico responsable de las infracciones en que pueda incurrir o de los perjuicios que pueda causar por la utilizaci\u00f3n del sitio web.<\/p>\n<p>El usuario es el \u00fanico responsable ante cualquier reclamaci\u00f3n o acci\u00f3n legal, judicial o extrajudicial, iniciada por terceras personas contra Agr\u00edcola Falset-Mar\u00e7\u00e0 y Secci\u00f3n de Cr\u00e9dito, AFALMA, SCCL basada en la utilizaci\u00f3n por parte del usuario del sitio web. En su caso, el usuario asumir\u00e1 todos los gastos, costes e indemnizaciones que sean reclamados a Agr\u00edcola Falset-Mar\u00e7\u00e0 y Secci\u00f3n de Cr\u00e9dito, AFALMA, SCCL.<\/p>\n<p><strong>LEGISLACI\u00d3N APLICABLE Y COMPETENCIA JURISDICCIONAL<\/strong><\/p>\n<p>Agr\u00edcola Falset-Mar\u00e7\u00e0 y Secci\u00f3n de Cr\u00e9dito, AFALMA, SCCL conoce la legislaci\u00f3n vigente con respecto al env\u00edo de productos en el \u00e1mbito del Estado Espa\u00f1ol.<\/p>\n<p>Estas condiciones generales se interpretar\u00e1n conforme a la legislaci\u00f3n vigente en la materia en el Estado espa\u00f1ol, que se aplicar\u00e1 subsidiariamente en todo aquello que no se haya previsto en este Aviso legal (esencialmente lo previsto en la ley 34\/2002 de 11 de julio de Servicios de la Sociedad de la Informaci\u00f3n y de Comercio Electr\u00f3nico (LSSICE)). <\/p>\n<p>En el supuesto de que surja cualquier discrepancia en la interpretaci\u00f3n o aplicaci\u00f3n de estas condiciones, ambas partes se someten a los Juzgados y Tribunales de Falset (Espa\u00f1a) con renuncia expresa a cualquier otro fuero.<\/p>\n<p><strong>POL\u00cdTICA DE LOS DATOS PERSONALES OBTENIDOS A TRAV\u00c9S DEL SITIO WEB<\/strong><\/p>\n<p>Cualquier Usuario que facilite sus datos de car\u00e1cter personal est\u00e1 autorizando expresamente a Agr\u00edcola Falset-Mar\u00e7\u00e0 y Secci\u00f3n de Cr\u00e9dito, AFALMA, SCCL a tratar sus datos personales para las finalidades que se indiquen. Agr\u00edcola Falset-Mar\u00e7\u00e0 y Secci\u00f3n de Cr\u00e9dito, AFALMA, SCCL se compromete a cumplir con el deber secreto de estos datos, as\u00ed como a tratarlos con confidencialidad, asumiendo las medidas necesarias para evitar su alteraci\u00f3n, p\u00e9rdida, tratamiento o acceso no autorizado, tal como se recoge en la Ley Org\u00e1nica 15\/1999, de 13 de diciembre, de Protecci\u00f3n de Datos de Car\u00e1cter Personal, al Real Decreto 994\/1999, de 11 de junio y en sus normas de desarrollo.<\/p>\n<p>El Usuario o su representante podr\u00e1 ejercitar sus derechos de acceso, rectificaci\u00f3n, cancelaci\u00f3n u oposici\u00f3n, mediante solicitud escrita y firmada dirigida a la direcci\u00f3n info@etim.cat o a trav\u00e9s de los medios que se indiquen en cada caso.<\/p>\n<p><strong>A trav\u00e9s de Cookies<\/strong><\/p>\n<p>Este sitio web utiliza cookies. Las cookies son peque\u00f1os ficheros de datos que se generan en el ordenador del Usuario y que nos permiten conocer la siguiente informaci\u00f3n:<\/p>\n<p>La fecha y la hora de la \u00faltima vez que el usuario visit\u00f3 nuestro sitio web.<\/p>\n<p>El dise\u00f1o de contenidos que el Usuario eligi\u00f3 en su primera vista en nuestro sitio web.<\/p>\n<p>Elementos de seguridad que intervienen en el control de acceso a las \u00e1reas restringidas.<\/p>\n<p>N\u00famero de visitas, p\u00e1ginas vistas, direcci\u00f3n IP, etc, para la elaboraci\u00f3n de estad\u00edsticas agregadas e informes para el mantenimiento y mejora de nuestra web.<\/p>\n<p>La medida se lleva a cabo tanto por herramientas internas como a trav\u00e9s de las herramientas de terceros. (Google Analytics).<\/p>\n<p>El usuario tiene la opci\u00f3n de impedir la generaci\u00f3n de cookies mediante la selecci\u00f3n de la correspondiente opci\u00f3n a su programa navegador.<\/p>\n<p>En ning\u00fan caso recoger\u00e1n informaci\u00f3n personal ni de identificaci\u00f3n. Esta informaci\u00f3n an\u00f3nima podr\u00e1 ser utilizada para establecer las preferencias de marketing de nuestros usuarios y ofrecer as\u00ed publicidad sobre productos y servicios de su inter\u00e9s.<\/p>\n<p><strong>MODIFICACIONES DE LAS CONDICIONES DE USO DE LA WEB<\/strong><\/p>\n<p>Agr\u00edcola Falset-Mar\u00e7\u00e0 y Secci\u00f3n de Cr\u00e9dito, AFALMA, SCCL se reserva el derecho a modificar, ampliar o actualizar en cualquier momento y sin notificaci\u00f3n previa, el Aviso legal de este sitio web. El usuario quedar\u00e1 obligado autom\u00e1ticamente por el Aviso legal que est\u00e9 vigente en el momento en que acceda al sitio web, por lo que ser\u00e1 necesario que lea peri\u00f3dicamente este Aviso legal.<\/p>\n\t\t\t\t\t\t\t\t<\/div>\n\t\t\t\t<\/div>\n\t\t\t\t\t<\/div>\n\t\t<\/div>\n\t\t\t\t\t<\/div>\n\t\t<\/section>\n\t\t\t\t<\/div>\n\t\t","protected":false},"excerpt":{"rendered":"<p>Aviso legal Este Aviso legal tiene por objetivo regular el uso de este sitio web, que Agr\u00edcola Falset-Mar\u00e7\u00e0 y Secci\u00f3n de Cr\u00e9dito, AFALMA, SCCL pone a disposici\u00f3n de los posibles compradores. Agr\u00edcola Falset-Mar\u00e7\u00e0 y Secci\u00f3n de Cr\u00e9dito, AFALMA, SCCL, responsable del sitio web, pone a disposici\u00f3n de los usuarios esta informaci\u00f3n, con la que pretende [&hellip;]<\/p>\n","protected":false},"author":1,"featured_media":0,"parent":0,"menu_order":0,"comment_status":"closed","ping_status":"closed","template":"elementor_header_footer","meta":{"footnotes":""},"class_list":["post-7596","page","type-page","status-publish","hentry"],"aioseo_notices":[],"_links":{"self":[{"href":"https:\/\/www.etim.cat\/es\/wp-json\/wp\/v2\/pages\/7596","targetHints":{"allow":["GET"]}}],"collection":[{"href":"https:\/\/www.etim.cat\/es\/wp-json\/wp\/v2\/pages"}],"about":[{"href":"https:\/\/www.etim.cat\/es\/wp-json\/wp\/v2\/types\/page"}],"author":[{"embeddable":true,"href":"https:\/\/www.etim.cat\/es\/wp-json\/wp\/v2\/users\/1"}],"replies":[{"embeddable":true,"href":"https:\/\/www.etim.cat\/es\/wp-json\/wp\/v2\/comments?post=7596"}],"version-history":[{"count":2,"href":"https:\/\/www.etim.cat\/es\/wp-json\/wp\/v2\/pages\/7596\/revisions"}],"predecessor-version":[{"id":13511,"href":"https:\/\/www.etim.cat\/es\/wp-json\/wp\/v2\/pages\/7596\/revisions\/13511"}],"wp:attachment":[{"href":"https:\/\/www.etim.cat\/es\/wp-json\/wp\/v2\/media?parent=7596"}],"curies":[{"name":"wp","href":"https:\/\/api.w.org\/{rel}","templated":true}]}}